{"id":1170,"date":"2025-05-16T11:14:52","date_gmt":"2025-05-16T09:14:52","guid":{"rendered":"https:\/\/emmapuxan.com\/politica-de-cookies\/"},"modified":"2025-05-16T12:02:00","modified_gmt":"2025-05-16T10:02:00","slug":"politica-de-cookies","status":"publish","type":"page","link":"https:\/\/emmapuxan.com\/ca\/politica-de-cookies\/","title":{"rendered":"Politica de Cookies"},"content":{"rendered":"<h1>Politica de cookies<\/h1>\n<div>\n<p>QU\u00c8 S\u00d3N LES COOKIES I COM LES USA emmapuxan.com?<\/p>\n<p>La web emmapuxan.com, pel seu propi compte o la d&#8217;un tercer contractat per a la prestaci\u00f3 de serveis de mesurament, pot utilitzar cookies quan un usuari navega per la web. Les cookies s\u00f3n fitxers enviats al navegador per mitj\u00e0 d&#8217;un servidor web amb la finalitat de registrar les activitats de l&#8217;usuari durant el seu temps de navegaci\u00f3.<\/p>\n<p>Mitjan\u00e7ant l&#8217;\u00fas de les cookies resulta possible que el servidor on es troba la web, reconegui el navegador web utilitzat per l&#8217;usuari amb la finalitat que la navegaci\u00f3 sigui m\u00e9s senzilla, permetent, per exemple, l&#8217;acc\u00e9s als usuaris que s&#8217;hagin registrat pr\u00e8viament, accedir a les \u00e0rees, serveis, promocions o concursos reservats exclusivament a ells sense haver de registrar-se en cada visita. S&#8217;utilitzen tamb\u00e9 per a mesurar l&#8217;audi\u00e8ncia i par\u00e0metres del tr\u00e0nsit, controlar el progr\u00e9s i nombre d&#8217;entrades.<\/p>\n<p>Garanties sobre l&#8217;\u00fas de les cookies<\/p>\n<p>Les cookies utilitzades pel lloc web s&#8217;associen \u00fanicament amb usuaris an\u00f2nims i el seu ordinador i no proporcionen per si mateixes dades personals sobre els usuaris.<\/p>\n<p>Algunes cookies s\u00f3n utilitzades per tercers (ex. Google) per a facilitar a emmapuxan.com dades sobre l&#8217;efectivitat de les seves publicacions. En cap cas les cookies recapten informaci\u00f3 personal amb la qual es pugui identificar a un usuari en espec\u00edfic.<\/p>\n<p>Les cookies utilitzades en la web tenen, en tot cas, car\u00e0cter temporal, amb l&#8217;\u00fanica finalitat de fer m\u00e9s efica\u00e7 la seva transmissi\u00f3 ulterior. Cap de les cookies utilitzades en la web tindr\u00e0 un per\u00edode de vig\u00e8ncia superior a dos anys.<\/p>\n<p>Els usuaris tenen la possibilitat de configurar el seu navegador per a ser avisats de la recepci\u00f3 de cookies i per a impedir la instal\u00b7laci\u00f3 en el seu equip.<\/p>\n<p>L&#8217;usuari, en eliminar les cookies d&#8217;emmapuxan.com o deshabilitar-les, s&#8217;exposa a no poder accedir a determinades funcionalitats de la web.<\/p>\n<p>Per a utilitzar la web, no resulta necessari que els usuaris permetin la instal\u00b7laci\u00f3 de les cookies, sense perjudici que sigui necessari que els mateixos inici\u00efn sessi\u00f3 com a tal en cadascun dels serveis la prestaci\u00f3 dels quals requereixi el previ registre o inici de sessi\u00f3.<\/p>\n<p>QUINS TIPUS DE COOKIES USA EMMAPUXAN.COM?<\/p>\n<p>emmapuxan.com utilitza 2 tipus de cookies:<\/p>\n<p>Cookies pr\u00f2pies de sessi\u00f3 i personalitzaci\u00f3<br \/>Quan l&#8217;usuari est\u00e0 navegant, el lloc web recordar\u00e0 les seves prefer\u00e8ncies (per exemple, la seva ubicaci\u00f3 o l&#8217;idioma de prefer\u00e8ncia). Gr\u00e0cies a aquestes cookies \u00e9s possible oferir una experi\u00e8ncia de navegaci\u00f3 m\u00e9s simple, senzilla i personalitzada per als usuaris.<\/p>\n<p>Cookies de tercers per a an\u00e0lisis<br \/>La web www.emmapuxan.com utilitza cookies de Google Analytics per a quantificar el nombre d&#8217;usuaris que visiten la web. Aquestes cookies permeten mesurar i analitzar la forma en qu\u00e8 els usuaris naveguen per la web. Aquesta informaci\u00f3 ens permet millorar cont\u00ednuament les nostres propostes i serveis que oferim a l&#8217;usuari . Per a obtenir m\u00e9s informaci\u00f3, pots consultar la p\u00e0gina de privacitat de Google Analytics: https:\/\/developers.google.com\/analytics\/devguides\/collection\/analyticsjs\/cookie-usage<\/p>\n<p>QU\u00c8 OCORRE AMB ELS ENLLA\u00c7OS A ALTRES P\u00c0GINES WEB?<\/p>\n<p>La web pot contenir enlla\u00e7os a altres llocs web, amb pol\u00edtiques de privacitat diferents a la de www.emmapuxan.com. En aquest sentit, Emma Puxan no es fan responsable del contingut o pr\u00e0ctiques dels llocs enlla\u00e7ats. Emma Puxan recomanen als usuaris de la web que revisin la pol\u00edtica de privacitat de qualsevol lloc web al qual puguin accedir a trav\u00e9s d&#8217;emmapuxan.com.<\/p>\n<p>COM RECOPILA I USA emmapuxan.com LES ADRECES IP?<\/p>\n<p>Els servidors de la web podran detectar de manera autom\u00e0tica l&#8217;adre\u00e7a IP i el nom de domini utilitzats pels usuaris.<\/p>\n<p>Una adre\u00e7a IP \u00e9s un n\u00famero assignat autom\u00e0ticament a un ordinador quan aquest es connecta a Internet. Aquesta informaci\u00f3 permet el posterior processament de les dades amb la finalitat d&#8217;obtenir mesuraments \u00fanicament estad\u00edstics que permetin con\u00e8ixer el nombre de visites realitzades a la web, l&#8217;ordre de visites, el punt d&#8217;acc\u00e9s, etc.<\/p>\n<\/div>\n<p><!--more--><br \/>\n<!-- {\"type\":\"layout\",\"children\":[{\"type\":\"section\",\"props\":{\"divider_height\":\"120\",\"divider_layers_gap\":\"5\",\"divider_layers_opacity\":\"0.5\",\"divider_position\":\"top\",\"divider_responsive\":true,\"divider_shadow_blur_radius\":\"5\",\"divider_shadow_color\":\"#00000080\",\"divider_shadow_offset_x\":\"0\",\"divider_shadow_offset_y\":\"5\",\"divider_width\":\"100\",\"header_transparent\":true,\"height_viewport\":600,\"image\":\"wp-content\\\/uploads\\\/2025\\\/05\\\/cab-ondas2.jpg\",\"image_position\":\"center-center\",\"image_size\":\"cover\",\"media_overlay\":\"rgba(0, 0, 0, 0.15)\",\"padding\":\"large\",\"padding_custom_bottom\":\"70\",\"padding_custom_top\":\"70\",\"padding_remove_top\":false,\"style\":\"default\",\"style_custom_color\":\"#ccc\",\"text_color\":\"light\",\"title_breakpoint\":\"xl\",\"title_position\":\"top-left\",\"title_rotation\":\"left\",\"vertical_align\":\"middle\",\"width\":\"small\"},\"children\":[{\"type\":\"row\",\"children\":[{\"type\":\"column\",\"props\":{\"image_position\":\"center-center\",\"position_sticky_breakpoint\":\"m\"},\"children\":[{\"type\":\"headline\",\"props\":{\"content\":\"Politica de cookies\",\"title_element\":\"h1\"}}]}]}]},{\"type\":\"section\",\"props\":{\"divider_color_inherit_section\":true,\"divider_height\":\"120\",\"divider_layers_gap\":\"5\",\"divider_layers_opacity\":\"0.5\",\"divider_position\":\"top-outside\",\"divider_responsive\":true,\"divider_shadow_blur_radius\":\"5\",\"divider_shadow_color\":\"#00000080\",\"divider_shadow_offset_x\":\"0\",\"divider_shadow_offset_y\":\"5\",\"divider_shape\":\"blob-2\",\"divider_width\":\"100\",\"image_position\":\"center-center\",\"padding_custom_bottom\":\"70\",\"padding_custom_top\":\"70\",\"style\":\"default\",\"style_custom_color\":\"#ccc\",\"title_breakpoint\":\"xl\",\"title_position\":\"top-left\",\"title_rotation\":\"left\",\"vertical_align\":\"middle\",\"width\":\"small\"},\"children\":[{\"type\":\"row\",\"children\":[{\"type\":\"column\",\"props\":{\"image_position\":\"center-center\",\"position_sticky_breakpoint\":\"m\"},\"children\":[{\"type\":\"text\",\"props\":{\"column_breakpoint\":\"m\",\"content\":\"\n\n<p>QU\\u00c8 S\\u00d3N LES COOKIES I COM LES USA emmapuxan.com?<\\\/p>\\n\n\n<p>La web emmapuxan.com, pel seu propi compte o la d'un tercer contractat per a la prestaci\\u00f3 de serveis de mesurament, pot utilitzar cookies quan un usuari navega per la web. Les cookies s\\u00f3n fitxers enviats al navegador per mitj\\u00e0 d'un servidor web amb la finalitat de registrar les activitats de l'usuari durant el seu temps de navegaci\\u00f3.<\\\/p>\\n\n\n<p>Mitjan\\u00e7ant l'\\u00fas de les cookies resulta possible que el servidor on es troba la web, reconegui el navegador web utilitzat per l'usuari amb la finalitat que la navegaci\\u00f3 sigui m\\u00e9s senzilla, permetent, per exemple, l'acc\\u00e9s als usuaris que s'hagin registrat pr\\u00e8viament, accedir a les \\u00e0rees, serveis, promocions o concursos reservats exclusivament a ells sense haver de registrar-se en cada visita. S'utilitzen tamb\\u00e9 per a mesurar l'audi\\u00e8ncia i par\\u00e0metres del tr\\u00e0nsit, controlar el progr\\u00e9s i nombre d'entrades.<\\\/p>\\n\n\n<p>Garanties sobre l'\\u00fas de les cookies<\\\/p>\\n\n\n<p>Les cookies utilitzades pel lloc web s'associen \\u00fanicament amb usuaris an\\u00f2nims i el seu ordinador i no proporcionen per si mateixes dades personals sobre els usuaris.<\\\/p>\\n\n\n<p>Algunes cookies s\\u00f3n utilitzades per tercers (ex. Google) per a facilitar a emmapuxan.com dades sobre l'efectivitat de les seves publicacions. En cap cas les cookies recapten informaci\\u00f3 personal amb la qual es pugui identificar a un usuari en espec\\u00edfic.<\\\/p>\\n\n\n<p>Les cookies utilitzades en la web tenen, en tot cas, car\\u00e0cter temporal, amb l'\\u00fanica finalitat de fer m\\u00e9s efica\\u00e7 la seva transmissi\\u00f3 ulterior. Cap de les cookies utilitzades en la web tindr\\u00e0 un per\\u00edode de vig\\u00e8ncia superior a dos anys.<\\\/p>\\n\n\n<p>Els usuaris tenen la possibilitat de configurar el seu navegador per a ser avisats de la recepci\\u00f3 de cookies i per a impedir la instal\\u00b7laci\\u00f3 en el seu equip.<\\\/p>\\n\n\n<p>L'usuari, en eliminar les cookies d'emmapuxan.com o deshabilitar-les, s'exposa a no poder accedir a determinades funcionalitats de la web.<\\\/p>\\n\n\n<p>Per a utilitzar la web, no resulta necessari que els usuaris permetin la instal\\u00b7laci\\u00f3 de les cookies, sense perjudici que sigui necessari que els mateixos inici\\u00efn sessi\\u00f3 com a tal en cadascun dels serveis la prestaci\\u00f3 dels quals requereixi el previ registre o inici de sessi\\u00f3.<\\\/p>\\n\n\n<p>QUINS TIPUS DE COOKIES USA EMMAPUXAN.COM?<\\\/p>\\n\n\n<p>emmapuxan.com utilitza 2 tipus de cookies:<\\\/p>\\n\n\n<p>Cookies pr\\u00f2pies de sessi\\u00f3 i personalitzaci\\u00f3<br \\\/>Quan l'usuari est\\u00e0 navegant, el lloc web recordar\\u00e0 les seves prefer\\u00e8ncies (per exemple, la seva ubicaci\\u00f3 o l'idioma de prefer\\u00e8ncia). Gr\\u00e0cies a aquestes cookies \\u00e9s possible oferir una experi\\u00e8ncia de navegaci\\u00f3 m\\u00e9s simple, senzilla i personalitzada per als usuaris.<\\\/p>\\n\n\n<p>Cookies de tercers per a an\\u00e0lisis<br \\\/>La web www.emmapuxan.com utilitza cookies de Google Analytics per a quantificar el nombre d'usuaris que visiten la web. Aquestes cookies permeten mesurar i analitzar la forma en qu\\u00e8 els usuaris naveguen per la web. Aquesta informaci\\u00f3 ens permet millorar cont\\u00ednuament les nostres propostes i serveis que oferim a l'usuari . Per a obtenir m\\u00e9s informaci\\u00f3, pots consultar la p\\u00e0gina de privacitat de Google Analytics: https:\\\/\\\/developers.google.com\\\/analytics\\\/devguides\\\/collection\\\/analyticsjs\\\/cookie-usage<\\\/p>\\n\n\n<p>QU\\u00c8 OCORRE AMB ELS ENLLA\\u00c7OS A ALTRES P\\u00c0GINES WEB?<\\\/p>\\n\n\n<p>La web pot contenir enlla\\u00e7os a altres llocs web, amb pol\\u00edtiques de privacitat diferents a la de www.emmapuxan.com. En aquest sentit, Emma Puxan no es fan responsable del contingut o pr\\u00e0ctiques dels llocs enlla\\u00e7ats. Emma Puxan recomanen als usuaris de la web que revisin la pol\\u00edtica de privacitat de qualsevol lloc web al qual puguin accedir a trav\\u00e9s d'emmapuxan.com.<\\\/p>\\n\n\n<p>COM RECOPILA I USA emmapuxan.com LES ADRECES IP?<\\\/p>\\n\n\n<p>Els servidors de la web podran detectar de manera autom\\u00e0tica l'adre\\u00e7a IP i el nom de domini utilitzats pels usuaris.<\\\/p>\\n\n\n<p>Una adre\\u00e7a IP \\u00e9s un n\\u00famero assignat autom\\u00e0ticament a un ordinador quan aquest es connecta a Internet. Aquesta informaci\\u00f3 permet el posterior processament de les dades amb la finalitat d'obtenir mesuraments \\u00fanicament estad\\u00edstics que permetin con\\u00e8ixer el nombre de visites realitzades a la web, l'ordre de visites, el punt d'acc\\u00e9s, etc.<\\\/p>\",\"margin\":\"default\"}}]}]},{\"type\":\"row\",\"children\":[{\"type\":\"column\",\"props\":{\"image_position\":\"center-center\",\"position_sticky_breakpoint\":\"m\"}}]}]}],\"version\":\"4.5.13\"} --><\/p>\n","protected":false},"excerpt":{"rendered":"<p>Politica de cookies QU\u00c8 S\u00d3N LES COOKIES I COM LES USA emmapuxan.com? La web emmapuxan.com, pel seu propi compte o la d&#8217;un tercer contractat per a la prestaci\u00f3 de serveis de mesurament, pot utilitzar cookies quan un usuari navega per la web. Les cookies s\u00f3n fitxers enviats al navegador per mitj\u00e0 d&#8217;un servidor web amb [&hellip;]<\/p>\n","protected":false},"author":1,"featured_media":0,"parent":0,"menu_order":0,"comment_status":"closed","ping_status":"closed","template":"","meta":{"_joinchat":[],"footnotes":""},"class_list":["post-1170","page","type-page","status-publish","hentry"],"yoast_head":"<!-- This site is optimized with the Yoast SEO plugin v25.3 - https:\/\/yoast.com\/wordpress\/plugins\/seo\/ -->\n<title>Politica de Cookies - EMMA PUXAN<\/title>\n<meta name=\"robots\" content=\"index, follow, max-snippet:-1, max-image-preview:large, max-video-preview:-1\" \/>\n<link rel=\"canonical\" href=\"https:\/\/emmapuxan.com\/ca\/politica-de-cookies\/\" \/>\n<meta property=\"og:locale\" content=\"ca_ES\" \/>\n<meta property=\"og:type\" content=\"article\" \/>\n<meta property=\"og:title\" content=\"Politica de Cookies - EMMA PUXAN\" \/>\n<meta property=\"og:description\" content=\"Politica de cookies QU\u00c8 S\u00d3N LES COOKIES I COM LES USA emmapuxan.com? La web emmapuxan.com, pel seu propi compte o la d&#8217;un tercer contractat per a la prestaci\u00f3 de serveis de mesurament, pot utilitzar cookies quan un usuari navega per la web. Les cookies s\u00f3n fitxers enviats al navegador per mitj\u00e0 d&#8217;un servidor web amb [&hellip;]\" \/>\n<meta property=\"og:url\" content=\"https:\/\/emmapuxan.com\/ca\/politica-de-cookies\/\" \/>\n<meta property=\"og:site_name\" content=\"EMMA PUXAN\" \/>\n<meta property=\"article:modified_time\" content=\"2025-05-16T10:02:00+00:00\" \/>\n<meta property=\"og:image\" content=\"https:\/\/emmapuxan.com\/wp-content\/uploads\/2025\/05\/cab-ondas2.jpg\" \/>\n\t<meta property=\"og:image:width\" content=\"2400\" \/>\n\t<meta property=\"og:image:height\" content=\"1250\" \/>\n\t<meta property=\"og:image:type\" content=\"image\/jpeg\" \/>\n<meta name=\"twitter:card\" content=\"summary_large_image\" \/>\n<meta name=\"twitter:label1\" content=\"Temps estimat de lectura\" \/>\n\t<meta name=\"twitter:data1\" content=\"3 minuts\" \/>\n<script type=\"application\/ld+json\" class=\"yoast-schema-graph\">{\"@context\":\"https:\/\/schema.org\",\"@graph\":[{\"@type\":\"WebPage\",\"@id\":\"https:\/\/emmapuxan.com\/ca\/politica-de-cookies\/\",\"url\":\"https:\/\/emmapuxan.com\/ca\/politica-de-cookies\/\",\"name\":\"Politica de Cookies - EMMA PUXAN\",\"isPartOf\":{\"@id\":\"https:\/\/emmapuxan.com\/ca\/#website\"},\"datePublished\":\"2025-05-16T09:14:52+00:00\",\"dateModified\":\"2025-05-16T10:02:00+00:00\",\"breadcrumb\":{\"@id\":\"https:\/\/emmapuxan.com\/ca\/politica-de-cookies\/#breadcrumb\"},\"inLanguage\":\"ca\",\"potentialAction\":[{\"@type\":\"ReadAction\",\"target\":[\"https:\/\/emmapuxan.com\/ca\/politica-de-cookies\/\"]}]},{\"@type\":\"BreadcrumbList\",\"@id\":\"https:\/\/emmapuxan.com\/ca\/politica-de-cookies\/#breadcrumb\",\"itemListElement\":[{\"@type\":\"ListItem\",\"position\":1,\"name\":\"Portada\",\"item\":\"https:\/\/emmapuxan.com\/ca\/\"},{\"@type\":\"ListItem\",\"position\":2,\"name\":\"Politica de Cookies\"}]},{\"@type\":\"WebSite\",\"@id\":\"https:\/\/emmapuxan.com\/ca\/#website\",\"url\":\"https:\/\/emmapuxan.com\/ca\/\",\"name\":\"EMMA PUXAN PSICOTERAPIA\",\"description\":\"Psicoterapia en Girona\",\"publisher\":{\"@id\":\"https:\/\/emmapuxan.com\/ca\/#organization\"},\"alternateName\":\"Piscologia y psicoterapia Girona\",\"potentialAction\":[{\"@type\":\"SearchAction\",\"target\":{\"@type\":\"EntryPoint\",\"urlTemplate\":\"https:\/\/emmapuxan.com\/ca\/?s={search_term_string}\"},\"query-input\":{\"@type\":\"PropertyValueSpecification\",\"valueRequired\":true,\"valueName\":\"search_term_string\"}}],\"inLanguage\":\"ca\"},{\"@type\":\"Organization\",\"@id\":\"https:\/\/emmapuxan.com\/ca\/#organization\",\"name\":\"EMMA PUXAN\",\"alternateName\":\"Psicolog\u00eda & Psicoterapia\",\"url\":\"https:\/\/emmapuxan.com\/ca\/\",\"logo\":{\"@type\":\"ImageObject\",\"inLanguage\":\"ca\",\"@id\":\"https:\/\/emmapuxan.com\/ca\/#\/schema\/logo\/image\/\",\"url\":\"https:\/\/emmapuxan.com\/wp-content\/uploads\/2025\/05\/icon-touch_emma.png\",\"contentUrl\":\"https:\/\/emmapuxan.com\/wp-content\/uploads\/2025\/05\/icon-touch_emma.png\",\"width\":297,\"height\":297,\"caption\":\"EMMA PUXAN\"},\"image\":{\"@id\":\"https:\/\/emmapuxan.com\/ca\/#\/schema\/logo\/image\/\"}}]}<\/script>\n<!-- \/ Yoast SEO plugin. -->","yoast_head_json":{"title":"Politica de Cookies - EMMA PUXAN","robots":{"index":"index","follow":"follow","max-snippet":"max-snippet:-1","max-image-preview":"max-image-preview:large","max-video-preview":"max-video-preview:-1"},"canonical":"https:\/\/emmapuxan.com\/ca\/politica-de-cookies\/","og_locale":"ca_ES","og_type":"article","og_title":"Politica de Cookies - EMMA PUXAN","og_description":"Politica de cookies QU\u00c8 S\u00d3N LES COOKIES I COM LES USA emmapuxan.com? La web emmapuxan.com, pel seu propi compte o la d&#8217;un tercer contractat per a la prestaci\u00f3 de serveis de mesurament, pot utilitzar cookies quan un usuari navega per la web. Les cookies s\u00f3n fitxers enviats al navegador per mitj\u00e0 d&#8217;un servidor web amb [&hellip;]","og_url":"https:\/\/emmapuxan.com\/ca\/politica-de-cookies\/","og_site_name":"EMMA PUXAN","article_modified_time":"2025-05-16T10:02:00+00:00","og_image":[{"width":2400,"height":1250,"url":"https:\/\/emmapuxan.com\/wp-content\/uploads\/2025\/05\/cab-ondas2.jpg","type":"image\/jpeg"}],"twitter_card":"summary_large_image","twitter_misc":{"Temps estimat de lectura":"3 minuts"},"schema":{"@context":"https:\/\/schema.org","@graph":[{"@type":"WebPage","@id":"https:\/\/emmapuxan.com\/ca\/politica-de-cookies\/","url":"https:\/\/emmapuxan.com\/ca\/politica-de-cookies\/","name":"Politica de Cookies - EMMA PUXAN","isPartOf":{"@id":"https:\/\/emmapuxan.com\/ca\/#website"},"datePublished":"2025-05-16T09:14:52+00:00","dateModified":"2025-05-16T10:02:00+00:00","breadcrumb":{"@id":"https:\/\/emmapuxan.com\/ca\/politica-de-cookies\/#breadcrumb"},"inLanguage":"ca","potentialAction":[{"@type":"ReadAction","target":["https:\/\/emmapuxan.com\/ca\/politica-de-cookies\/"]}]},{"@type":"BreadcrumbList","@id":"https:\/\/emmapuxan.com\/ca\/politica-de-cookies\/#breadcrumb","itemListElement":[{"@type":"ListItem","position":1,"name":"Portada","item":"https:\/\/emmapuxan.com\/ca\/"},{"@type":"ListItem","position":2,"name":"Politica de Cookies"}]},{"@type":"WebSite","@id":"https:\/\/emmapuxan.com\/ca\/#website","url":"https:\/\/emmapuxan.com\/ca\/","name":"EMMA PUXAN PSICOTERAPIA","description":"Psicoterapia en Girona","publisher":{"@id":"https:\/\/emmapuxan.com\/ca\/#organization"},"alternateName":"Piscologia y psicoterapia Girona","potentialAction":[{"@type":"SearchAction","target":{"@type":"EntryPoint","urlTemplate":"https:\/\/emmapuxan.com\/ca\/?s={search_term_string}"},"query-input":{"@type":"PropertyValueSpecification","valueRequired":true,"valueName":"search_term_string"}}],"inLanguage":"ca"},{"@type":"Organization","@id":"https:\/\/emmapuxan.com\/ca\/#organization","name":"EMMA PUXAN","alternateName":"Psicolog\u00eda & Psicoterapia","url":"https:\/\/emmapuxan.com\/ca\/","logo":{"@type":"ImageObject","inLanguage":"ca","@id":"https:\/\/emmapuxan.com\/ca\/#\/schema\/logo\/image\/","url":"https:\/\/emmapuxan.com\/wp-content\/uploads\/2025\/05\/icon-touch_emma.png","contentUrl":"https:\/\/emmapuxan.com\/wp-content\/uploads\/2025\/05\/icon-touch_emma.png","width":297,"height":297,"caption":"EMMA PUXAN"},"image":{"@id":"https:\/\/emmapuxan.com\/ca\/#\/schema\/logo\/image\/"}}]}},"_links":{"self":[{"href":"https:\/\/emmapuxan.com\/ca\/wp-json\/wp\/v2\/pages\/1170","targetHints":{"allow":["GET"]}}],"collection":[{"href":"https:\/\/emmapuxan.com\/ca\/wp-json\/wp\/v2\/pages"}],"about":[{"href":"https:\/\/emmapuxan.com\/ca\/wp-json\/wp\/v2\/types\/page"}],"author":[{"embeddable":true,"href":"https:\/\/emmapuxan.com\/ca\/wp-json\/wp\/v2\/users\/1"}],"replies":[{"embeddable":true,"href":"https:\/\/emmapuxan.com\/ca\/wp-json\/wp\/v2\/comments?post=1170"}],"version-history":[{"count":2,"href":"https:\/\/emmapuxan.com\/ca\/wp-json\/wp\/v2\/pages\/1170\/revisions"}],"predecessor-version":[{"id":1183,"href":"https:\/\/emmapuxan.com\/ca\/wp-json\/wp\/v2\/pages\/1170\/revisions\/1183"}],"wp:attachment":[{"href":"https:\/\/emmapuxan.com\/ca\/wp-json\/wp\/v2\/media?parent=1170"}],"curies":[{"name":"wp","href":"https:\/\/api.w.org\/{rel}","templated":true}]}}