{"id":1177,"date":"2025-05-16T11:45:19","date_gmt":"2025-05-16T09:45:19","guid":{"rendered":"https:\/\/emmapuxan.com\/politica-de-privacitat-2\/"},"modified":"2025-05-16T12:00:41","modified_gmt":"2025-05-16T10:00:41","slug":"politica-de-privacitat-2","status":"publish","type":"page","link":"https:\/\/emmapuxan.com\/ca\/politica-de-privacitat-2\/","title":{"rendered":"Politica de privacitat"},"content":{"rendered":"<h1>Politica de privacitat<\/h1>\n<div>\n<p><strong>QUI \u00c9S EL RESPONSABLE DEL TRACTAMENT DE LES SEVES DADES?<\/strong><\/p>\n<p>El responsables del tractament de les dades \u00e9s Emma Puxan, prove\u00eft amb NIE 40361336Q, les seves dades de contacte s\u00f3n els seg\u00fcents:<\/p>\n<p>\u2022 Adre\u00e7a postal: Carrer del Mestre Francesc Civil, 8, 17005 Girona<br \/>\u2022 Tel\u00e8fon: +34 660 66 22 53<br \/>\u2022 Correu electr\u00f2nic: info@emmapuxan.com<\/p>\n<p><strong>QUIN TIPUS D&#8217;INFORMACI\u00d3 PERSONAL RECOPILA EMMAPUXAN.COM?<\/strong><\/p>\n<p>Emma Puxan a trav\u00e9s de la web www.emmapuxan.com poden recopilar la seg\u00fcent informaci\u00f3 personal dels usuaris de la p\u00e0gina web www.emmapuxan.com a trav\u00e9s dels formularis corresponents: nom i adre\u00e7a de correu electr\u00f2nic.<\/p>\n<p><strong>AMB QUINA FINALITAT TRACTEM LES DADES PERSONALS?<\/strong><\/p>\n<p>Les dades personals de l&#8217;interessat seran tractats amb les seg\u00fcents finalitats segons apliquin:<br \/>\u2022 Mantenir contacte amb els seus interessats per motiu de consultes sobre les activitats que s&#8217;anuncien en la web.<br \/>\u2022 Gestionar i enviar informaci\u00f3 sobre promocions exclusives, \u00faltimes novetats i informaci\u00f3 personalitzada si s&#8217;ha subscrit a la nostra llista de contactes per a rebre el nostre butllet\u00ed informatiu.<br \/>\u2022 Respondre a l&#8217;exercici dels drets ARC+ (acc\u00e9s, rectificaci\u00f3, cancel\u00b7laci\u00f3 i oposici\u00f3), aix\u00ed com a consultes i reclamacions.<\/p>\n<p><strong>PER QUANT TEMPS CONSERVAREM LES DADES?<\/strong><\/p>\n<p>Emma Puxan guardar\u00e0 les dades personals nom\u00e9s durant el per\u00edode de temps que sigui raonablement necessari tenint en compte les necessitats de donar resposta a q\u00fcestions que es plantegin o resoldre problemes, realitzar millores i complir els requisits que exigeixi la legislaci\u00f3 aplicable.<\/p>\n<p><strong>QU\u00c8 ENS LEGITIMA PER A TRACTAR LES DADES?<\/strong><\/p>\n<p>Emma Puxan tenen les seg\u00fcents bases leg\u00edtimes per a poder tractar les dades personals:<\/p>\n<p>Consentiment<br \/>En relaci\u00f3 amb les seg\u00fcents finalitats la base legal del tractament de les dades personals de l&#8217;interessat ser\u00e0 el consentiment d&#8217;aquest, en cas d&#8217;haver estat prestat: Gesti\u00f3 de l&#8217;enviament d&#8217;informaci\u00f3 sobre promocions exclusives, \u00faltimes novetats i informaci\u00f3 personalitzada. Resposta a l&#8217;exercici de drets ARC+ (acc\u00e9s, rectificaci\u00f3, cancel\u00b7laci\u00f3 i oposici\u00f3), consultes i reclamacions per part de l&#8217;interessat.<\/p>\n<p><strong>A QUINS DESTINATARIS PODEM COMUNICAR LES DADES?<\/strong><\/p>\n<p>Les dades personals de l&#8217;interessat NO seran cedits\/comunicats en cap cas a tercers per a comunicacions comercials, publicit\u00e0ries o de cap mena. Emma Puxan no ven ni col\u00b7labora cedint en cap cas dades de clients a tercers.<\/p>\n<p><strong>QUINS S\u00d3N ELS SEUS DRETS EN RELACI\u00d3 AMB LES DADES PERSONALS?<\/strong><\/p>\n<p>Li corresponen els seg\u00fcents drets que poden ser exercitats a trav\u00e9s de l&#8217;adre\u00e7a de correu electr\u00f2nic info@emmapuxan.com:<\/p>\n<p>Dret d&#8217;acc\u00e9s\u2028<br \/>T\u00e9 dret a obtenir confirmaci\u00f3 sobre si en www.emmapuxan.com estem tractant dades personals que el concerneixen, o no, aix\u00ed com a accedir a les dades personals que Emma Puxan disposi de vost\u00e8.<\/p>\n<p>Dret de rectificaci\u00f3\u2028\u2028<br \/>T\u00e9 dret a sol\u00b7licitar que Emma Puxan rectifiqui les dades personals quan siguin inexactes o que es completin quan siguin incomplets.<\/p>\n<p>Dret de supressi\u00f3\/dret a l&#8217;oblit<br \/>Pot sol\u00b7licitar-nos que les dades personals siguin suprimits quan, entre altres motius, les dades ja no siguin necessaris per als fins que van ser recollits.<\/p>\n<p>Dret de limitaci\u00f3<br \/>T\u00e9 dret a sol\u00b7licitar la limitaci\u00f3 del tractament de les dades, i en aquest cas \u00fanicament els conservarem per a l&#8217;exercici o defensa de reclamacions.<\/p>\n<p>Dret de portabilitat\u2028<br \/>T\u00e9 dret a rebre les dades personals en un format estructurat, d&#8217;\u00fas com\u00fa i lectura mec\u00e0nica, i a transmetre&#8217;ls a un altre responsable quan el tractament es basi en el consentiment o en un contracte, i s&#8217;efectu\u00ef per mitjans automatitzats.<\/p>\n<p>Dret d&#8217;oposici\u00f3\u2028<br \/>Pot oposar-se que les dades personals siguin objecte d&#8217;un tractament basat en l&#8217;inter\u00e8s p\u00fablic o leg\u00edtim perseguits per Emma Puxan, inclosa l&#8217;elaboraci\u00f3 de perfils. En tal cas, Emma Puxan deixar\u00e0 de tractar les dades, excepte per motius leg\u00edtims imperiosos o l&#8217;exercici o defensa de possibles reclamacions.<\/p>\n<p>Decisions individuals automatitzades\u2028<br \/>T\u00e9 dret a no ser objecte d&#8217;una decisi\u00f3 basada \u00fanicament en el tractament automatitzat, inclosa l&#8217;elaboraci\u00f3 de perfils, que produeixi efectes jur\u00eddics sobre vost\u00e8 o l&#8217;afecti significativament de mode similar.<\/p>\n<p>Dret a presentar una reclamaci\u00f3\u2028<br \/>T\u00e9 dret a presentar una reclamaci\u00f3 davant l&#8217;Ag\u00e8ncia Espanyola de Protecci\u00f3 de Dades. Per a tramitar la sol\u00b7licitud i exercir els seus drets, podrem demanar-li que acrediti la seva identitat.<\/p>\n<\/div>\n<p><!--more--><br \/>\n<!-- {\"type\":\"layout\",\"children\":[{\"type\":\"section\",\"props\":{\"divider_height\":\"120\",\"divider_layers_gap\":\"5\",\"divider_layers_opacity\":\"0.5\",\"divider_position\":\"top\",\"divider_responsive\":true,\"divider_shadow_blur_radius\":\"5\",\"divider_shadow_color\":\"#00000080\",\"divider_shadow_offset_x\":\"0\",\"divider_shadow_offset_y\":\"5\",\"divider_width\":\"100\",\"header_transparent\":true,\"height_viewport\":600,\"image\":\"wp-content\\\/uploads\\\/2025\\\/05\\\/cab-ondas2.jpg\",\"image_position\":\"center-center\",\"image_size\":\"cover\",\"media_overlay\":\"rgba(0, 0, 0, 0.15)\",\"padding\":\"large\",\"padding_custom_bottom\":\"70\",\"padding_custom_top\":\"70\",\"padding_remove_top\":false,\"style\":\"default\",\"style_custom_color\":\"#ccc\",\"text_color\":\"light\",\"title_breakpoint\":\"xl\",\"title_position\":\"top-left\",\"title_rotation\":\"left\",\"vertical_align\":\"middle\",\"width\":\"small\"},\"children\":[{\"type\":\"row\",\"children\":[{\"type\":\"column\",\"props\":{\"image_position\":\"center-center\",\"position_sticky_breakpoint\":\"m\"},\"children\":[{\"type\":\"headline\",\"props\":{\"content\":\"Politica de privacitat\",\"title_element\":\"h1\"}}]}]}]},{\"type\":\"section\",\"props\":{\"divider_color_inherit_section\":true,\"divider_height\":\"120\",\"divider_layers_gap\":\"5\",\"divider_layers_opacity\":\"0.5\",\"divider_position\":\"top-outside\",\"divider_responsive\":true,\"divider_shadow_blur_radius\":\"5\",\"divider_shadow_color\":\"#00000080\",\"divider_shadow_offset_x\":\"0\",\"divider_shadow_offset_y\":\"5\",\"divider_shape\":\"blob-2\",\"divider_width\":\"100\",\"image_position\":\"center-center\",\"padding_custom_bottom\":\"70\",\"padding_custom_top\":\"70\",\"style\":\"default\",\"style_custom_color\":\"#ccc\",\"title_breakpoint\":\"xl\",\"title_position\":\"top-left\",\"title_rotation\":\"left\",\"vertical_align\":\"middle\",\"width\":\"small\"},\"children\":[{\"type\":\"row\",\"children\":[{\"type\":\"column\",\"props\":{\"image_position\":\"center-center\",\"position_sticky_breakpoint\":\"m\"},\"children\":[{\"type\":\"text\",\"props\":{\"column_breakpoint\":\"m\",\"content\":\"\n\n<p><strong>QUI \\u00c9S EL RESPONSABLE DEL TRACTAMENT DE LES SEVES DADES?<\\\/strong><\\\/p>\\n\n\n<p>El responsables del tractament de les dades \\u00e9s Emma Puxan, prove\\u00eft amb NIE 40361336Q, les seves dades de contacte s\\u00f3n els seg\\u00fcents:<\\\/p>\\n\n\n<p>\\u2022 Adre\\u00e7a postal: Carrer del Mestre Francesc Civil, 8, 17005 Girona<br \\\/>\\u2022 Tel\\u00e8fon: +34 660 66 22 53<br \\\/>\\u2022 Correu electr\\u00f2nic: info@emmapuxan.com<\\\/p>\\n\n\n<p><strong>QUIN TIPUS D'INFORMACI\\u00d3 PERSONAL RECOPILA EMMAPUXAN.COM?<\\\/strong><\\\/p>\\n\n\n<p>Emma Puxan a trav\\u00e9s de la web www.emmapuxan.com poden recopilar la seg\\u00fcent informaci\\u00f3 personal dels usuaris de la p\\u00e0gina web www.emmapuxan.com a trav\\u00e9s dels formularis corresponents: nom i adre\\u00e7a de correu electr\\u00f2nic.<\\\/p>\\n\n\n<p><strong>AMB QUINA FINALITAT TRACTEM LES DADES PERSONALS?<\\\/strong><\\\/p>\\n\n\n<p>Les dades personals de l'interessat seran tractats amb les seg\\u00fcents finalitats segons apliquin:<br \\\/>\\u2022 Mantenir contacte amb els seus interessats per motiu de consultes sobre les activitats que s'anuncien en la web.<br \\\/>\\u2022 Gestionar i enviar informaci\\u00f3 sobre promocions exclusives, \\u00faltimes novetats i informaci\\u00f3 personalitzada si s'ha subscrit a la nostra llista de contactes per a rebre el nostre butllet\\u00ed informatiu.<br \\\/>\\u2022 Respondre a l'exercici dels drets ARC+ (acc\\u00e9s, rectificaci\\u00f3, cancel\\u00b7laci\\u00f3 i oposici\\u00f3), aix\\u00ed com a consultes i reclamacions.<\\\/p>\\n\n\n<p><strong>PER QUANT TEMPS CONSERVAREM LES DADES?<\\\/strong><\\\/p>\\n\n\n<p>Emma Puxan guardar\\u00e0 les dades personals nom\\u00e9s durant el per\\u00edode de temps que sigui raonablement necessari tenint en compte les necessitats de donar resposta a q\\u00fcestions que es plantegin o resoldre problemes, realitzar millores i complir els requisits que exigeixi la legislaci\\u00f3 aplicable.<\\\/p>\\n\n\n<p><strong>QU\\u00c8 ENS LEGITIMA PER A TRACTAR LES DADES?<\\\/strong><\\\/p>\\n\n\n<p>Emma Puxan tenen les seg\\u00fcents bases leg\\u00edtimes per a poder tractar les dades personals:<\\\/p>\\n\n\n<p>Consentiment<br \\\/>En relaci\\u00f3 amb les seg\\u00fcents finalitats la base legal del tractament de les dades personals de l'interessat ser\\u00e0 el consentiment d'aquest, en cas d'haver estat prestat: Gesti\\u00f3 de l'enviament d'informaci\\u00f3 sobre promocions exclusives, \\u00faltimes novetats i informaci\\u00f3 personalitzada. Resposta a l'exercici de drets ARC+ (acc\\u00e9s, rectificaci\\u00f3, cancel\\u00b7laci\\u00f3 i oposici\\u00f3), consultes i reclamacions per part de l'interessat.<\\\/p>\\n\n\n<p><strong>A QUINS DESTINATARIS PODEM COMUNICAR LES DADES?<\\\/strong><\\\/p>\\n\n\n<p>Les dades personals de l'interessat NO seran cedits\\\/comunicats en cap cas a tercers per a comunicacions comercials, publicit\\u00e0ries o de cap mena. Emma Puxan no ven ni col\\u00b7labora cedint en cap cas dades de clients a tercers.<\\\/p>\\n\n\n<p><strong>QUINS S\\u00d3N ELS SEUS DRETS EN RELACI\\u00d3 AMB LES DADES PERSONALS?<\\\/strong><\\\/p>\\n\n\n<p>Li corresponen els seg\\u00fcents drets que poden ser exercitats a trav\\u00e9s de l'adre\\u00e7a de correu electr\\u00f2nic info@emmapuxan.com:<\\\/p>\\n\n\n<p>Dret d'acc\\u00e9s\\u2028<br \\\/>T\\u00e9 dret a obtenir confirmaci\\u00f3 sobre si en www.emmapuxan.com estem tractant dades personals que el concerneixen, o no, aix\\u00ed com a accedir a les dades personals que Emma Puxan disposi de vost\\u00e8.<\\\/p>\\n\n\n<p>Dret de rectificaci\\u00f3\\u2028\\u2028<br \\\/>T\\u00e9 dret a sol\\u00b7licitar que Emma Puxan rectifiqui les dades personals quan siguin inexactes o que es completin quan siguin incomplets.<\\\/p>\\n\n\n<p>Dret de supressi\\u00f3\\\/dret a l'oblit<br \\\/>Pot sol\\u00b7licitar-nos que les dades personals siguin suprimits quan, entre altres motius, les dades ja no siguin necessaris per als fins que van ser recollits.<\\\/p>\\n\n\n<p>Dret de limitaci\\u00f3<br \\\/>T\\u00e9 dret a sol\\u00b7licitar la limitaci\\u00f3 del tractament de les dades, i en aquest cas \\u00fanicament els conservarem per a l'exercici o defensa de reclamacions.<\\\/p>\\n\n\n<p>Dret de portabilitat\\u2028<br \\\/>T\\u00e9 dret a rebre les dades personals en un format estructurat, d'\\u00fas com\\u00fa i lectura mec\\u00e0nica, i a transmetre'ls a un altre responsable quan el tractament es basi en el consentiment o en un contracte, i s'efectu\\u00ef per mitjans automatitzats.<\\\/p>\\n\n\n<p>Dret d'oposici\\u00f3\\u2028<br \\\/>Pot oposar-se que les dades personals siguin objecte d'un tractament basat en l'inter\\u00e8s p\\u00fablic o leg\\u00edtim perseguits per Emma Puxan, inclosa l'elaboraci\\u00f3 de perfils. En tal cas, Emma Puxan deixar\\u00e0 de tractar les dades, excepte per motius leg\\u00edtims imperiosos o l'exercici o defensa de possibles reclamacions.<\\\/p>\\n\n\n<p>Decisions individuals automatitzades\\u2028<br \\\/>T\\u00e9 dret a no ser objecte d'una decisi\\u00f3 basada \\u00fanicament en el tractament automatitzat, inclosa l'elaboraci\\u00f3 de perfils, que produeixi efectes jur\\u00eddics sobre vost\\u00e8 o l'afecti significativament de mode similar.<\\\/p>\\n\n\n<p>Dret a presentar una reclamaci\\u00f3\\u2028<br \\\/>T\\u00e9 dret a presentar una reclamaci\\u00f3 davant l'Ag\\u00e8ncia Espanyola de Protecci\\u00f3 de Dades. Per a tramitar la sol\\u00b7licitud i exercir els seus drets, podrem demanar-li que acrediti la seva identitat.<\\\/p>\",\"margin\":\"default\"}}]}]},{\"type\":\"row\",\"children\":[{\"type\":\"column\",\"props\":{\"image_position\":\"center-center\",\"position_sticky_breakpoint\":\"m\"}}]}]}],\"version\":\"4.5.13\"} --><\/p>\n","protected":false},"excerpt":{"rendered":"<p>Politica de privacitat QUI \u00c9S EL RESPONSABLE DEL TRACTAMENT DE LES SEVES DADES? El responsables del tractament de les dades \u00e9s Emma Puxan, prove\u00eft amb NIE 40361336Q, les seves dades de contacte s\u00f3n els seg\u00fcents: \u2022 Adre\u00e7a postal: Carrer del Mestre Francesc Civil, 8, 17005 Girona\u2022 Tel\u00e8fon: +34 660 66 22 53\u2022 Correu electr\u00f2nic: info@emmapuxan.com [&hellip;]<\/p>\n","protected":false},"author":1,"featured_media":0,"parent":0,"menu_order":0,"comment_status":"closed","ping_status":"closed","template":"","meta":{"_joinchat":[],"footnotes":""},"class_list":["post-1177","page","type-page","status-publish","hentry"],"yoast_head":"<!-- This site is optimized with the Yoast SEO plugin v25.3 - https:\/\/yoast.com\/wordpress\/plugins\/seo\/ -->\n<title>Politica de privacitat - EMMA PUXAN<\/title>\n<meta name=\"robots\" content=\"index, follow, max-snippet:-1, max-image-preview:large, max-video-preview:-1\" \/>\n<link rel=\"canonical\" href=\"https:\/\/emmapuxan.com\/ca\/politica-de-privacitat-2\/\" \/>\n<meta property=\"og:locale\" content=\"ca_ES\" \/>\n<meta property=\"og:type\" content=\"article\" \/>\n<meta property=\"og:title\" content=\"Politica de privacitat - EMMA PUXAN\" \/>\n<meta property=\"og:description\" content=\"Politica de privacitat QUI \u00c9S EL RESPONSABLE DEL TRACTAMENT DE LES SEVES DADES? El responsables del tractament de les dades \u00e9s Emma Puxan, prove\u00eft amb NIE 40361336Q, les seves dades de contacte s\u00f3n els seg\u00fcents: \u2022 Adre\u00e7a postal: Carrer del Mestre Francesc Civil, 8, 17005 Girona\u2022 Tel\u00e8fon: +34 660 66 22 53\u2022 Correu electr\u00f2nic: info@emmapuxan.com [&hellip;]\" \/>\n<meta property=\"og:url\" content=\"https:\/\/emmapuxan.com\/ca\/politica-de-privacitat-2\/\" \/>\n<meta property=\"og:site_name\" content=\"EMMA PUXAN\" \/>\n<meta property=\"article:modified_time\" content=\"2025-05-16T10:00:41+00:00\" \/>\n<meta property=\"og:image\" content=\"https:\/\/emmapuxan.com\/wp-content\/uploads\/2025\/05\/cab-ondas2.jpg\" \/>\n\t<meta property=\"og:image:width\" content=\"2400\" \/>\n\t<meta property=\"og:image:height\" content=\"1250\" \/>\n\t<meta property=\"og:image:type\" content=\"image\/jpeg\" \/>\n<meta name=\"twitter:card\" content=\"summary_large_image\" \/>\n<meta name=\"twitter:label1\" content=\"Temps estimat de lectura\" \/>\n\t<meta name=\"twitter:data1\" content=\"3 minuts\" \/>\n<script type=\"application\/ld+json\" class=\"yoast-schema-graph\">{\"@context\":\"https:\/\/schema.org\",\"@graph\":[{\"@type\":\"WebPage\",\"@id\":\"https:\/\/emmapuxan.com\/ca\/politica-de-privacitat-2\/\",\"url\":\"https:\/\/emmapuxan.com\/ca\/politica-de-privacitat-2\/\",\"name\":\"Politica de privacitat - EMMA PUXAN\",\"isPartOf\":{\"@id\":\"https:\/\/emmapuxan.com\/ca\/#website\"},\"datePublished\":\"2025-05-16T09:45:19+00:00\",\"dateModified\":\"2025-05-16T10:00:41+00:00\",\"breadcrumb\":{\"@id\":\"https:\/\/emmapuxan.com\/ca\/politica-de-privacitat-2\/#breadcrumb\"},\"inLanguage\":\"ca\",\"potentialAction\":[{\"@type\":\"ReadAction\",\"target\":[\"https:\/\/emmapuxan.com\/ca\/politica-de-privacitat-2\/\"]}]},{\"@type\":\"BreadcrumbList\",\"@id\":\"https:\/\/emmapuxan.com\/ca\/politica-de-privacitat-2\/#breadcrumb\",\"itemListElement\":[{\"@type\":\"ListItem\",\"position\":1,\"name\":\"Portada\",\"item\":\"https:\/\/emmapuxan.com\/ca\/\"},{\"@type\":\"ListItem\",\"position\":2,\"name\":\"Politica de privacitat\"}]},{\"@type\":\"WebSite\",\"@id\":\"https:\/\/emmapuxan.com\/ca\/#website\",\"url\":\"https:\/\/emmapuxan.com\/ca\/\",\"name\":\"EMMA PUXAN PSICOTERAPIA\",\"description\":\"Psicoterapia en Girona\",\"publisher\":{\"@id\":\"https:\/\/emmapuxan.com\/ca\/#organization\"},\"alternateName\":\"Piscologia y psicoterapia Girona\",\"potentialAction\":[{\"@type\":\"SearchAction\",\"target\":{\"@type\":\"EntryPoint\",\"urlTemplate\":\"https:\/\/emmapuxan.com\/ca\/?s={search_term_string}\"},\"query-input\":{\"@type\":\"PropertyValueSpecification\",\"valueRequired\":true,\"valueName\":\"search_term_string\"}}],\"inLanguage\":\"ca\"},{\"@type\":\"Organization\",\"@id\":\"https:\/\/emmapuxan.com\/ca\/#organization\",\"name\":\"EMMA PUXAN\",\"alternateName\":\"Psicolog\u00eda & Psicoterapia\",\"url\":\"https:\/\/emmapuxan.com\/ca\/\",\"logo\":{\"@type\":\"ImageObject\",\"inLanguage\":\"ca\",\"@id\":\"https:\/\/emmapuxan.com\/ca\/#\/schema\/logo\/image\/\",\"url\":\"https:\/\/emmapuxan.com\/wp-content\/uploads\/2025\/05\/icon-touch_emma.png\",\"contentUrl\":\"https:\/\/emmapuxan.com\/wp-content\/uploads\/2025\/05\/icon-touch_emma.png\",\"width\":297,\"height\":297,\"caption\":\"EMMA PUXAN\"},\"image\":{\"@id\":\"https:\/\/emmapuxan.com\/ca\/#\/schema\/logo\/image\/\"}}]}<\/script>\n<!-- \/ Yoast SEO plugin. -->","yoast_head_json":{"title":"Politica de privacitat - EMMA PUXAN","robots":{"index":"index","follow":"follow","max-snippet":"max-snippet:-1","max-image-preview":"max-image-preview:large","max-video-preview":"max-video-preview:-1"},"canonical":"https:\/\/emmapuxan.com\/ca\/politica-de-privacitat-2\/","og_locale":"ca_ES","og_type":"article","og_title":"Politica de privacitat - EMMA PUXAN","og_description":"Politica de privacitat QUI \u00c9S EL RESPONSABLE DEL TRACTAMENT DE LES SEVES DADES? El responsables del tractament de les dades \u00e9s Emma Puxan, prove\u00eft amb NIE 40361336Q, les seves dades de contacte s\u00f3n els seg\u00fcents: \u2022 Adre\u00e7a postal: Carrer del Mestre Francesc Civil, 8, 17005 Girona\u2022 Tel\u00e8fon: +34 660 66 22 53\u2022 Correu electr\u00f2nic: info@emmapuxan.com [&hellip;]","og_url":"https:\/\/emmapuxan.com\/ca\/politica-de-privacitat-2\/","og_site_name":"EMMA PUXAN","article_modified_time":"2025-05-16T10:00:41+00:00","og_image":[{"width":2400,"height":1250,"url":"https:\/\/emmapuxan.com\/wp-content\/uploads\/2025\/05\/cab-ondas2.jpg","type":"image\/jpeg"}],"twitter_card":"summary_large_image","twitter_misc":{"Temps estimat de lectura":"3 minuts"},"schema":{"@context":"https:\/\/schema.org","@graph":[{"@type":"WebPage","@id":"https:\/\/emmapuxan.com\/ca\/politica-de-privacitat-2\/","url":"https:\/\/emmapuxan.com\/ca\/politica-de-privacitat-2\/","name":"Politica de privacitat - EMMA PUXAN","isPartOf":{"@id":"https:\/\/emmapuxan.com\/ca\/#website"},"datePublished":"2025-05-16T09:45:19+00:00","dateModified":"2025-05-16T10:00:41+00:00","breadcrumb":{"@id":"https:\/\/emmapuxan.com\/ca\/politica-de-privacitat-2\/#breadcrumb"},"inLanguage":"ca","potentialAction":[{"@type":"ReadAction","target":["https:\/\/emmapuxan.com\/ca\/politica-de-privacitat-2\/"]}]},{"@type":"BreadcrumbList","@id":"https:\/\/emmapuxan.com\/ca\/politica-de-privacitat-2\/#breadcrumb","itemListElement":[{"@type":"ListItem","position":1,"name":"Portada","item":"https:\/\/emmapuxan.com\/ca\/"},{"@type":"ListItem","position":2,"name":"Politica de privacitat"}]},{"@type":"WebSite","@id":"https:\/\/emmapuxan.com\/ca\/#website","url":"https:\/\/emmapuxan.com\/ca\/","name":"EMMA PUXAN PSICOTERAPIA","description":"Psicoterapia en Girona","publisher":{"@id":"https:\/\/emmapuxan.com\/ca\/#organization"},"alternateName":"Piscologia y psicoterapia Girona","potentialAction":[{"@type":"SearchAction","target":{"@type":"EntryPoint","urlTemplate":"https:\/\/emmapuxan.com\/ca\/?s={search_term_string}"},"query-input":{"@type":"PropertyValueSpecification","valueRequired":true,"valueName":"search_term_string"}}],"inLanguage":"ca"},{"@type":"Organization","@id":"https:\/\/emmapuxan.com\/ca\/#organization","name":"EMMA PUXAN","alternateName":"Psicolog\u00eda & Psicoterapia","url":"https:\/\/emmapuxan.com\/ca\/","logo":{"@type":"ImageObject","inLanguage":"ca","@id":"https:\/\/emmapuxan.com\/ca\/#\/schema\/logo\/image\/","url":"https:\/\/emmapuxan.com\/wp-content\/uploads\/2025\/05\/icon-touch_emma.png","contentUrl":"https:\/\/emmapuxan.com\/wp-content\/uploads\/2025\/05\/icon-touch_emma.png","width":297,"height":297,"caption":"EMMA PUXAN"},"image":{"@id":"https:\/\/emmapuxan.com\/ca\/#\/schema\/logo\/image\/"}}]}},"_links":{"self":[{"href":"https:\/\/emmapuxan.com\/ca\/wp-json\/wp\/v2\/pages\/1177","targetHints":{"allow":["GET"]}}],"collection":[{"href":"https:\/\/emmapuxan.com\/ca\/wp-json\/wp\/v2\/pages"}],"about":[{"href":"https:\/\/emmapuxan.com\/ca\/wp-json\/wp\/v2\/types\/page"}],"author":[{"embeddable":true,"href":"https:\/\/emmapuxan.com\/ca\/wp-json\/wp\/v2\/users\/1"}],"replies":[{"embeddable":true,"href":"https:\/\/emmapuxan.com\/ca\/wp-json\/wp\/v2\/comments?post=1177"}],"version-history":[{"count":3,"href":"https:\/\/emmapuxan.com\/ca\/wp-json\/wp\/v2\/pages\/1177\/revisions"}],"predecessor-version":[{"id":1181,"href":"https:\/\/emmapuxan.com\/ca\/wp-json\/wp\/v2\/pages\/1177\/revisions\/1181"}],"wp:attachment":[{"href":"https:\/\/emmapuxan.com\/ca\/wp-json\/wp\/v2\/media?parent=1177"}],"curies":[{"name":"wp","href":"https:\/\/api.w.org\/{rel}","templated":true}]}}