{"id":627,"date":"2025-04-15T22:07:08","date_gmt":"2025-04-15T20:07:08","guid":{"rendered":"https:\/\/emmapuxan.com\/acompanyament-cuidadors\/"},"modified":"2025-06-18T23:06:00","modified_gmt":"2025-06-18T21:06:00","slug":"acompanyament-cuidadors","status":"publish","type":"page","link":"https:\/\/emmapuxan.com\/ca\/acompanyament-cuidadors\/","title":{"rendered":"Acompanyament cuidadors"},"content":{"rendered":"<h1>Acompanyament a cuidador\/es professionals i no professionals<\/h1>\n<h2>L&#8217; Art d&#8217;acompanyar<\/h2>\n<div>\n<p>Tenir persones al c\u00e0rrec siguin de l\u2019edat que siguin, \u00e9s una tasca de gran responsabilitat i de gran complexitat alhora. Una tasca que compartida i amb la possibilitat de comentar all\u00f2 que ens genera dificultat, pot esdevenir molt m\u00e9s lleugera i plaent. \u00c9s per aix\u00f2 que\u2026<\/p>\n<\/div>\n<h3><em>T&#8217;acompanyo a acompanyar<\/em><\/h3>\n<div>\n<p><span>Tant si ets professional com familiar, la proximitat d\u2019estar al c\u00e0rrec d&#8217;alg\u00fa pot generar molts dubtes de COM intervenim en certs moments. Com actuo? On est\u00e0 el l\u00edmit? Qu\u00e8 no s\u00e9 gestionar? Qu\u00e8 m\u2019est\u00e0 afectant?<\/span><\/p>\n<p><span>Un espai per parlar de dificultats, trobar els nostres l\u00edmits i buscar estrat\u00e8gies que facin m\u00e9s f\u00e0cil la tasca<\/span><\/p>\n<\/div>\n<h4><em>Si vols m\u00e9s informaci\u00f3, contacta&#8217;m<\/em><\/h4>\n<p><p>\n        <a href=\"https:\/\/emmapuxan.com\/ca\/contacte\/\">CONTACTAR<\/a>\n    <\/p>\n<\/p>\n<p><!--more--><br \/>\n<!-- {\"type\":\"layout\",\"children\":[{\"type\":\"section\",\"props\":{\"divider_height\":\"120\",\"divider_layers_gap\":\"5\",\"divider_layers_opacity\":\"0.5\",\"divider_position\":\"top\",\"divider_responsive\":true,\"divider_shadow_blur_radius\":\"5\",\"divider_shadow_color\":\"#00000080\",\"divider_shadow_offset_x\":\"0\",\"divider_shadow_offset_y\":\"5\",\"divider_width\":\"100\",\"header_transparent\":true,\"height\":\"pixels\",\"height_viewport\":600,\"image\":\"wp-content\\\/uploads\\\/2025\\\/05\\\/cab-acompa-cuidadors.jpg\",\"image_position\":\"bottom-center\",\"image_size\":\"cover\",\"media_overlay\":\"rgba(0, 0, 0, 0.15)\",\"padding\":\"large\",\"padding_custom_bottom\":\"70\",\"padding_custom_top\":\"70\",\"style\":\"default\",\"style_custom_color\":\"#ccc\",\"text_color\":\"light\",\"title_breakpoint\":\"xl\",\"title_position\":\"top-left\",\"title_rotation\":\"left\",\"vertical_align\":\"middle\",\"width\":\"small\"},\"children\":[{\"type\":\"row\",\"children\":[{\"type\":\"column\",\"props\":{\"image_position\":\"center-center\",\"position_sticky_breakpoint\":\"m\"},\"children\":[{\"type\":\"headline\",\"props\":{\"content\":\"Acompanyament a cuidador\\\/es professionals i no professionals\",\"text_align\":\"center\",\"title_element\":\"h1\",\"title_style\":\"heading-medium\"}}]}]}],\"name\":\"CABECERA\"},{\"type\":\"section\",\"props\":{\"divider_color_inherit_section\":true,\"divider_flip\":true,\"divider_height\":\"120\",\"divider_invert\":false,\"divider_layers_gap\":\"5\",\"divider_layers_opacity\":\"0.5\",\"divider_position\":\"top-outside\",\"divider_responsive\":true,\"divider_shadow_blur_radius\":\"5\",\"divider_shadow_color\":\"#00000080\",\"divider_shadow_offset_x\":\"0\",\"divider_shadow_offset_y\":\"5\",\"divider_shape\":\"blob-2\",\"divider_width\":\"100\",\"image_position\":\"center-center\",\"padding_custom_bottom\":\"70\",\"padding_custom_top\":\"70\",\"padding_remove_bottom\":true,\"padding_remove_top\":false,\"style\":\"muted\",\"style_custom_color\":\"#ccc\",\"title_breakpoint\":\"xl\",\"title_position\":\"top-left\",\"title_rotation\":\"left\",\"vertical_align\":\"\",\"width\":\"small\"},\"children\":[{\"type\":\"row\",\"children\":[{\"type\":\"column\",\"props\":{\"image_position\":\"center-center\",\"position_sticky_breakpoint\":\"m\"},\"children\":[{\"type\":\"headline\",\"props\":{\"block_align\":\"center\",\"content\":\"L' Art d'acompanyar\",\"maxwidth\":\"2xlarge\",\"text_align\":\"left\",\"title_element\":\"h2\",\"title_style\":\"h1\"}},{\"type\":\"text\",\"props\":{\"block_align\":\"center\",\"column_breakpoint\":\"m\",\"content\":\"\n\n<p>Tenir persones al c\\u00e0rrec siguin de l\\u2019edat que siguin, \\u00e9s una tasca de gran responsabilitat i de gran complexitat alhora. Una tasca que compartida i amb la possibilitat de comentar all\\u00f2 que ens genera dificultat, pot esdevenir molt m\\u00e9s lleugera i plaent. \\u00c9s per aix\\u00f2 que\\u2026<\\\/p>\",\"margin\":\"default\",\"maxwidth\":\"2xlarge\",\"text_align\":\"justify\"}},{\"type\":\"headline\",\"props\":{\"block_align\":\"center\",\"content\":\"<em>T'acompanyo a acompanyar<\\\/em>\",\"margin_remove_top\":true,\"maxwidth\":\"2xlarge\",\"text_align\":\"right\",\"title_element\":\"h3\",\"title_style\":\"h2\"}}]}],\"props\":{\"height_viewport\":300}},{\"type\":\"row\",\"children\":[{\"type\":\"column\",\"props\":{\"image_position\":\"center-center\",\"position_sticky_breakpoint\":\"m\",\"vertical_align\":\"middle\"},\"children\":[{\"type\":\"text\",\"props\":{\"block_align\":\"center\",\"column_breakpoint\":\"m\",\"content\":\"\n\n<p><span>Tant si ets professional com familiar, la proximitat d\\u2019estar al c\\u00e0rrec d'alg\\u00fa pot generar molts dubtes de COM intervenim en certs moments. Com actuo? On est\\u00e0 el l\\u00edmit? Qu\\u00e8 no s\\u00e9 gestionar? Qu\\u00e8 m\\u2019est\\u00e0 afectant?<\\\/span><\\\/p>\\n\n\n<p><span>Un espai per parlar de dificultats, trobar els nostres l\\u00edmits i buscar estrat\\u00e8gies que facin m\\u00e9s f\\u00e0cil la tasca<\\\/span><\\\/p>\",\"margin\":\"default\",\"maxwidth\":\"2xlarge\",\"text_align\":\"justify\"}}]}],\"props\":{\"column_gap\":\"large\",\"width\":\"small\"}},{\"type\":\"row\",\"children\":[{\"type\":\"column\",\"props\":{\"image_position\":\"center-center\",\"position_sticky_breakpoint\":\"m\"},\"children\":[{\"type\":\"headline\",\"props\":{\"block_align\":\"center\",\"content\":\"<em>Si vols m\\u00e9s informaci\\u00f3, contacta'm<\\\/em>\",\"maxwidth\":\"xlarge\",\"text_align\":\"center\",\"title_element\":\"h4\",\"title_style\":\"h4\"}},{\"type\":\"button\",\"props\":{\"grid_column_gap\":\"small\",\"grid_row_gap\":\"small\",\"margin\":\"medium\",\"text_align\":\"center\"},\"children\":[{\"type\":\"button_item\",\"props\":{\"button_style\":\"secondary\",\"content\":\"CONTACTAR\",\"dialog_layout\":\"modal\",\"dialog_offcanvas_flip\":true,\"icon_align\":\"left\",\"link\":\"ca\\\/contacte\\\/\"}}],\"name\":\"boton contactar\"}]}],\"props\":{\"height\":\"pixels\",\"height_viewport\":180,\"width\":\"small\"}}],\"name\":\"TEXTOS\"},{\"type\":\"section\",\"props\":{\"divider_height\":\"120\",\"divider_layers_gap\":\"5\",\"divider_layers_opacity\":\"0.5\",\"divider_position\":\"top\",\"divider_responsive\":true,\"divider_shadow_blur_radius\":\"5\",\"divider_shadow_color\":\"#00000080\",\"divider_shadow_offset_x\":\"0\",\"divider_shadow_offset_y\":\"5\",\"divider_width\":\"100\",\"image_position\":\"center-center\",\"padding_custom_bottom\":\"70\",\"padding_custom_top\":\"70\",\"style\":\"muted\",\"style_custom_color\":\"#ccc\",\"title_breakpoint\":\"xl\",\"title_position\":\"top-left\",\"title_rotation\":\"left\",\"vertical_align\":\"middle\",\"width\":\"default\"},\"children\":[{\"type\":\"row\",\"children\":[{\"type\":\"column\",\"props\":{\"image_position\":\"center-center\",\"position_sticky_breakpoint\":\"m\"}}]}]}],\"version\":\"4.5.13\"} --><\/p>\n","protected":false},"excerpt":{"rendered":"<p>Acompanyament a cuidador\/es professionals i no professionals L&#8217; Art d&#8217;acompanyar Tenir persones al c\u00e0rrec siguin de l\u2019edat que siguin, \u00e9s una tasca de gran responsabilitat i de gran complexitat alhora. Una tasca que compartida i amb la possibilitat de comentar all\u00f2 que ens genera dificultat, pot esdevenir molt m\u00e9s lleugera i plaent. \u00c9s per aix\u00f2 [&hellip;]<\/p>\n","protected":false},"author":1,"featured_media":0,"parent":0,"menu_order":0,"comment_status":"closed","ping_status":"closed","template":"","meta":{"_joinchat":[],"footnotes":""},"class_list":["post-627","page","type-page","status-publish","hentry"],"yoast_head":"<!-- This site is optimized with the Yoast SEO plugin v25.3 - https:\/\/yoast.com\/wordpress\/plugins\/seo\/ -->\n<title>Acompanyament cuidadors - EMMA PUXAN<\/title>\n<meta name=\"robots\" content=\"index, follow, max-snippet:-1, max-image-preview:large, max-video-preview:-1\" \/>\n<link rel=\"canonical\" href=\"https:\/\/emmapuxan.com\/ca\/acompanyament-cuidadors\/\" \/>\n<meta property=\"og:locale\" content=\"ca_ES\" \/>\n<meta property=\"og:type\" content=\"article\" \/>\n<meta property=\"og:title\" content=\"Acompanyament cuidadors - EMMA PUXAN\" \/>\n<meta property=\"og:description\" content=\"Acompanyament a cuidador\/es professionals i no professionals L&#8217; Art d&#8217;acompanyar Tenir persones al c\u00e0rrec siguin de l\u2019edat que siguin, \u00e9s una tasca de gran responsabilitat i de gran complexitat alhora. Una tasca que compartida i amb la possibilitat de comentar all\u00f2 que ens genera dificultat, pot esdevenir molt m\u00e9s lleugera i plaent. \u00c9s per aix\u00f2 [&hellip;]\" \/>\n<meta property=\"og:url\" content=\"https:\/\/emmapuxan.com\/ca\/acompanyament-cuidadors\/\" \/>\n<meta property=\"og:site_name\" content=\"EMMA PUXAN\" \/>\n<meta property=\"article:modified_time\" content=\"2025-06-18T21:06:00+00:00\" \/>\n<meta property=\"og:image\" content=\"https:\/\/emmapuxan.com\/wp-content\/uploads\/2025\/05\/cab-ondas2.jpg\" \/>\n\t<meta property=\"og:image:width\" content=\"2400\" \/>\n\t<meta property=\"og:image:height\" content=\"1250\" \/>\n\t<meta property=\"og:image:type\" content=\"image\/jpeg\" \/>\n<meta name=\"twitter:card\" content=\"summary_large_image\" \/>\n<meta name=\"twitter:label1\" content=\"Temps estimat de lectura\" \/>\n\t<meta name=\"twitter:data1\" content=\"1 minut\" \/>\n<script type=\"application\/ld+json\" class=\"yoast-schema-graph\">{\"@context\":\"https:\/\/schema.org\",\"@graph\":[{\"@type\":\"WebPage\",\"@id\":\"https:\/\/emmapuxan.com\/ca\/acompanyament-cuidadors\/\",\"url\":\"https:\/\/emmapuxan.com\/ca\/acompanyament-cuidadors\/\",\"name\":\"Acompanyament cuidadors - EMMA PUXAN\",\"isPartOf\":{\"@id\":\"https:\/\/emmapuxan.com\/ca\/#website\"},\"datePublished\":\"2025-04-15T20:07:08+00:00\",\"dateModified\":\"2025-06-18T21:06:00+00:00\",\"breadcrumb\":{\"@id\":\"https:\/\/emmapuxan.com\/ca\/acompanyament-cuidadors\/#breadcrumb\"},\"inLanguage\":\"ca\",\"potentialAction\":[{\"@type\":\"ReadAction\",\"target\":[\"https:\/\/emmapuxan.com\/ca\/acompanyament-cuidadors\/\"]}]},{\"@type\":\"BreadcrumbList\",\"@id\":\"https:\/\/emmapuxan.com\/ca\/acompanyament-cuidadors\/#breadcrumb\",\"itemListElement\":[{\"@type\":\"ListItem\",\"position\":1,\"name\":\"Portada\",\"item\":\"https:\/\/emmapuxan.com\/ca\/\"},{\"@type\":\"ListItem\",\"position\":2,\"name\":\"Acompanyament cuidadors\"}]},{\"@type\":\"WebSite\",\"@id\":\"https:\/\/emmapuxan.com\/ca\/#website\",\"url\":\"https:\/\/emmapuxan.com\/ca\/\",\"name\":\"EMMA PUXAN PSICOTERAPIA\",\"description\":\"Psicoterapia en Girona\",\"publisher\":{\"@id\":\"https:\/\/emmapuxan.com\/ca\/#organization\"},\"alternateName\":\"Piscologia y psicoterapia Girona\",\"potentialAction\":[{\"@type\":\"SearchAction\",\"target\":{\"@type\":\"EntryPoint\",\"urlTemplate\":\"https:\/\/emmapuxan.com\/ca\/?s={search_term_string}\"},\"query-input\":{\"@type\":\"PropertyValueSpecification\",\"valueRequired\":true,\"valueName\":\"search_term_string\"}}],\"inLanguage\":\"ca\"},{\"@type\":\"Organization\",\"@id\":\"https:\/\/emmapuxan.com\/ca\/#organization\",\"name\":\"EMMA PUXAN\",\"alternateName\":\"Psicolog\u00eda & Psicoterapia\",\"url\":\"https:\/\/emmapuxan.com\/ca\/\",\"logo\":{\"@type\":\"ImageObject\",\"inLanguage\":\"ca\",\"@id\":\"https:\/\/emmapuxan.com\/ca\/#\/schema\/logo\/image\/\",\"url\":\"https:\/\/emmapuxan.com\/wp-content\/uploads\/2025\/05\/icon-touch_emma.png\",\"contentUrl\":\"https:\/\/emmapuxan.com\/wp-content\/uploads\/2025\/05\/icon-touch_emma.png\",\"width\":297,\"height\":297,\"caption\":\"EMMA PUXAN\"},\"image\":{\"@id\":\"https:\/\/emmapuxan.com\/ca\/#\/schema\/logo\/image\/\"}}]}<\/script>\n<!-- \/ Yoast SEO plugin. -->","yoast_head_json":{"title":"Acompanyament cuidadors - EMMA PUXAN","robots":{"index":"index","follow":"follow","max-snippet":"max-snippet:-1","max-image-preview":"max-image-preview:large","max-video-preview":"max-video-preview:-1"},"canonical":"https:\/\/emmapuxan.com\/ca\/acompanyament-cuidadors\/","og_locale":"ca_ES","og_type":"article","og_title":"Acompanyament cuidadors - EMMA PUXAN","og_description":"Acompanyament a cuidador\/es professionals i no professionals L&#8217; Art d&#8217;acompanyar Tenir persones al c\u00e0rrec siguin de l\u2019edat que siguin, \u00e9s una tasca de gran responsabilitat i de gran complexitat alhora. Una tasca que compartida i amb la possibilitat de comentar all\u00f2 que ens genera dificultat, pot esdevenir molt m\u00e9s lleugera i plaent. \u00c9s per aix\u00f2 [&hellip;]","og_url":"https:\/\/emmapuxan.com\/ca\/acompanyament-cuidadors\/","og_site_name":"EMMA PUXAN","article_modified_time":"2025-06-18T21:06:00+00:00","og_image":[{"width":2400,"height":1250,"url":"https:\/\/emmapuxan.com\/wp-content\/uploads\/2025\/05\/cab-ondas2.jpg","type":"image\/jpeg"}],"twitter_card":"summary_large_image","twitter_misc":{"Temps estimat de lectura":"1 minut"},"schema":{"@context":"https:\/\/schema.org","@graph":[{"@type":"WebPage","@id":"https:\/\/emmapuxan.com\/ca\/acompanyament-cuidadors\/","url":"https:\/\/emmapuxan.com\/ca\/acompanyament-cuidadors\/","name":"Acompanyament cuidadors - EMMA PUXAN","isPartOf":{"@id":"https:\/\/emmapuxan.com\/ca\/#website"},"datePublished":"2025-04-15T20:07:08+00:00","dateModified":"2025-06-18T21:06:00+00:00","breadcrumb":{"@id":"https:\/\/emmapuxan.com\/ca\/acompanyament-cuidadors\/#breadcrumb"},"inLanguage":"ca","potentialAction":[{"@type":"ReadAction","target":["https:\/\/emmapuxan.com\/ca\/acompanyament-cuidadors\/"]}]},{"@type":"BreadcrumbList","@id":"https:\/\/emmapuxan.com\/ca\/acompanyament-cuidadors\/#breadcrumb","itemListElement":[{"@type":"ListItem","position":1,"name":"Portada","item":"https:\/\/emmapuxan.com\/ca\/"},{"@type":"ListItem","position":2,"name":"Acompanyament cuidadors"}]},{"@type":"WebSite","@id":"https:\/\/emmapuxan.com\/ca\/#website","url":"https:\/\/emmapuxan.com\/ca\/","name":"EMMA PUXAN PSICOTERAPIA","description":"Psicoterapia en Girona","publisher":{"@id":"https:\/\/emmapuxan.com\/ca\/#organization"},"alternateName":"Piscologia y psicoterapia Girona","potentialAction":[{"@type":"SearchAction","target":{"@type":"EntryPoint","urlTemplate":"https:\/\/emmapuxan.com\/ca\/?s={search_term_string}"},"query-input":{"@type":"PropertyValueSpecification","valueRequired":true,"valueName":"search_term_string"}}],"inLanguage":"ca"},{"@type":"Organization","@id":"https:\/\/emmapuxan.com\/ca\/#organization","name":"EMMA PUXAN","alternateName":"Psicolog\u00eda & Psicoterapia","url":"https:\/\/emmapuxan.com\/ca\/","logo":{"@type":"ImageObject","inLanguage":"ca","@id":"https:\/\/emmapuxan.com\/ca\/#\/schema\/logo\/image\/","url":"https:\/\/emmapuxan.com\/wp-content\/uploads\/2025\/05\/icon-touch_emma.png","contentUrl":"https:\/\/emmapuxan.com\/wp-content\/uploads\/2025\/05\/icon-touch_emma.png","width":297,"height":297,"caption":"EMMA PUXAN"},"image":{"@id":"https:\/\/emmapuxan.com\/ca\/#\/schema\/logo\/image\/"}}]}},"_links":{"self":[{"href":"https:\/\/emmapuxan.com\/ca\/wp-json\/wp\/v2\/pages\/627","targetHints":{"allow":["GET"]}}],"collection":[{"href":"https:\/\/emmapuxan.com\/ca\/wp-json\/wp\/v2\/pages"}],"about":[{"href":"https:\/\/emmapuxan.com\/ca\/wp-json\/wp\/v2\/types\/page"}],"author":[{"embeddable":true,"href":"https:\/\/emmapuxan.com\/ca\/wp-json\/wp\/v2\/users\/1"}],"replies":[{"embeddable":true,"href":"https:\/\/emmapuxan.com\/ca\/wp-json\/wp\/v2\/comments?post=627"}],"version-history":[{"count":28,"href":"https:\/\/emmapuxan.com\/ca\/wp-json\/wp\/v2\/pages\/627\/revisions"}],"predecessor-version":[{"id":1515,"href":"https:\/\/emmapuxan.com\/ca\/wp-json\/wp\/v2\/pages\/627\/revisions\/1515"}],"wp:attachment":[{"href":"https:\/\/emmapuxan.com\/ca\/wp-json\/wp\/v2\/media?parent=627"}],"curies":[{"name":"wp","href":"https:\/\/api.w.org\/{rel}","templated":true}]}}