{"id":630,"date":"2025-04-15T22:09:10","date_gmt":"2025-04-15T20:09:10","guid":{"rendered":"https:\/\/emmapuxan.com\/formacio-per-professionals\/"},"modified":"2025-06-18T23:48:15","modified_gmt":"2025-06-18T21:48:15","slug":"formacio-per-professionals","status":"publish","type":"page","link":"https:\/\/emmapuxan.com\/ca\/formacio-per-professionals\/","title":{"rendered":"Formaci\u00f3 per professionals"},"content":{"rendered":"<h1>Formaci\u00f3 per a professionals <br \/>de la relaci\u00f3 d\u2019ajuda<\/h1>\n<h2>L&#8217; Art d&#8217;acompanyar<\/h2>\n<div>\n<p>Acompanyar a persones en l&#8217;\u00e0mbit que sigui, \u00e9s una tasca de gran complexitat. L&#8217;atenci\u00f3 directe requereix de moltes desicions i estrat\u00e8gies que s&#8217;han de prendre al moment i que poden desembocar a molts resultats diferents. Una tasca que compartida i reflexionada es va tornant Art amb el temps. \u00c9s per aix\u00f2 que\u2026<\/p>\n<\/div>\n<h2><em>T&#8217;acompanyo a acompanyar<\/em><\/h2>\n<h2>Espai per tractar i resoldre temes d&#8217;intervenci\u00f3<\/h2>\n<div>\n<p>Quins \u00e0mbits poden necessitar aquestes formacions\u2026 educaci\u00f3 social, integraci\u00f3, monitoratge d\u2019esplai, treball social, doc\u00e8ncia, psicologia, equips de treball<\/p>\n<p>Espai per tractar tem\u00e0tiques concretes que afecten al nostre \u00e0mbit professional. (Com incloure les fam\u00edlies, com comunicar not\u00edcies, com actuar davant de certs perfils d\u2019usuari, com ens afecten certes situacions, quina estrat\u00e8gia d\u2019equip podem muntar davant d\u2019una situaci\u00f3 complexe, detecci\u00f3 adolescents en situaci\u00f3 de risc i actuaci\u00f3, com comunicar-nos amb infants i adolescents..).<\/p>\n<p><strong>Cursos o tallers en format c\u00e0psula<\/strong> permeten obrir-nos a la reflexi\u00f3 d\u2019una manera m\u00e9s espec\u00edfica, ampliar la mirada, dissenyar estrat\u00e8gies, resoldre dubtes concrets i buscar recursos.<\/p>\n<p>S\u00f3n fetes a mida, segons la demanda i necessitat del col\u00b7lectiu que contracti.<\/p>\n<\/div>\n<h4><em>Si vols m\u00e9s informaci\u00f3, contacta\u2019m<\/em><\/h4>\n<p><p>\n        <a href=\"https:\/\/emmapuxan.com\/ca\/contacte\/\">CONTACTAR<\/a>\n    <\/p>\n<\/p>\n<p><!--more--><br \/>\n<!-- {\"type\":\"layout\",\"children\":[{\"type\":\"section\",\"props\":{\"divider_height\":\"120\",\"divider_layers_gap\":\"5\",\"divider_layers_opacity\":\"0.5\",\"divider_position\":\"top\",\"divider_responsive\":true,\"divider_shadow_blur_radius\":\"5\",\"divider_shadow_color\":\"#00000080\",\"divider_shadow_offset_x\":\"0\",\"divider_shadow_offset_y\":\"5\",\"divider_width\":\"100\",\"header_transparent\":true,\"height\":\"pixels\",\"height_viewport\":600,\"image\":\"wp-content\\\/uploads\\\/2025\\\/05\\\/cab-formacion.jpg\",\"image_position\":\"center-center\",\"image_size\":\"cover\",\"media_overlay\":\"hsla(0, 0%, 0%, 0.2)\",\"padding\":\"large\",\"padding_custom_bottom\":\"70\",\"padding_custom_top\":\"70\",\"style\":\"default\",\"style_custom_color\":\"#ccc\",\"text_color\":\"light\",\"title_breakpoint\":\"xl\",\"title_position\":\"top-left\",\"title_rotation\":\"left\",\"vertical_align\":\"middle\",\"width\":\"default\"},\"children\":[{\"type\":\"row\",\"children\":[{\"type\":\"column\",\"props\":{\"image_position\":\"center-center\",\"position_sticky_breakpoint\":\"m\"},\"children\":[{\"type\":\"headline\",\"props\":{\"content\":\"Formaci\\u00f3 per a professionals <br \\\/>de la relaci\\u00f3 d\\u2019ajuda\",\"text_align\":\"center\",\"title_element\":\"h1\",\"title_style\":\"heading-medium\"}}]}]}]},{\"type\":\"section\",\"props\":{\"divider_color_inherit_section\":true,\"divider_flip\":true,\"divider_height\":\"120\",\"divider_invert\":false,\"divider_layers_gap\":\"5\",\"divider_layers_opacity\":\"0.5\",\"divider_position\":\"top-outside\",\"divider_responsive\":true,\"divider_shadow_blur_radius\":\"5\",\"divider_shadow_color\":\"#00000080\",\"divider_shadow_offset_x\":\"0\",\"divider_shadow_offset_y\":\"5\",\"divider_shape\":\"blob-2\",\"divider_width\":\"100\",\"image_position\":\"center-center\",\"padding_custom_bottom\":\"70\",\"padding_custom_top\":\"70\",\"padding_remove_bottom\":false,\"padding_remove_top\":false,\"style\":\"muted\",\"style_custom_color\":\"#ccc\",\"title_breakpoint\":\"xl\",\"title_position\":\"top-left\",\"title_rotation\":\"left\",\"vertical_align\":\"\",\"width\":\"small\"},\"children\":[{\"type\":\"row\",\"children\":[{\"type\":\"column\",\"props\":{\"image_position\":\"center-center\",\"position_sticky_breakpoint\":\"m\"},\"children\":[{\"type\":\"headline\",\"props\":{\"block_align\":\"center\",\"content\":\"L' Art d'acompanyar\",\"maxwidth\":\"2xlarge\",\"text_align\":\"left\",\"title_element\":\"h2\",\"title_style\":\"h1\"}},{\"type\":\"text\",\"props\":{\"block_align\":\"center\",\"column_breakpoint\":\"m\",\"content\":\"\n\n<p>Acompanyar a persones en l'\\u00e0mbit que sigui, \\u00e9s una tasca de gran complexitat. L'atenci\\u00f3 directe requereix de moltes desicions i estrat\\u00e8gies que s'han de prendre al moment i que poden desembocar a molts resultats diferents. Una tasca que compartida i reflexionada es va tornant Art amb el temps. \\u00c9s per aix\\u00f2 que\\u2026<\\\/p>\",\"margin\":\"default\",\"maxwidth\":\"2xlarge\",\"text_align\":\"justify\"}},{\"type\":\"headline\",\"props\":{\"block_align\":\"center\",\"content\":\"<em>T'acompanyo a acompanyar<\\\/em>\",\"margin_remove_top\":true,\"maxwidth\":\"2xlarge\",\"text_align\":\"right\",\"title_element\":\"h2\",\"title_style\":\"h2\"},\"name\":\"t'acompanyo\"}]}],\"props\":{\"height_viewport\":300}},{\"type\":\"row\",\"children\":[{\"type\":\"column\",\"props\":{\"image_position\":\"center-center\",\"position_sticky_breakpoint\":\"m\"},\"children\":[{\"type\":\"headline\",\"props\":{\"content\":\"Espai per tractar i resoldre temes d'intervenci\\u00f3\",\"maxwidth\":\"2xlarge\",\"text_align\":\"center\",\"title_element\":\"h2\",\"title_style\":\"h2\"},\"name\":\"t'acompanyo\"}]}],\"props\":{\"height_viewport\":300}},{\"type\":\"row\",\"children\":[{\"type\":\"column\",\"props\":{\"image_position\":\"center-center\",\"position_sticky_breakpoint\":\"m\",\"vertical_align\":\"middle\"},\"children\":[{\"type\":\"text\",\"props\":{\"block_align\":\"center\",\"column_breakpoint\":\"m\",\"content\":\"\n\n<p>Quins \\u00e0mbits poden necessitar aquestes formacions\\u2026 educaci\\u00f3 social, integraci\\u00f3, monitoratge d\\u2019esplai, treball social, doc\\u00e8ncia, psicologia, equips de treball<\\\/p>\\n\n\n<p>Espai per tractar tem\\u00e0tiques concretes que afecten al nostre \\u00e0mbit professional. (Com incloure les fam\\u00edlies, com comunicar not\\u00edcies, com actuar davant de certs perfils d\\u2019usuari, com ens afecten certes situacions, quina estrat\\u00e8gia d\\u2019equip podem muntar davant d\\u2019una situaci\\u00f3 complexe, detecci\\u00f3 adolescents en situaci\\u00f3 de risc i actuaci\\u00f3, com comunicar-nos amb infants i adolescents..).<\\\/p>\\n\n\n<p><strong>Cursos o tallers en format c\\u00e0psula<\\\/strong> permeten obrir-nos a la reflexi\\u00f3 d\\u2019una manera m\\u00e9s espec\\u00edfica, ampliar la mirada, dissenyar estrat\\u00e8gies, resoldre dubtes concrets i buscar recursos.<\\\/p>\\n\n\n<p>S\\u00f3n fetes a mida, segons la demanda i necessitat del col\\u00b7lectiu que contracti.<\\\/p>\",\"margin\":\"default\",\"maxwidth\":\"2xlarge\",\"text_align\":\"justify\"}}]}],\"props\":{\"column_gap\":\"large\",\"width\":\"small\"}},{\"type\":\"row\",\"children\":[{\"type\":\"column\",\"props\":{\"image_position\":\"center-center\",\"position_sticky_breakpoint\":\"m\"},\"children\":[{\"type\":\"headline\",\"props\":{\"block_align\":\"center\",\"content\":\"<em>Si vols m\\u00e9s informaci\\u00f3, contacta\\u2019m<\\\/em>\",\"maxwidth\":\"xlarge\",\"text_align\":\"center\",\"title_element\":\"h4\",\"title_style\":\"h3\"}},{\"type\":\"button\",\"props\":{\"grid_column_gap\":\"small\",\"grid_row_gap\":\"small\",\"margin\":\"medium\",\"text_align\":\"center\"},\"children\":[{\"type\":\"button_item\",\"props\":{\"button_style\":\"secondary\",\"content\":\"CONTACTAR\",\"dialog_layout\":\"modal\",\"dialog_offcanvas_flip\":true,\"icon_align\":\"left\",\"link\":\"ca\\\/contacte\\\/\"}}],\"name\":\"boton contactar\"}]}],\"props\":{\"height\":\"pixels\",\"height_viewport\":150,\"width\":\"small\"}}],\"name\":\"ser adolescent\"},{\"type\":\"section\",\"props\":{\"divider_height\":\"120\",\"divider_layers_gap\":\"5\",\"divider_layers_opacity\":\"0.5\",\"divider_position\":\"top\",\"divider_responsive\":true,\"divider_shadow_blur_radius\":\"5\",\"divider_shadow_color\":\"#00000080\",\"divider_shadow_offset_x\":\"0\",\"divider_shadow_offset_y\":\"5\",\"divider_width\":\"100\",\"image_position\":\"center-center\",\"padding_custom_bottom\":\"70\",\"padding_custom_top\":\"70\",\"style\":\"muted\",\"style_custom_color\":\"#ccc\",\"title_breakpoint\":\"xl\",\"title_position\":\"top-left\",\"title_rotation\":\"left\",\"vertical_align\":\"middle\",\"width\":\"default\"},\"children\":[{\"type\":\"row\",\"children\":[{\"type\":\"column\",\"props\":{\"image_position\":\"center-center\",\"position_sticky_breakpoint\":\"m\"}}]}]}],\"version\":\"4.5.13\"} --><\/p>\n","protected":false},"excerpt":{"rendered":"<p>Formaci\u00f3 per a professionals de la relaci\u00f3 d\u2019ajuda L&#8217; Art d&#8217;acompanyar Acompanyar a persones en l&#8217;\u00e0mbit que sigui, \u00e9s una tasca de gran complexitat. L&#8217;atenci\u00f3 directe requereix de moltes desicions i estrat\u00e8gies que s&#8217;han de prendre al moment i que poden desembocar a molts resultats diferents. Una tasca que compartida i reflexionada es va tornant [&hellip;]<\/p>\n","protected":false},"author":1,"featured_media":0,"parent":0,"menu_order":0,"comment_status":"closed","ping_status":"closed","template":"","meta":{"_joinchat":[],"footnotes":""},"class_list":["post-630","page","type-page","status-publish","hentry"],"yoast_head":"<!-- This site is optimized with the Yoast SEO plugin v25.3 - https:\/\/yoast.com\/wordpress\/plugins\/seo\/ -->\n<title>Formaci\u00f3 per professionals - EMMA PUXAN<\/title>\n<meta name=\"robots\" content=\"index, follow, max-snippet:-1, max-image-preview:large, max-video-preview:-1\" \/>\n<link rel=\"canonical\" href=\"https:\/\/emmapuxan.com\/ca\/formacio-per-professionals\/\" \/>\n<meta property=\"og:locale\" content=\"ca_ES\" \/>\n<meta property=\"og:type\" content=\"article\" \/>\n<meta property=\"og:title\" content=\"Formaci\u00f3 per professionals - EMMA PUXAN\" \/>\n<meta property=\"og:description\" content=\"Formaci\u00f3 per a professionals de la relaci\u00f3 d\u2019ajuda L&#8217; Art d&#8217;acompanyar Acompanyar a persones en l&#8217;\u00e0mbit que sigui, \u00e9s una tasca de gran complexitat. L&#8217;atenci\u00f3 directe requereix de moltes desicions i estrat\u00e8gies que s&#8217;han de prendre al moment i que poden desembocar a molts resultats diferents. Una tasca que compartida i reflexionada es va tornant [&hellip;]\" \/>\n<meta property=\"og:url\" content=\"https:\/\/emmapuxan.com\/ca\/formacio-per-professionals\/\" \/>\n<meta property=\"og:site_name\" content=\"EMMA PUXAN\" \/>\n<meta property=\"article:modified_time\" content=\"2025-06-18T21:48:15+00:00\" \/>\n<meta property=\"og:image\" content=\"https:\/\/emmapuxan.com\/wp-content\/uploads\/2025\/05\/cab-ondas2.jpg\" \/>\n\t<meta property=\"og:image:width\" content=\"2400\" \/>\n\t<meta property=\"og:image:height\" content=\"1250\" \/>\n\t<meta property=\"og:image:type\" content=\"image\/jpeg\" \/>\n<meta name=\"twitter:card\" content=\"summary_large_image\" \/>\n<meta name=\"twitter:label1\" content=\"Temps estimat de lectura\" \/>\n\t<meta name=\"twitter:data1\" content=\"1 minut\" \/>\n<script type=\"application\/ld+json\" class=\"yoast-schema-graph\">{\"@context\":\"https:\/\/schema.org\",\"@graph\":[{\"@type\":\"WebPage\",\"@id\":\"https:\/\/emmapuxan.com\/ca\/formacio-per-professionals\/\",\"url\":\"https:\/\/emmapuxan.com\/ca\/formacio-per-professionals\/\",\"name\":\"Formaci\u00f3 per professionals - EMMA PUXAN\",\"isPartOf\":{\"@id\":\"https:\/\/emmapuxan.com\/ca\/#website\"},\"datePublished\":\"2025-04-15T20:09:10+00:00\",\"dateModified\":\"2025-06-18T21:48:15+00:00\",\"breadcrumb\":{\"@id\":\"https:\/\/emmapuxan.com\/ca\/formacio-per-professionals\/#breadcrumb\"},\"inLanguage\":\"ca\",\"potentialAction\":[{\"@type\":\"ReadAction\",\"target\":[\"https:\/\/emmapuxan.com\/ca\/formacio-per-professionals\/\"]}]},{\"@type\":\"BreadcrumbList\",\"@id\":\"https:\/\/emmapuxan.com\/ca\/formacio-per-professionals\/#breadcrumb\",\"itemListElement\":[{\"@type\":\"ListItem\",\"position\":1,\"name\":\"Portada\",\"item\":\"https:\/\/emmapuxan.com\/ca\/\"},{\"@type\":\"ListItem\",\"position\":2,\"name\":\"Formaci\u00f3 per professionals\"}]},{\"@type\":\"WebSite\",\"@id\":\"https:\/\/emmapuxan.com\/ca\/#website\",\"url\":\"https:\/\/emmapuxan.com\/ca\/\",\"name\":\"EMMA PUXAN PSICOTERAPIA\",\"description\":\"Psicoterapia en Girona\",\"publisher\":{\"@id\":\"https:\/\/emmapuxan.com\/ca\/#organization\"},\"alternateName\":\"Piscologia y psicoterapia Girona\",\"potentialAction\":[{\"@type\":\"SearchAction\",\"target\":{\"@type\":\"EntryPoint\",\"urlTemplate\":\"https:\/\/emmapuxan.com\/ca\/?s={search_term_string}\"},\"query-input\":{\"@type\":\"PropertyValueSpecification\",\"valueRequired\":true,\"valueName\":\"search_term_string\"}}],\"inLanguage\":\"ca\"},{\"@type\":\"Organization\",\"@id\":\"https:\/\/emmapuxan.com\/ca\/#organization\",\"name\":\"EMMA PUXAN\",\"alternateName\":\"Psicolog\u00eda & Psicoterapia\",\"url\":\"https:\/\/emmapuxan.com\/ca\/\",\"logo\":{\"@type\":\"ImageObject\",\"inLanguage\":\"ca\",\"@id\":\"https:\/\/emmapuxan.com\/ca\/#\/schema\/logo\/image\/\",\"url\":\"https:\/\/emmapuxan.com\/wp-content\/uploads\/2025\/05\/icon-touch_emma.png\",\"contentUrl\":\"https:\/\/emmapuxan.com\/wp-content\/uploads\/2025\/05\/icon-touch_emma.png\",\"width\":297,\"height\":297,\"caption\":\"EMMA PUXAN\"},\"image\":{\"@id\":\"https:\/\/emmapuxan.com\/ca\/#\/schema\/logo\/image\/\"}}]}<\/script>\n<!-- \/ Yoast SEO plugin. -->","yoast_head_json":{"title":"Formaci\u00f3 per professionals - EMMA PUXAN","robots":{"index":"index","follow":"follow","max-snippet":"max-snippet:-1","max-image-preview":"max-image-preview:large","max-video-preview":"max-video-preview:-1"},"canonical":"https:\/\/emmapuxan.com\/ca\/formacio-per-professionals\/","og_locale":"ca_ES","og_type":"article","og_title":"Formaci\u00f3 per professionals - EMMA PUXAN","og_description":"Formaci\u00f3 per a professionals de la relaci\u00f3 d\u2019ajuda L&#8217; Art d&#8217;acompanyar Acompanyar a persones en l&#8217;\u00e0mbit que sigui, \u00e9s una tasca de gran complexitat. L&#8217;atenci\u00f3 directe requereix de moltes desicions i estrat\u00e8gies que s&#8217;han de prendre al moment i que poden desembocar a molts resultats diferents. Una tasca que compartida i reflexionada es va tornant [&hellip;]","og_url":"https:\/\/emmapuxan.com\/ca\/formacio-per-professionals\/","og_site_name":"EMMA PUXAN","article_modified_time":"2025-06-18T21:48:15+00:00","og_image":[{"width":2400,"height":1250,"url":"https:\/\/emmapuxan.com\/wp-content\/uploads\/2025\/05\/cab-ondas2.jpg","type":"image\/jpeg"}],"twitter_card":"summary_large_image","twitter_misc":{"Temps estimat de lectura":"1 minut"},"schema":{"@context":"https:\/\/schema.org","@graph":[{"@type":"WebPage","@id":"https:\/\/emmapuxan.com\/ca\/formacio-per-professionals\/","url":"https:\/\/emmapuxan.com\/ca\/formacio-per-professionals\/","name":"Formaci\u00f3 per professionals - EMMA PUXAN","isPartOf":{"@id":"https:\/\/emmapuxan.com\/ca\/#website"},"datePublished":"2025-04-15T20:09:10+00:00","dateModified":"2025-06-18T21:48:15+00:00","breadcrumb":{"@id":"https:\/\/emmapuxan.com\/ca\/formacio-per-professionals\/#breadcrumb"},"inLanguage":"ca","potentialAction":[{"@type":"ReadAction","target":["https:\/\/emmapuxan.com\/ca\/formacio-per-professionals\/"]}]},{"@type":"BreadcrumbList","@id":"https:\/\/emmapuxan.com\/ca\/formacio-per-professionals\/#breadcrumb","itemListElement":[{"@type":"ListItem","position":1,"name":"Portada","item":"https:\/\/emmapuxan.com\/ca\/"},{"@type":"ListItem","position":2,"name":"Formaci\u00f3 per professionals"}]},{"@type":"WebSite","@id":"https:\/\/emmapuxan.com\/ca\/#website","url":"https:\/\/emmapuxan.com\/ca\/","name":"EMMA PUXAN PSICOTERAPIA","description":"Psicoterapia en Girona","publisher":{"@id":"https:\/\/emmapuxan.com\/ca\/#organization"},"alternateName":"Piscologia y psicoterapia Girona","potentialAction":[{"@type":"SearchAction","target":{"@type":"EntryPoint","urlTemplate":"https:\/\/emmapuxan.com\/ca\/?s={search_term_string}"},"query-input":{"@type":"PropertyValueSpecification","valueRequired":true,"valueName":"search_term_string"}}],"inLanguage":"ca"},{"@type":"Organization","@id":"https:\/\/emmapuxan.com\/ca\/#organization","name":"EMMA PUXAN","alternateName":"Psicolog\u00eda & Psicoterapia","url":"https:\/\/emmapuxan.com\/ca\/","logo":{"@type":"ImageObject","inLanguage":"ca","@id":"https:\/\/emmapuxan.com\/ca\/#\/schema\/logo\/image\/","url":"https:\/\/emmapuxan.com\/wp-content\/uploads\/2025\/05\/icon-touch_emma.png","contentUrl":"https:\/\/emmapuxan.com\/wp-content\/uploads\/2025\/05\/icon-touch_emma.png","width":297,"height":297,"caption":"EMMA PUXAN"},"image":{"@id":"https:\/\/emmapuxan.com\/ca\/#\/schema\/logo\/image\/"}}]}},"_links":{"self":[{"href":"https:\/\/emmapuxan.com\/ca\/wp-json\/wp\/v2\/pages\/630","targetHints":{"allow":["GET"]}}],"collection":[{"href":"https:\/\/emmapuxan.com\/ca\/wp-json\/wp\/v2\/pages"}],"about":[{"href":"https:\/\/emmapuxan.com\/ca\/wp-json\/wp\/v2\/types\/page"}],"author":[{"embeddable":true,"href":"https:\/\/emmapuxan.com\/ca\/wp-json\/wp\/v2\/users\/1"}],"replies":[{"embeddable":true,"href":"https:\/\/emmapuxan.com\/ca\/wp-json\/wp\/v2\/comments?post=630"}],"version-history":[{"count":21,"href":"https:\/\/emmapuxan.com\/ca\/wp-json\/wp\/v2\/pages\/630\/revisions"}],"predecessor-version":[{"id":1523,"href":"https:\/\/emmapuxan.com\/ca\/wp-json\/wp\/v2\/pages\/630\/revisions\/1523"}],"wp:attachment":[{"href":"https:\/\/emmapuxan.com\/ca\/wp-json\/wp\/v2\/media?parent=630"}],"curies":[{"name":"wp","href":"https:\/\/api.w.org\/{rel}","templated":true}]}}