{"id":631,"date":"2025-03-20T11:51:08","date_gmt":"2025-03-20T10:51:08","guid":{"rendered":"https:\/\/emmapuxan.com\/atencio-individual-psicologia-i-psicoterapia\/"},"modified":"2025-06-02T09:28:30","modified_gmt":"2025-06-02T07:28:30","slug":"atencio-individual-psicologia-i-psicoterapia","status":"publish","type":"page","link":"https:\/\/emmapuxan.com\/ca\/atencio-individual-psicologia-i-psicoterapia\/","title":{"rendered":"Atenci\u00f3 individual psicologia i psicoter\u00e0pia"},"content":{"rendered":"<h1>Atenci\u00f3 individual<\/h1>\n<h1>Acompanyament psicoterap\u00e8utic a persones a partir de 14 anys<\/h1>\n<ul>\n<li>\n<p>\n        <a href=\"https:\/\/emmapuxan.com\/ca\/atencio-individual-psicologia-i-psicoterapia\/terapia-per-adolescents\/\">Adolescents<\/a>\n    <\/p>\n<\/li>\n<li>\n<p>\n        <a href=\"https:\/\/emmapuxan.com\/ca\/atencio-individual-psicologia-i-psicoterapia\/terapia-per-joves\/\">Joves<\/a>\n    <\/p>\n<\/li>\n<li>\n<p>\n        <a href=\"https:\/\/emmapuxan.com\/ca\/atencio-individual-psicologia-i-psicoterapia\/terapia-per-adults\/\">Adults<\/a>\n    <\/p>\n<\/li>\n<\/ul>\n<p><!--more--><br \/>\n<!-- {\"type\":\"layout\",\"children\":[{\"type\":\"section\",\"props\":{\"divider_height\":\"120\",\"divider_layers_gap\":\"5\",\"divider_layers_opacity\":\"0.5\",\"divider_position\":\"top\",\"divider_responsive\":true,\"divider_shadow_blur_radius\":\"5\",\"divider_shadow_color\":\"#00000080\",\"divider_shadow_offset_x\":\"0\",\"divider_shadow_offset_y\":\"5\",\"divider_width\":\"100\",\"header_transparent\":true,\"header_transparent_noplaceholder\":true,\"header_transparent_text_color\":\"light\",\"image_position\":\"center-center\",\"padding\":\"none\",\"padding_custom_bottom\":\"70\",\"padding_custom_top\":\"70\",\"style\":\"default\",\"style_custom_color\":\"#ccc\",\"title_breakpoint\":\"xl\",\"title_position\":\"top-left\",\"title_rotation\":\"left\",\"vertical_align\":\"\",\"width\":\"\"},\"children\":[{\"type\":\"row\",\"props\":{\"height\":\"viewport\",\"height_offset_top\":true},\"children\":[{\"type\":\"column\",\"props\":{\"image_position\":\"center-center\",\"image_size\":\"cover\",\"media_background\":\"rgba(55, 46, 98, 0.21)\",\"media_blend_mode\":\"soft-light\",\"media_overlay\":\"rgba(34, 24, 56, 0.17)\",\"padding\":\"none\",\"position_sticky\":\"section\",\"position_sticky_breakpoint\":\"\",\"video\":\"wp-content\\\/uploads\\\/2025\\\/02\\\/gota-home.mp4\",\"video_width\":\"2560\"}}]},{\"type\":\"row\",\"props\":{\"css\":\".el-row {\\n    position: relative;\\n    z-index: 1;\\n    margin-top: -100vh;\\n}\",\"height\":\"viewport\",\"width\":\"default\"},\"children\":[{\"type\":\"column\",\"props\":{\"image_position\":\"center-center\",\"position_sticky_breakpoint\":\"m\",\"text_color\":\"light\",\"vertical_align\":\"middle\"},\"children\":[{\"type\":\"headline\",\"props\":{\"animation\":\"none\",\"content\":\"Atenci\\u00f3 individual\",\"margin_remove_top\":true,\"parallax_blur\":\"50\",\"parallax_opacity\":\"1,0,0\",\"parallax_scale\":\"0.5\",\"parallax_start\":\"55vh + 50%\",\"position\":\"relative\",\"position_z_index\":\"1\",\"text_align\":\"center\",\"title_element\":\"h1\",\"title_style\":\"heading-large\"}},{\"type\":\"headline\",\"props\":{\"animation\":\"parallax\",\"content\":\"Atenci\\u00f3 individual\",\"margin_remove_top\":true,\"parallax_blur\":\"50\",\"parallax_opacity\":\"1,0,0\",\"parallax_scale\":\"0.5\",\"parallax_start\":\"50vh + 50%\",\"position\":\"relative\",\"position_z_index\":\"1\",\"status\":\"disabled\",\"text_align\":\"center\",\"title_element\":\"h1\",\"title_style\":\"heading-large\",\"visibility\":\"hidden-s\"}},{\"type\":\"headline\",\"props\":{\"animation\":\"parallax\",\"content\":\"Acompanyament psicoterap\\u00e8utic a persones a partir de 14 anys\",\"margin_remove_top\":true,\"parallax_blur\":\"50\",\"parallax_opacity\":\"1,0,0\",\"parallax_scale\":\"0.5\",\"parallax_start\":\"55vh + 50%\",\"position\":\"relative\",\"position_z_index\":\"1\",\"text_align\":\"center\",\"title_element\":\"h1\",\"title_font_family\":\"secondary\",\"title_style\":\"h4\"}},{\"type\":\"button\",\"props\":{\"button_size\":\"large\",\"grid_column_gap\":\"small\",\"grid_row_gap\":\"small\",\"margin\":\"default\",\"text_align\":\"center\"},\"children\":[{\"type\":\"button_item\",\"props\":{\"button_style\":\"default\",\"content\":\"Adolescents\",\"dialog_layout\":\"modal\",\"dialog_offcanvas_flip\":true,\"icon_align\":\"left\",\"link\":\"ca\\\/atencio-individual-psicologia-i-psicoterapia\\\/terapia-per-adolescents\\\/\"}},{\"type\":\"button_item\",\"props\":{\"button_style\":\"default\",\"content\":\"Joves\",\"dialog_layout\":\"modal\",\"dialog_offcanvas_flip\":true,\"icon_align\":\"left\",\"link\":\"ca\\\/atencio-individual-psicologia-i-psicoterapia\\\/terapia-per-joves\\\/\"}},{\"type\":\"button_item\",\"props\":{\"button_style\":\"default\",\"content\":\"Adults\",\"dialog_layout\":\"modal\",\"dialog_offcanvas_flip\":true,\"icon_align\":\"left\",\"link\":\"ca\\\/atencio-individual-psicologia-i-psicoterapia\\\/terapia-per-adults\\\/\"}}]}]}]}],\"name\":\"Hero\"}],\"version\":\"4.5.13\"} --><\/p>\n","protected":false},"excerpt":{"rendered":"<p>Atenci\u00f3 individual Acompanyament psicoterap\u00e8utic a persones a partir de 14 anys Adolescents Joves Adults<\/p>\n","protected":false},"author":1,"featured_media":0,"parent":0,"menu_order":0,"comment_status":"closed","ping_status":"closed","template":"","meta":{"_joinchat":[],"footnotes":""},"class_list":["post-631","page","type-page","status-publish","hentry"],"yoast_head":"<!-- This site is optimized with the Yoast SEO plugin v25.3 - https:\/\/yoast.com\/wordpress\/plugins\/seo\/ -->\n<title>Atenci\u00f3 individual psicologia i psicoter\u00e0pia - EMMA PUXAN<\/title>\n<meta name=\"robots\" content=\"index, follow, max-snippet:-1, max-image-preview:large, max-video-preview:-1\" \/>\n<link rel=\"canonical\" href=\"https:\/\/emmapuxan.com\/ca\/atencio-individual-psicologia-i-psicoterapia\/\" \/>\n<meta property=\"og:locale\" content=\"ca_ES\" \/>\n<meta property=\"og:type\" content=\"article\" \/>\n<meta property=\"og:title\" content=\"Atenci\u00f3 individual psicologia i psicoter\u00e0pia - EMMA PUXAN\" \/>\n<meta property=\"og:description\" content=\"Atenci\u00f3 individual Acompanyament psicoterap\u00e8utic a persones a partir de 14 anys Adolescents Joves Adults\" \/>\n<meta property=\"og:url\" content=\"https:\/\/emmapuxan.com\/ca\/atencio-individual-psicologia-i-psicoterapia\/\" \/>\n<meta property=\"og:site_name\" content=\"EMMA PUXAN\" \/>\n<meta property=\"article:modified_time\" content=\"2025-06-02T07:28:30+00:00\" \/>\n<meta property=\"og:image\" content=\"https:\/\/emmapuxan.com\/wp-content\/uploads\/2025\/05\/cab-ondas2.jpg\" \/>\n\t<meta property=\"og:image:width\" content=\"2400\" \/>\n\t<meta property=\"og:image:height\" content=\"1250\" \/>\n\t<meta property=\"og:image:type\" content=\"image\/jpeg\" \/>\n<meta name=\"twitter:card\" content=\"summary_large_image\" \/>\n<script type=\"application\/ld+json\" class=\"yoast-schema-graph\">{\"@context\":\"https:\/\/schema.org\",\"@graph\":[{\"@type\":\"WebPage\",\"@id\":\"https:\/\/emmapuxan.com\/ca\/atencio-individual-psicologia-i-psicoterapia\/\",\"url\":\"https:\/\/emmapuxan.com\/ca\/atencio-individual-psicologia-i-psicoterapia\/\",\"name\":\"Atenci\u00f3 individual psicologia i psicoter\u00e0pia - EMMA PUXAN\",\"isPartOf\":{\"@id\":\"https:\/\/emmapuxan.com\/ca\/#website\"},\"datePublished\":\"2025-03-20T10:51:08+00:00\",\"dateModified\":\"2025-06-02T07:28:30+00:00\",\"breadcrumb\":{\"@id\":\"https:\/\/emmapuxan.com\/ca\/atencio-individual-psicologia-i-psicoterapia\/#breadcrumb\"},\"inLanguage\":\"ca\",\"potentialAction\":[{\"@type\":\"ReadAction\",\"target\":[\"https:\/\/emmapuxan.com\/ca\/atencio-individual-psicologia-i-psicoterapia\/\"]}]},{\"@type\":\"BreadcrumbList\",\"@id\":\"https:\/\/emmapuxan.com\/ca\/atencio-individual-psicologia-i-psicoterapia\/#breadcrumb\",\"itemListElement\":[{\"@type\":\"ListItem\",\"position\":1,\"name\":\"Portada\",\"item\":\"https:\/\/emmapuxan.com\/ca\/\"},{\"@type\":\"ListItem\",\"position\":2,\"name\":\"Atenci\u00f3 individual psicologia i psicoter\u00e0pia\"}]},{\"@type\":\"WebSite\",\"@id\":\"https:\/\/emmapuxan.com\/ca\/#website\",\"url\":\"https:\/\/emmapuxan.com\/ca\/\",\"name\":\"EMMA PUXAN PSICOTERAPIA\",\"description\":\"Psicoterapia en Girona\",\"publisher\":{\"@id\":\"https:\/\/emmapuxan.com\/ca\/#organization\"},\"alternateName\":\"Piscologia y psicoterapia Girona\",\"potentialAction\":[{\"@type\":\"SearchAction\",\"target\":{\"@type\":\"EntryPoint\",\"urlTemplate\":\"https:\/\/emmapuxan.com\/ca\/?s={search_term_string}\"},\"query-input\":{\"@type\":\"PropertyValueSpecification\",\"valueRequired\":true,\"valueName\":\"search_term_string\"}}],\"inLanguage\":\"ca\"},{\"@type\":\"Organization\",\"@id\":\"https:\/\/emmapuxan.com\/ca\/#organization\",\"name\":\"EMMA PUXAN\",\"alternateName\":\"Psicolog\u00eda & Psicoterapia\",\"url\":\"https:\/\/emmapuxan.com\/ca\/\",\"logo\":{\"@type\":\"ImageObject\",\"inLanguage\":\"ca\",\"@id\":\"https:\/\/emmapuxan.com\/ca\/#\/schema\/logo\/image\/\",\"url\":\"https:\/\/emmapuxan.com\/wp-content\/uploads\/2025\/05\/icon-touch_emma.png\",\"contentUrl\":\"https:\/\/emmapuxan.com\/wp-content\/uploads\/2025\/05\/icon-touch_emma.png\",\"width\":297,\"height\":297,\"caption\":\"EMMA PUXAN\"},\"image\":{\"@id\":\"https:\/\/emmapuxan.com\/ca\/#\/schema\/logo\/image\/\"}}]}<\/script>\n<!-- \/ Yoast SEO plugin. -->","yoast_head_json":{"title":"Atenci\u00f3 individual psicologia i psicoter\u00e0pia - EMMA PUXAN","robots":{"index":"index","follow":"follow","max-snippet":"max-snippet:-1","max-image-preview":"max-image-preview:large","max-video-preview":"max-video-preview:-1"},"canonical":"https:\/\/emmapuxan.com\/ca\/atencio-individual-psicologia-i-psicoterapia\/","og_locale":"ca_ES","og_type":"article","og_title":"Atenci\u00f3 individual psicologia i psicoter\u00e0pia - EMMA PUXAN","og_description":"Atenci\u00f3 individual Acompanyament psicoterap\u00e8utic a persones a partir de 14 anys Adolescents Joves Adults","og_url":"https:\/\/emmapuxan.com\/ca\/atencio-individual-psicologia-i-psicoterapia\/","og_site_name":"EMMA PUXAN","article_modified_time":"2025-06-02T07:28:30+00:00","og_image":[{"width":2400,"height":1250,"url":"https:\/\/emmapuxan.com\/wp-content\/uploads\/2025\/05\/cab-ondas2.jpg","type":"image\/jpeg"}],"twitter_card":"summary_large_image","schema":{"@context":"https:\/\/schema.org","@graph":[{"@type":"WebPage","@id":"https:\/\/emmapuxan.com\/ca\/atencio-individual-psicologia-i-psicoterapia\/","url":"https:\/\/emmapuxan.com\/ca\/atencio-individual-psicologia-i-psicoterapia\/","name":"Atenci\u00f3 individual psicologia i psicoter\u00e0pia - EMMA PUXAN","isPartOf":{"@id":"https:\/\/emmapuxan.com\/ca\/#website"},"datePublished":"2025-03-20T10:51:08+00:00","dateModified":"2025-06-02T07:28:30+00:00","breadcrumb":{"@id":"https:\/\/emmapuxan.com\/ca\/atencio-individual-psicologia-i-psicoterapia\/#breadcrumb"},"inLanguage":"ca","potentialAction":[{"@type":"ReadAction","target":["https:\/\/emmapuxan.com\/ca\/atencio-individual-psicologia-i-psicoterapia\/"]}]},{"@type":"BreadcrumbList","@id":"https:\/\/emmapuxan.com\/ca\/atencio-individual-psicologia-i-psicoterapia\/#breadcrumb","itemListElement":[{"@type":"ListItem","position":1,"name":"Portada","item":"https:\/\/emmapuxan.com\/ca\/"},{"@type":"ListItem","position":2,"name":"Atenci\u00f3 individual psicologia i psicoter\u00e0pia"}]},{"@type":"WebSite","@id":"https:\/\/emmapuxan.com\/ca\/#website","url":"https:\/\/emmapuxan.com\/ca\/","name":"EMMA PUXAN PSICOTERAPIA","description":"Psicoterapia en Girona","publisher":{"@id":"https:\/\/emmapuxan.com\/ca\/#organization"},"alternateName":"Piscologia y psicoterapia Girona","potentialAction":[{"@type":"SearchAction","target":{"@type":"EntryPoint","urlTemplate":"https:\/\/emmapuxan.com\/ca\/?s={search_term_string}"},"query-input":{"@type":"PropertyValueSpecification","valueRequired":true,"valueName":"search_term_string"}}],"inLanguage":"ca"},{"@type":"Organization","@id":"https:\/\/emmapuxan.com\/ca\/#organization","name":"EMMA PUXAN","alternateName":"Psicolog\u00eda & Psicoterapia","url":"https:\/\/emmapuxan.com\/ca\/","logo":{"@type":"ImageObject","inLanguage":"ca","@id":"https:\/\/emmapuxan.com\/ca\/#\/schema\/logo\/image\/","url":"https:\/\/emmapuxan.com\/wp-content\/uploads\/2025\/05\/icon-touch_emma.png","contentUrl":"https:\/\/emmapuxan.com\/wp-content\/uploads\/2025\/05\/icon-touch_emma.png","width":297,"height":297,"caption":"EMMA PUXAN"},"image":{"@id":"https:\/\/emmapuxan.com\/ca\/#\/schema\/logo\/image\/"}}]}},"_links":{"self":[{"href":"https:\/\/emmapuxan.com\/ca\/wp-json\/wp\/v2\/pages\/631","targetHints":{"allow":["GET"]}}],"collection":[{"href":"https:\/\/emmapuxan.com\/ca\/wp-json\/wp\/v2\/pages"}],"about":[{"href":"https:\/\/emmapuxan.com\/ca\/wp-json\/wp\/v2\/types\/page"}],"author":[{"embeddable":true,"href":"https:\/\/emmapuxan.com\/ca\/wp-json\/wp\/v2\/users\/1"}],"replies":[{"embeddable":true,"href":"https:\/\/emmapuxan.com\/ca\/wp-json\/wp\/v2\/comments?post=631"}],"version-history":[{"count":8,"href":"https:\/\/emmapuxan.com\/ca\/wp-json\/wp\/v2\/pages\/631\/revisions"}],"predecessor-version":[{"id":1404,"href":"https:\/\/emmapuxan.com\/ca\/wp-json\/wp\/v2\/pages\/631\/revisions\/1404"}],"wp:attachment":[{"href":"https:\/\/emmapuxan.com\/ca\/wp-json\/wp\/v2\/media?parent=631"}],"curies":[{"name":"wp","href":"https:\/\/api.w.org\/{rel}","templated":true}]}}