{"id":632,"date":"2025-02-07T15:16:59","date_gmt":"2025-02-07T14:16:59","guid":{"rendered":"https:\/\/emmapuxan.com\/atencio-individual-psicologia-i-psicoterapia\/terapia-per-adults\/"},"modified":"2025-06-03T15:09:37","modified_gmt":"2025-06-03T13:09:37","slug":"terapia-per-adults","status":"publish","type":"page","link":"https:\/\/emmapuxan.com\/ca\/atencio-individual-psicologia-i-psicoterapia\/terapia-per-adults\/","title":{"rendered":"Ter\u00e0pia per adults"},"content":{"rendered":"<h1>Ter\u00e0pia per a adults<\/h1>\n<h2><em>Com \u00e9s que em torna a passar ?<\/em><\/h2>\n<p><img decoding=\"async\" src=\"\/wp-content\/uploads\/2025\/05\/ter-adults-body.jpg\" alt=\"Psicoterapia para adultos\"><\/p>\n<div>\n<p>Si est\u00e0s llegint aquest apartat perqu\u00e8 \u00e9s el tram vital que et toca per edat, vol dir que portes incorporades* les fases anteriors, aix\u00ed que potser no t\u2019anir\u00e0 malament fer-hi un cop d&#8217;ull.<\/p>\n<p>*el nostre cos \u00e9s contenidor de les nostres experi\u00e8ncies viscudes. \u00c9s un mapa que delata amors i desamors, triomfs, dolors i desencisos.\u00a0<\/p>\n<p>Tantes persones, experi\u00e8ncies, feines, paisatges que han passat per la nostra vida\u2026 I hem anat trobant una manera de tirar endavant, de sortir-nos-en de tot\u2026 I hem creat la nostra manera.<\/p>\n<p>Per\u00f2 hi ha coses que s\u2019enquisten, que es repeteixen\u2026 All\u00f2 d\u2019ensopegar amb la mateixa pedra que sembla que nom\u00e9s em passi a mi, amb les feines, amb les relacions, amb\u2026 i com \u00e9s que em torna a passar? Com \u00e9s que encara no ho he apr\u00e8s?<\/p>\n<p>Trobar un espai on desplegar les dificultats, els dubtes, els embolics interns\u2026, Permet revisar-ho, posar-hi ordre. Sentir-te acompanyada en aquest cam\u00ed tamb\u00e9 obre la possibilitat d\u2019afegir noves perspectives, incloure aspectes que han quedat desterrats i que donen una nova mirada a la teva hist\u00f2ria i a l\u2019autopercepci\u00f3.<\/p>\n<p>Sovint l\u2019experi\u00e8ncia val m\u00e9s que mil paraules!<\/p>\n<\/div>\n<h3><em>T\u2019animo que ho provis!<\/em><\/h3>\n<p><p>\n        <a href=\"https:\/\/emmapuxan.com\/ca\/contacte\/\">CONTACTAR<\/a>\n    <\/p>\n<\/p>\n<p><!--more--><br \/>\n<!-- {\"type\":\"layout\",\"children\":[{\"type\":\"section\",\"props\":{\"divider_height\":\"120\",\"divider_layers_gap\":\"5\",\"divider_layers_opacity\":\"0.5\",\"divider_position\":\"top\",\"divider_responsive\":true,\"divider_shadow_blur_radius\":\"5\",\"divider_shadow_color\":\"#00000080\",\"divider_shadow_offset_x\":\"0\",\"divider_shadow_offset_y\":\"5\",\"divider_width\":\"100\",\"header_transparent\":true,\"height\":\"pixels\",\"height_viewport\":600,\"image_position\":\"center-center\",\"media_background\":\"rgba(54, 68, 57, 0.12)\",\"media_blend_mode\":\"multiply\",\"padding\":\"large\",\"padding_custom_bottom\":\"70\",\"padding_custom_top\":\"70\",\"style\":\"default\",\"style_custom_color\":\"#ccc\",\"text_color\":\"light\",\"title_breakpoint\":\"xl\",\"title_position\":\"top-left\",\"title_rotation\":\"left\",\"vertical_align\":\"middle\",\"video\":\"wp-content\\\/uploads\\\/2025\\\/02\\\/tera-adults.mp4\",\"width\":\"default\"},\"children\":[{\"type\":\"row\",\"children\":[{\"type\":\"column\",\"props\":{\"image_position\":\"center-center\",\"position_sticky_breakpoint\":\"m\"},\"children\":[{\"type\":\"headline\",\"props\":{\"content\":\"Ter\\u00e0pia per a adults\",\"text_align\":\"center\",\"title_element\":\"h1\",\"title_style\":\"heading-medium\"}}]}]}],\"name\":\"CABECERA\"},{\"type\":\"section\",\"props\":{\"divider_color_inherit_section\":true,\"divider_flip\":true,\"divider_height\":\"120\",\"divider_invert\":false,\"divider_layers_gap\":\"5\",\"divider_layers_opacity\":\"0.5\",\"divider_position\":\"top-outside\",\"divider_responsive\":true,\"divider_shadow_blur_radius\":\"5\",\"divider_shadow_color\":\"#00000080\",\"divider_shadow_offset_x\":\"0\",\"divider_shadow_offset_y\":\"5\",\"divider_shape\":\"blob-2\",\"divider_width\":\"100\",\"image_position\":\"center-center\",\"padding_custom_bottom\":\"70\",\"padding_custom_top\":\"70\",\"padding_remove_bottom\":false,\"padding_remove_top\":false,\"style\":\"muted\",\"style_custom_color\":\"#ccc\",\"title_breakpoint\":\"xl\",\"title_position\":\"top-left\",\"title_rotation\":\"left\",\"vertical_align\":\"\",\"width\":\"small\"},\"children\":[{\"type\":\"row\",\"children\":[{\"type\":\"column\",\"props\":{\"image_position\":\"center-center\",\"position_sticky_breakpoint\":\"m\"},\"children\":[{\"type\":\"headline\",\"props\":{\"block_align\":\"center\",\"content\":\"<em>Com \\u00e9s que em torna a passar ?<\\\/em>\",\"maxwidth\":\"2xlarge\",\"text_align\":\"center\",\"title_element\":\"h2\",\"title_style\":\"h2\"},\"name\":\"Te acompa\\u00f1o a acompa\\u00f1ar\"}]}],\"props\":{\"height_viewport\":300}},{\"type\":\"row\",\"children\":[{\"type\":\"column\",\"props\":{\"image_position\":\"center-center\",\"position_sticky_breakpoint\":\"m\",\"vertical_align\":\"middle\",\"width_medium\":\"2-5\"},\"children\":[{\"type\":\"image\",\"props\":{\"animation\":\"fade\",\"image\":\"wp-content\\\/uploads\\\/2025\\\/05\\\/ter-adults-body.jpg\",\"image_alt\":\"Psicoterapia para adultos\",\"image_svg_color\":\"emphasis\",\"image_width\":\"580\",\"margin\":\"default\",\"parallax_breakpoint\":\"s\",\"parallax_opacity\":\"0 0%,5\",\"parallax_start\":\"50vh\",\"parallax_y\":\"100,-300\"}}]},{\"type\":\"column\",\"props\":{\"image_position\":\"center-center\",\"position_sticky_breakpoint\":\"m\",\"width_medium\":\"3-5\"},\"children\":[{\"type\":\"text\",\"props\":{\"column_breakpoint\":\"m\",\"content\":\"\n\n<p>Si est\\u00e0s llegint aquest apartat perqu\\u00e8 \\u00e9s el tram vital que et toca per edat, vol dir que portes incorporades* les fases anteriors, aix\\u00ed que potser no t\\u2019anir\\u00e0 malament fer-hi un cop d'ull.<\\\/p>\\n\n\n<p>*el nostre cos \\u00e9s contenidor de les nostres experi\\u00e8ncies viscudes. \\u00c9s un mapa que delata amors i desamors, triomfs, dolors i desencisos.\\u00a0<\\\/p>\\n\n\n<p>Tantes persones, experi\\u00e8ncies, feines, paisatges que han passat per la nostra vida\\u2026 I hem anat trobant una manera de tirar endavant, de sortir-nos-en de tot\\u2026 I hem creat la nostra manera.<\\\/p>\\n\n\n<p>Per\\u00f2 hi ha coses que s\\u2019enquisten, que es repeteixen\\u2026 All\\u00f2 d\\u2019ensopegar amb la mateixa pedra que sembla que nom\\u00e9s em passi a mi, amb les feines, amb les relacions, amb\\u2026 i com \\u00e9s que em torna a passar? Com \\u00e9s que encara no ho he apr\\u00e8s?<\\\/p>\\n\n\n<p>Trobar un espai on desplegar les dificultats, els dubtes, els embolics interns\\u2026, Permet revisar-ho, posar-hi ordre. Sentir-te acompanyada en aquest cam\\u00ed tamb\\u00e9 obre la possibilitat d\\u2019afegir noves perspectives, incloure aspectes que han quedat desterrats i que donen una nova mirada a la teva hist\\u00f2ria i a l\\u2019autopercepci\\u00f3.<\\\/p>\\n\n\n<p>Sovint l\\u2019experi\\u00e8ncia val m\\u00e9s que mil paraules!<\\\/p>\",\"margin\":\"default\",\"text_align\":\"justify\"}}]}],\"props\":{\"column_gap\":\"large\",\"layout\":\"2-5,3-5\",\"margin\":\"medium\",\"width\":\"small\"}},{\"type\":\"row\",\"children\":[{\"type\":\"column\",\"props\":{\"image_position\":\"center-center\",\"position_sticky_breakpoint\":\"m\"},\"children\":[{\"type\":\"headline\",\"props\":{\"content\":\"<em>T\\u2019animo que ho provis!<\\\/em>\",\"margin\":\"large\",\"margin_remove_bottom\":true,\"text_align\":\"center\",\"title_element\":\"h3\",\"title_style\":\"h3\"}},{\"type\":\"button\",\"props\":{\"grid_column_gap\":\"small\",\"grid_row_gap\":\"small\",\"margin\":\"medium\",\"text_align\":\"center\"},\"children\":[{\"type\":\"button_item\",\"props\":{\"button_style\":\"secondary\",\"content\":\"CONTACTAR\",\"dialog_layout\":\"modal\",\"dialog_offcanvas_flip\":true,\"icon_align\":\"left\",\"link\":\"ca\\\/contacte\\\/\"}}],\"name\":\"boton contactar\"}]}],\"props\":{\"height\":\"pixels\",\"height_viewport\":150}}],\"name\":\"ADULTOS\"},{\"type\":\"section\",\"props\":{\"divider_height\":\"120\",\"divider_layers_gap\":\"5\",\"divider_layers_opacity\":\"0.5\",\"divider_position\":\"top\",\"divider_responsive\":true,\"divider_shadow_blur_radius\":\"5\",\"divider_shadow_color\":\"#00000080\",\"divider_shadow_offset_x\":\"0\",\"divider_shadow_offset_y\":\"5\",\"divider_width\":\"100\",\"image_position\":\"center-center\",\"padding_custom_bottom\":\"70\",\"padding_custom_top\":\"70\",\"style\":\"muted\",\"style_custom_color\":\"#ccc\",\"title_breakpoint\":\"xl\",\"title_position\":\"top-left\",\"title_rotation\":\"left\",\"vertical_align\":\"middle\",\"width\":\"default\"},\"children\":[{\"type\":\"row\",\"children\":[{\"type\":\"column\",\"props\":{\"image_position\":\"center-center\",\"position_sticky_breakpoint\":\"m\"}}]}]}],\"version\":\"4.5.13\"} --><\/p>\n","protected":false},"excerpt":{"rendered":"<p>Ter\u00e0pia per a adults Com \u00e9s que em torna a passar ? Si est\u00e0s llegint aquest apartat perqu\u00e8 \u00e9s el tram vital que et toca per edat, vol dir que portes incorporades* les fases anteriors, aix\u00ed que potser no t\u2019anir\u00e0 malament fer-hi un cop d&#8217;ull. *el nostre cos \u00e9s contenidor de les nostres experi\u00e8ncies viscudes. [&hellip;]<\/p>\n","protected":false},"author":1,"featured_media":0,"parent":631,"menu_order":0,"comment_status":"closed","ping_status":"closed","template":"","meta":{"_joinchat":[],"footnotes":""},"class_list":["post-632","page","type-page","status-publish","hentry"],"yoast_head":"<!-- This site is optimized with the Yoast SEO plugin v25.3 - https:\/\/yoast.com\/wordpress\/plugins\/seo\/ -->\n<title>Ter\u00e0pia per adults - EMMA PUXAN<\/title>\n<meta name=\"robots\" content=\"index, follow, max-snippet:-1, max-image-preview:large, max-video-preview:-1\" \/>\n<link rel=\"canonical\" href=\"https:\/\/emmapuxan.com\/ca\/atencio-individual-psicologia-i-psicoterapia\/terapia-per-adults\/\" \/>\n<meta property=\"og:locale\" content=\"ca_ES\" \/>\n<meta property=\"og:type\" content=\"article\" \/>\n<meta property=\"og:title\" content=\"Ter\u00e0pia per adults - EMMA PUXAN\" \/>\n<meta property=\"og:description\" content=\"Ter\u00e0pia per a adults Com \u00e9s que em torna a passar ? Si est\u00e0s llegint aquest apartat perqu\u00e8 \u00e9s el tram vital que et toca per edat, vol dir que portes incorporades* les fases anteriors, aix\u00ed que potser no t\u2019anir\u00e0 malament fer-hi un cop d&#8217;ull. *el nostre cos \u00e9s contenidor de les nostres experi\u00e8ncies viscudes. [&hellip;]\" \/>\n<meta property=\"og:url\" content=\"https:\/\/emmapuxan.com\/ca\/atencio-individual-psicologia-i-psicoterapia\/terapia-per-adults\/\" \/>\n<meta property=\"og:site_name\" content=\"EMMA PUXAN\" \/>\n<meta property=\"article:modified_time\" content=\"2025-06-03T13:09:37+00:00\" \/>\n<meta property=\"og:image\" content=\"https:\/\/emmapuxan.com\/wp-content\/uploads\/2025\/05\/cab-ondas2.jpg\" \/>\n\t<meta property=\"og:image:width\" content=\"2400\" \/>\n\t<meta property=\"og:image:height\" content=\"1250\" \/>\n\t<meta property=\"og:image:type\" content=\"image\/jpeg\" \/>\n<meta name=\"twitter:card\" content=\"summary_large_image\" \/>\n<meta name=\"twitter:label1\" content=\"Temps estimat de lectura\" \/>\n\t<meta name=\"twitter:data1\" content=\"1 minut\" \/>\n<script type=\"application\/ld+json\" class=\"yoast-schema-graph\">{\"@context\":\"https:\/\/schema.org\",\"@graph\":[{\"@type\":\"WebPage\",\"@id\":\"https:\/\/emmapuxan.com\/ca\/atencio-individual-psicologia-i-psicoterapia\/terapia-per-adults\/\",\"url\":\"https:\/\/emmapuxan.com\/ca\/atencio-individual-psicologia-i-psicoterapia\/terapia-per-adults\/\",\"name\":\"Ter\u00e0pia per adults - EMMA PUXAN\",\"isPartOf\":{\"@id\":\"https:\/\/emmapuxan.com\/ca\/#website\"},\"datePublished\":\"2025-02-07T14:16:59+00:00\",\"dateModified\":\"2025-06-03T13:09:37+00:00\",\"breadcrumb\":{\"@id\":\"https:\/\/emmapuxan.com\/ca\/atencio-individual-psicologia-i-psicoterapia\/terapia-per-adults\/#breadcrumb\"},\"inLanguage\":\"ca\",\"potentialAction\":[{\"@type\":\"ReadAction\",\"target\":[\"https:\/\/emmapuxan.com\/ca\/atencio-individual-psicologia-i-psicoterapia\/terapia-per-adults\/\"]}]},{\"@type\":\"BreadcrumbList\",\"@id\":\"https:\/\/emmapuxan.com\/ca\/atencio-individual-psicologia-i-psicoterapia\/terapia-per-adults\/#breadcrumb\",\"itemListElement\":[{\"@type\":\"ListItem\",\"position\":1,\"name\":\"Portada\",\"item\":\"https:\/\/emmapuxan.com\/ca\/\"},{\"@type\":\"ListItem\",\"position\":2,\"name\":\"Atenci\u00f3 individual psicologia i psicoter\u00e0pia\",\"item\":\"https:\/\/emmapuxan.com\/ca\/atencio-individual-psicologia-i-psicoterapia\/\"},{\"@type\":\"ListItem\",\"position\":3,\"name\":\"Ter\u00e0pia per adults\"}]},{\"@type\":\"WebSite\",\"@id\":\"https:\/\/emmapuxan.com\/ca\/#website\",\"url\":\"https:\/\/emmapuxan.com\/ca\/\",\"name\":\"EMMA PUXAN PSICOTERAPIA\",\"description\":\"Psicoterapia en Girona\",\"publisher\":{\"@id\":\"https:\/\/emmapuxan.com\/ca\/#organization\"},\"alternateName\":\"Piscologia y psicoterapia Girona\",\"potentialAction\":[{\"@type\":\"SearchAction\",\"target\":{\"@type\":\"EntryPoint\",\"urlTemplate\":\"https:\/\/emmapuxan.com\/ca\/?s={search_term_string}\"},\"query-input\":{\"@type\":\"PropertyValueSpecification\",\"valueRequired\":true,\"valueName\":\"search_term_string\"}}],\"inLanguage\":\"ca\"},{\"@type\":\"Organization\",\"@id\":\"https:\/\/emmapuxan.com\/ca\/#organization\",\"name\":\"EMMA PUXAN\",\"alternateName\":\"Psicolog\u00eda & Psicoterapia\",\"url\":\"https:\/\/emmapuxan.com\/ca\/\",\"logo\":{\"@type\":\"ImageObject\",\"inLanguage\":\"ca\",\"@id\":\"https:\/\/emmapuxan.com\/ca\/#\/schema\/logo\/image\/\",\"url\":\"https:\/\/emmapuxan.com\/wp-content\/uploads\/2025\/05\/icon-touch_emma.png\",\"contentUrl\":\"https:\/\/emmapuxan.com\/wp-content\/uploads\/2025\/05\/icon-touch_emma.png\",\"width\":297,\"height\":297,\"caption\":\"EMMA PUXAN\"},\"image\":{\"@id\":\"https:\/\/emmapuxan.com\/ca\/#\/schema\/logo\/image\/\"}}]}<\/script>\n<!-- \/ Yoast SEO plugin. -->","yoast_head_json":{"title":"Ter\u00e0pia per adults - EMMA PUXAN","robots":{"index":"index","follow":"follow","max-snippet":"max-snippet:-1","max-image-preview":"max-image-preview:large","max-video-preview":"max-video-preview:-1"},"canonical":"https:\/\/emmapuxan.com\/ca\/atencio-individual-psicologia-i-psicoterapia\/terapia-per-adults\/","og_locale":"ca_ES","og_type":"article","og_title":"Ter\u00e0pia per adults - EMMA PUXAN","og_description":"Ter\u00e0pia per a adults Com \u00e9s que em torna a passar ? Si est\u00e0s llegint aquest apartat perqu\u00e8 \u00e9s el tram vital que et toca per edat, vol dir que portes incorporades* les fases anteriors, aix\u00ed que potser no t\u2019anir\u00e0 malament fer-hi un cop d&#8217;ull. *el nostre cos \u00e9s contenidor de les nostres experi\u00e8ncies viscudes. [&hellip;]","og_url":"https:\/\/emmapuxan.com\/ca\/atencio-individual-psicologia-i-psicoterapia\/terapia-per-adults\/","og_site_name":"EMMA PUXAN","article_modified_time":"2025-06-03T13:09:37+00:00","og_image":[{"width":2400,"height":1250,"url":"https:\/\/emmapuxan.com\/wp-content\/uploads\/2025\/05\/cab-ondas2.jpg","type":"image\/jpeg"}],"twitter_card":"summary_large_image","twitter_misc":{"Temps estimat de lectura":"1 minut"},"schema":{"@context":"https:\/\/schema.org","@graph":[{"@type":"WebPage","@id":"https:\/\/emmapuxan.com\/ca\/atencio-individual-psicologia-i-psicoterapia\/terapia-per-adults\/","url":"https:\/\/emmapuxan.com\/ca\/atencio-individual-psicologia-i-psicoterapia\/terapia-per-adults\/","name":"Ter\u00e0pia per adults - EMMA PUXAN","isPartOf":{"@id":"https:\/\/emmapuxan.com\/ca\/#website"},"datePublished":"2025-02-07T14:16:59+00:00","dateModified":"2025-06-03T13:09:37+00:00","breadcrumb":{"@id":"https:\/\/emmapuxan.com\/ca\/atencio-individual-psicologia-i-psicoterapia\/terapia-per-adults\/#breadcrumb"},"inLanguage":"ca","potentialAction":[{"@type":"ReadAction","target":["https:\/\/emmapuxan.com\/ca\/atencio-individual-psicologia-i-psicoterapia\/terapia-per-adults\/"]}]},{"@type":"BreadcrumbList","@id":"https:\/\/emmapuxan.com\/ca\/atencio-individual-psicologia-i-psicoterapia\/terapia-per-adults\/#breadcrumb","itemListElement":[{"@type":"ListItem","position":1,"name":"Portada","item":"https:\/\/emmapuxan.com\/ca\/"},{"@type":"ListItem","position":2,"name":"Atenci\u00f3 individual psicologia i psicoter\u00e0pia","item":"https:\/\/emmapuxan.com\/ca\/atencio-individual-psicologia-i-psicoterapia\/"},{"@type":"ListItem","position":3,"name":"Ter\u00e0pia per adults"}]},{"@type":"WebSite","@id":"https:\/\/emmapuxan.com\/ca\/#website","url":"https:\/\/emmapuxan.com\/ca\/","name":"EMMA PUXAN PSICOTERAPIA","description":"Psicoterapia en Girona","publisher":{"@id":"https:\/\/emmapuxan.com\/ca\/#organization"},"alternateName":"Piscologia y psicoterapia Girona","potentialAction":[{"@type":"SearchAction","target":{"@type":"EntryPoint","urlTemplate":"https:\/\/emmapuxan.com\/ca\/?s={search_term_string}"},"query-input":{"@type":"PropertyValueSpecification","valueRequired":true,"valueName":"search_term_string"}}],"inLanguage":"ca"},{"@type":"Organization","@id":"https:\/\/emmapuxan.com\/ca\/#organization","name":"EMMA PUXAN","alternateName":"Psicolog\u00eda & Psicoterapia","url":"https:\/\/emmapuxan.com\/ca\/","logo":{"@type":"ImageObject","inLanguage":"ca","@id":"https:\/\/emmapuxan.com\/ca\/#\/schema\/logo\/image\/","url":"https:\/\/emmapuxan.com\/wp-content\/uploads\/2025\/05\/icon-touch_emma.png","contentUrl":"https:\/\/emmapuxan.com\/wp-content\/uploads\/2025\/05\/icon-touch_emma.png","width":297,"height":297,"caption":"EMMA PUXAN"},"image":{"@id":"https:\/\/emmapuxan.com\/ca\/#\/schema\/logo\/image\/"}}]}},"_links":{"self":[{"href":"https:\/\/emmapuxan.com\/ca\/wp-json\/wp\/v2\/pages\/632","targetHints":{"allow":["GET"]}}],"collection":[{"href":"https:\/\/emmapuxan.com\/ca\/wp-json\/wp\/v2\/pages"}],"about":[{"href":"https:\/\/emmapuxan.com\/ca\/wp-json\/wp\/v2\/types\/page"}],"author":[{"embeddable":true,"href":"https:\/\/emmapuxan.com\/ca\/wp-json\/wp\/v2\/users\/1"}],"replies":[{"embeddable":true,"href":"https:\/\/emmapuxan.com\/ca\/wp-json\/wp\/v2\/comments?post=632"}],"version-history":[{"count":13,"href":"https:\/\/emmapuxan.com\/ca\/wp-json\/wp\/v2\/pages\/632\/revisions"}],"predecessor-version":[{"id":1457,"href":"https:\/\/emmapuxan.com\/ca\/wp-json\/wp\/v2\/pages\/632\/revisions\/1457"}],"up":[{"embeddable":true,"href":"https:\/\/emmapuxan.com\/ca\/wp-json\/wp\/v2\/pages\/631"}],"wp:attachment":[{"href":"https:\/\/emmapuxan.com\/ca\/wp-json\/wp\/v2\/media?parent=632"}],"curies":[{"name":"wp","href":"https:\/\/api.w.org\/{rel}","templated":true}]}}