{"id":635,"date":"2025-02-18T07:54:41","date_gmt":"2025-02-18T06:54:41","guid":{"rendered":"https:\/\/emmapuxan.com\/acompanyament-psicolegs-i-terapeutes\/"},"modified":"2025-06-18T23:56:05","modified_gmt":"2025-06-18T21:56:05","slug":"acompanyament-psicolegs-i-terapeutes","status":"publish","type":"page","link":"https:\/\/emmapuxan.com\/ca\/acompanyament-psicolegs-i-terapeutes\/","title":{"rendered":"Acompanyament psic\u00f2legs i terapeutes"},"content":{"rendered":"<h1>\n<p>Acompanyament i supervisi\u00f3<br \/>a psic\u00f2leg\/es i terapeutes novells<\/p>\n<\/h1>\n<h2>L&#8217; Art d&#8217;acompanyar<\/h2>\n<div>\n<p>Acompanyar a persones \u00e9s una tasca de gran complexitat. L&#8217;atenci\u00f3 directe requereix de moltes desicions i estrat\u00e8gies que s&#8217;han de prendre al moment i que poden desembocar a molts resultats diferents. Una tasca que compartida i reflexionada es va tornant Art amb el temps. \u00c9s per aix\u00f2 que\u2026<\/p>\n<\/div>\n<h3><em>T&#8217;acompanyo a acompanyar<\/em><\/h3>\n<div>\n<p>Els inicis de l\u2019atenci\u00f3 psicol\u00f2gica o terap\u00e8utica s\u00f3n complexos. La quantitat d\u2019informaci\u00f3 que rebem de l\u2019altra persona, la diversitat de llenguatges i maneres d\u2019expressar-se, la rapidesa en qu\u00e8 ens cal processar aquesta informaci\u00f3 i prendre decisions per anar avan\u00e7ant. Cada resposta obre nous camins de preguntes.\u00a0<\/p>\n<p>Quina informaci\u00f3 utilitzo de tota la que m\u2019arriba?<\/p>\n<p>Quin \u00e9s el ritme adequat perqu\u00e8 una persona accepti les nostres propostes?<\/p>\n<p>Qu\u00e8 fem si la persona no \u201cfa cas\u201d de les nostres indicacions?<\/p>\n<p>Quina hip\u00f2tesi de treball tinc?<\/p>\n<p>Com comunico la tasca?<\/p>\n<p>S\u00f3n tantes les preguntes que ens fem i tants els dubtes a resoldre quan estem als inicis d\u2019aquesta professi\u00f3.<\/p>\n<p>L\u2019art d\u2019acompanyar consisteix a anar adquirint tots aquests coneixements que ning\u00fa ensenya a la carrera. \u00c9s un ofici i com a tal, necessites trobar mestres i padrin@s que t\u2019expliquin sobre la seva manera.<\/p>\n<p>Un espai per resoldre dubtes, per adquirir recursos i estrat\u00e8gies d\u2019intervenci\u00f3 que permetin desenvolupar adequadament la nostra tasca<\/p>\n<\/div>\n<h3><em>Si vols m\u00e9s informaci\u00f3, contacta&#8217;m<\/em><\/h3>\n<p><p>\n        <a href=\"https:\/\/emmapuxan.com\/ca\/contacte\/\">CONTACTAR<\/a>\n    <\/p>\n<\/p>\n<p><!--more--><br \/>\n<!-- {\"type\":\"layout\",\"children\":[{\"type\":\"section\",\"props\":{\"divider_height\":\"120\",\"divider_layers_gap\":\"5\",\"divider_layers_opacity\":\"0.5\",\"divider_position\":\"top\",\"divider_responsive\":true,\"divider_shadow_blur_radius\":\"5\",\"divider_shadow_color\":\"#00000080\",\"divider_shadow_offset_x\":\"0\",\"divider_shadow_offset_y\":\"5\",\"divider_width\":\"100\",\"header_transparent\":true,\"height\":\"pixels\",\"height_viewport\":600,\"image\":\"wp-content\\\/uploads\\\/2025\\\/05\\\/cab-acompa-psico-1.jpg\",\"image_position\":\"center-center\",\"image_size\":\"cover\",\"media_overlay\":\"rgba(0, 0, 0, 0.11)\",\"padding\":\"large\",\"padding_custom_bottom\":\"70\",\"padding_custom_top\":\"70\",\"style\":\"default\",\"style_custom_color\":\"#ccc\",\"text_color\":\"light\",\"title_breakpoint\":\"xl\",\"title_position\":\"top-left\",\"title_rotation\":\"left\",\"vertical_align\":\"middle\",\"width\":\"default\"},\"children\":[{\"type\":\"row\",\"children\":[{\"type\":\"column\",\"props\":{\"image_position\":\"center-center\",\"position_sticky_breakpoint\":\"m\"},\"children\":[{\"type\":\"headline\",\"props\":{\"content\":\"\n\n<p>Acompanyament i supervisi\\u00f3<br \\\/>a psic\\u00f2leg\\\/es i terapeutes novells<\\\/p>\",\"text_align\":\"center\",\"title_element\":\"h1\",\"title_style\":\"heading-medium\"}}]}]}],\"name\":\"CABECERA\"},{\"type\":\"section\",\"props\":{\"divider_color_inherit_section\":true,\"divider_flip\":true,\"divider_height\":\"120\",\"divider_invert\":false,\"divider_layers_gap\":\"5\",\"divider_layers_opacity\":\"0.5\",\"divider_position\":\"top-outside\",\"divider_responsive\":true,\"divider_shadow_blur_radius\":\"5\",\"divider_shadow_color\":\"#00000080\",\"divider_shadow_offset_x\":\"0\",\"divider_shadow_offset_y\":\"5\",\"divider_shape\":\"blob-2\",\"divider_width\":\"100\",\"image_position\":\"center-center\",\"padding_custom_bottom\":\"70\",\"padding_custom_top\":\"70\",\"padding_remove_bottom\":false,\"padding_remove_top\":false,\"style\":\"muted\",\"style_custom_color\":\"#ccc\",\"title_breakpoint\":\"xl\",\"title_position\":\"top-left\",\"title_rotation\":\"left\",\"vertical_align\":\"\",\"width\":\"small\"},\"children\":[{\"type\":\"row\",\"children\":[{\"type\":\"column\",\"props\":{\"image_position\":\"center-center\",\"position_sticky_breakpoint\":\"m\"},\"children\":[{\"type\":\"headline\",\"props\":{\"block_align\":\"center\",\"content\":\"L' Art d'acompanyar\",\"maxwidth\":\"2xlarge\",\"text_align\":\"left\",\"title_element\":\"h2\",\"title_style\":\"h1\"}},{\"type\":\"text\",\"props\":{\"block_align\":\"center\",\"column_breakpoint\":\"m\",\"content\":\"\n\n<p>Acompanyar a persones \\u00e9s una tasca de gran complexitat. L'atenci\\u00f3 directe requereix de moltes desicions i estrat\\u00e8gies que s'han de prendre al moment i que poden desembocar a molts resultats diferents. Una tasca que compartida i reflexionada es va tornant Art amb el temps. \\u00c9s per aix\\u00f2 que\\u2026<\\\/p>\",\"margin\":\"default\",\"maxwidth\":\"2xlarge\",\"text_align\":\"justify\"}},{\"type\":\"headline\",\"props\":{\"block_align\":\"center\",\"content\":\"<em>T'acompanyo a acompanyar<\\\/em>\",\"margin_remove_top\":true,\"maxwidth\":\"2xlarge\",\"text_align\":\"right\",\"title_element\":\"h3\",\"title_style\":\"h2\"},\"name\":\"t'acompanyo\"}]}],\"props\":{\"height_viewport\":300}},{\"type\":\"row\",\"children\":[{\"type\":\"column\",\"props\":{\"image_position\":\"center-center\",\"position_sticky_breakpoint\":\"m\",\"vertical_align\":\"middle\"},\"children\":[{\"type\":\"text\",\"props\":{\"block_align\":\"center\",\"column_breakpoint\":\"m\",\"content\":\"\n\n<p>Els inicis de l\\u2019atenci\\u00f3 psicol\\u00f2gica o terap\\u00e8utica s\\u00f3n complexos. La quantitat d\\u2019informaci\\u00f3 que rebem de l\\u2019altra persona, la diversitat de llenguatges i maneres d\\u2019expressar-se, la rapidesa en qu\\u00e8 ens cal processar aquesta informaci\\u00f3 i prendre decisions per anar avan\\u00e7ant. Cada resposta obre nous camins de preguntes.\\u00a0<\\\/p>\\n\n\n<p>Quina informaci\\u00f3 utilitzo de tota la que m\\u2019arriba?<\\\/p>\\n\n\n<p>Quin \\u00e9s el ritme adequat perqu\\u00e8 una persona accepti les nostres propostes?<\\\/p>\\n\n\n<p>Qu\\u00e8 fem si la persona no \\u201cfa cas\\u201d de les nostres indicacions?<\\\/p>\\n\n\n<p>Quina hip\\u00f2tesi de treball tinc?<\\\/p>\\n\n\n<p>Com comunico la tasca?<\\\/p>\\n\n\n<p>S\\u00f3n tantes les preguntes que ens fem i tants els dubtes a resoldre quan estem als inicis d\\u2019aquesta professi\\u00f3.<\\\/p>\\n\n\n<p>L\\u2019art d\\u2019acompanyar consisteix a anar adquirint tots aquests coneixements que ning\\u00fa ensenya a la carrera. \\u00c9s un ofici i com a tal, necessites trobar mestres i padrin@s que t\\u2019expliquin sobre la seva manera.<\\\/p>\\n\n\n<p>Un espai per resoldre dubtes, per adquirir recursos i estrat\\u00e8gies d\\u2019intervenci\\u00f3 que permetin desenvolupar adequadament la nostra tasca<\\\/p>\",\"margin\":\"default\",\"maxwidth\":\"2xlarge\",\"text_align\":\"justify\"}}]}],\"props\":{\"column_gap\":\"large\",\"width\":\"small\"}},{\"type\":\"row\",\"children\":[{\"type\":\"column\",\"props\":{\"image_position\":\"center-center\",\"position_sticky_breakpoint\":\"m\"},\"children\":[{\"type\":\"headline\",\"props\":{\"block_align\":\"center\",\"content\":\"<em>Si vols m\\u00e9s informaci\\u00f3, contacta'm<\\\/em>\",\"maxwidth\":\"xlarge\",\"text_align\":\"center\",\"title_element\":\"h3\",\"title_style\":\"h4\"}},{\"type\":\"button\",\"props\":{\"grid_column_gap\":\"small\",\"grid_row_gap\":\"small\",\"margin\":\"medium\",\"text_align\":\"center\"},\"children\":[{\"type\":\"button_item\",\"props\":{\"button_style\":\"secondary\",\"content\":\"CONTACTAR\",\"dialog_layout\":\"modal\",\"dialog_offcanvas_flip\":true,\"icon_align\":\"left\",\"link\":\"ca\\\/contacte\\\/\"}}],\"name\":\"boton contactar\"}]}],\"props\":{\"height\":\"pixels\",\"height_viewport\":150,\"width\":\"small\"}}],\"name\":\"TEXTOS\"}],\"version\":\"4.5.13\"} --><\/p>\n","protected":false},"excerpt":{"rendered":"<p>Acompanyament i supervisi\u00f3a psic\u00f2leg\/es i terapeutes novells L&#8217; Art d&#8217;acompanyar Acompanyar a persones \u00e9s una tasca de gran complexitat. L&#8217;atenci\u00f3 directe requereix de moltes desicions i estrat\u00e8gies que s&#8217;han de prendre al moment i que poden desembocar a molts resultats diferents. Una tasca que compartida i reflexionada es va tornant Art amb el temps. \u00c9s [&hellip;]<\/p>\n","protected":false},"author":1,"featured_media":0,"parent":0,"menu_order":0,"comment_status":"closed","ping_status":"closed","template":"","meta":{"_joinchat":[],"footnotes":""},"class_list":["post-635","page","type-page","status-publish","hentry"],"yoast_head":"<!-- This site is optimized with the Yoast SEO plugin v25.3 - https:\/\/yoast.com\/wordpress\/plugins\/seo\/ -->\n<title>Acompanyament psic\u00f2legs i terapeutes - EMMA PUXAN<\/title>\n<meta name=\"robots\" content=\"index, follow, max-snippet:-1, max-image-preview:large, max-video-preview:-1\" \/>\n<link rel=\"canonical\" href=\"https:\/\/emmapuxan.com\/ca\/acompanyament-psicolegs-i-terapeutes\/\" \/>\n<meta property=\"og:locale\" content=\"ca_ES\" \/>\n<meta property=\"og:type\" content=\"article\" \/>\n<meta property=\"og:title\" content=\"Acompanyament psic\u00f2legs i terapeutes - EMMA PUXAN\" \/>\n<meta property=\"og:description\" content=\"Acompanyament i supervisi\u00f3a psic\u00f2leg\/es i terapeutes novells L&#8217; Art d&#8217;acompanyar Acompanyar a persones \u00e9s una tasca de gran complexitat. L&#8217;atenci\u00f3 directe requereix de moltes desicions i estrat\u00e8gies que s&#8217;han de prendre al moment i que poden desembocar a molts resultats diferents. Una tasca que compartida i reflexionada es va tornant Art amb el temps. \u00c9s [&hellip;]\" \/>\n<meta property=\"og:url\" content=\"https:\/\/emmapuxan.com\/ca\/acompanyament-psicolegs-i-terapeutes\/\" \/>\n<meta property=\"og:site_name\" content=\"EMMA PUXAN\" \/>\n<meta property=\"article:modified_time\" content=\"2025-06-18T21:56:05+00:00\" \/>\n<meta property=\"og:image\" content=\"https:\/\/emmapuxan.com\/wp-content\/uploads\/2025\/05\/cab-ondas2.jpg\" \/>\n\t<meta property=\"og:image:width\" content=\"2400\" \/>\n\t<meta property=\"og:image:height\" content=\"1250\" \/>\n\t<meta property=\"og:image:type\" content=\"image\/jpeg\" \/>\n<meta name=\"twitter:card\" content=\"summary_large_image\" \/>\n<meta name=\"twitter:label1\" content=\"Temps estimat de lectura\" \/>\n\t<meta name=\"twitter:data1\" content=\"1 minut\" \/>\n<script type=\"application\/ld+json\" class=\"yoast-schema-graph\">{\"@context\":\"https:\/\/schema.org\",\"@graph\":[{\"@type\":\"WebPage\",\"@id\":\"https:\/\/emmapuxan.com\/ca\/acompanyament-psicolegs-i-terapeutes\/\",\"url\":\"https:\/\/emmapuxan.com\/ca\/acompanyament-psicolegs-i-terapeutes\/\",\"name\":\"Acompanyament psic\u00f2legs i terapeutes - EMMA PUXAN\",\"isPartOf\":{\"@id\":\"https:\/\/emmapuxan.com\/ca\/#website\"},\"datePublished\":\"2025-02-18T06:54:41+00:00\",\"dateModified\":\"2025-06-18T21:56:05+00:00\",\"breadcrumb\":{\"@id\":\"https:\/\/emmapuxan.com\/ca\/acompanyament-psicolegs-i-terapeutes\/#breadcrumb\"},\"inLanguage\":\"ca\",\"potentialAction\":[{\"@type\":\"ReadAction\",\"target\":[\"https:\/\/emmapuxan.com\/ca\/acompanyament-psicolegs-i-terapeutes\/\"]}]},{\"@type\":\"BreadcrumbList\",\"@id\":\"https:\/\/emmapuxan.com\/ca\/acompanyament-psicolegs-i-terapeutes\/#breadcrumb\",\"itemListElement\":[{\"@type\":\"ListItem\",\"position\":1,\"name\":\"Portada\",\"item\":\"https:\/\/emmapuxan.com\/ca\/\"},{\"@type\":\"ListItem\",\"position\":2,\"name\":\"Acompanyament psic\u00f2legs i terapeutes\"}]},{\"@type\":\"WebSite\",\"@id\":\"https:\/\/emmapuxan.com\/ca\/#website\",\"url\":\"https:\/\/emmapuxan.com\/ca\/\",\"name\":\"EMMA PUXAN PSICOTERAPIA\",\"description\":\"Psicoterapia en Girona\",\"publisher\":{\"@id\":\"https:\/\/emmapuxan.com\/ca\/#organization\"},\"alternateName\":\"Piscologia y psicoterapia Girona\",\"potentialAction\":[{\"@type\":\"SearchAction\",\"target\":{\"@type\":\"EntryPoint\",\"urlTemplate\":\"https:\/\/emmapuxan.com\/ca\/?s={search_term_string}\"},\"query-input\":{\"@type\":\"PropertyValueSpecification\",\"valueRequired\":true,\"valueName\":\"search_term_string\"}}],\"inLanguage\":\"ca\"},{\"@type\":\"Organization\",\"@id\":\"https:\/\/emmapuxan.com\/ca\/#organization\",\"name\":\"EMMA PUXAN\",\"alternateName\":\"Psicolog\u00eda & Psicoterapia\",\"url\":\"https:\/\/emmapuxan.com\/ca\/\",\"logo\":{\"@type\":\"ImageObject\",\"inLanguage\":\"ca\",\"@id\":\"https:\/\/emmapuxan.com\/ca\/#\/schema\/logo\/image\/\",\"url\":\"https:\/\/emmapuxan.com\/wp-content\/uploads\/2025\/05\/icon-touch_emma.png\",\"contentUrl\":\"https:\/\/emmapuxan.com\/wp-content\/uploads\/2025\/05\/icon-touch_emma.png\",\"width\":297,\"height\":297,\"caption\":\"EMMA PUXAN\"},\"image\":{\"@id\":\"https:\/\/emmapuxan.com\/ca\/#\/schema\/logo\/image\/\"}}]}<\/script>\n<!-- \/ Yoast SEO plugin. -->","yoast_head_json":{"title":"Acompanyament psic\u00f2legs i terapeutes - EMMA PUXAN","robots":{"index":"index","follow":"follow","max-snippet":"max-snippet:-1","max-image-preview":"max-image-preview:large","max-video-preview":"max-video-preview:-1"},"canonical":"https:\/\/emmapuxan.com\/ca\/acompanyament-psicolegs-i-terapeutes\/","og_locale":"ca_ES","og_type":"article","og_title":"Acompanyament psic\u00f2legs i terapeutes - EMMA PUXAN","og_description":"Acompanyament i supervisi\u00f3a psic\u00f2leg\/es i terapeutes novells L&#8217; Art d&#8217;acompanyar Acompanyar a persones \u00e9s una tasca de gran complexitat. L&#8217;atenci\u00f3 directe requereix de moltes desicions i estrat\u00e8gies que s&#8217;han de prendre al moment i que poden desembocar a molts resultats diferents. Una tasca que compartida i reflexionada es va tornant Art amb el temps. \u00c9s [&hellip;]","og_url":"https:\/\/emmapuxan.com\/ca\/acompanyament-psicolegs-i-terapeutes\/","og_site_name":"EMMA PUXAN","article_modified_time":"2025-06-18T21:56:05+00:00","og_image":[{"width":2400,"height":1250,"url":"https:\/\/emmapuxan.com\/wp-content\/uploads\/2025\/05\/cab-ondas2.jpg","type":"image\/jpeg"}],"twitter_card":"summary_large_image","twitter_misc":{"Temps estimat de lectura":"1 minut"},"schema":{"@context":"https:\/\/schema.org","@graph":[{"@type":"WebPage","@id":"https:\/\/emmapuxan.com\/ca\/acompanyament-psicolegs-i-terapeutes\/","url":"https:\/\/emmapuxan.com\/ca\/acompanyament-psicolegs-i-terapeutes\/","name":"Acompanyament psic\u00f2legs i terapeutes - EMMA PUXAN","isPartOf":{"@id":"https:\/\/emmapuxan.com\/ca\/#website"},"datePublished":"2025-02-18T06:54:41+00:00","dateModified":"2025-06-18T21:56:05+00:00","breadcrumb":{"@id":"https:\/\/emmapuxan.com\/ca\/acompanyament-psicolegs-i-terapeutes\/#breadcrumb"},"inLanguage":"ca","potentialAction":[{"@type":"ReadAction","target":["https:\/\/emmapuxan.com\/ca\/acompanyament-psicolegs-i-terapeutes\/"]}]},{"@type":"BreadcrumbList","@id":"https:\/\/emmapuxan.com\/ca\/acompanyament-psicolegs-i-terapeutes\/#breadcrumb","itemListElement":[{"@type":"ListItem","position":1,"name":"Portada","item":"https:\/\/emmapuxan.com\/ca\/"},{"@type":"ListItem","position":2,"name":"Acompanyament psic\u00f2legs i terapeutes"}]},{"@type":"WebSite","@id":"https:\/\/emmapuxan.com\/ca\/#website","url":"https:\/\/emmapuxan.com\/ca\/","name":"EMMA PUXAN PSICOTERAPIA","description":"Psicoterapia en Girona","publisher":{"@id":"https:\/\/emmapuxan.com\/ca\/#organization"},"alternateName":"Piscologia y psicoterapia Girona","potentialAction":[{"@type":"SearchAction","target":{"@type":"EntryPoint","urlTemplate":"https:\/\/emmapuxan.com\/ca\/?s={search_term_string}"},"query-input":{"@type":"PropertyValueSpecification","valueRequired":true,"valueName":"search_term_string"}}],"inLanguage":"ca"},{"@type":"Organization","@id":"https:\/\/emmapuxan.com\/ca\/#organization","name":"EMMA PUXAN","alternateName":"Psicolog\u00eda & Psicoterapia","url":"https:\/\/emmapuxan.com\/ca\/","logo":{"@type":"ImageObject","inLanguage":"ca","@id":"https:\/\/emmapuxan.com\/ca\/#\/schema\/logo\/image\/","url":"https:\/\/emmapuxan.com\/wp-content\/uploads\/2025\/05\/icon-touch_emma.png","contentUrl":"https:\/\/emmapuxan.com\/wp-content\/uploads\/2025\/05\/icon-touch_emma.png","width":297,"height":297,"caption":"EMMA PUXAN"},"image":{"@id":"https:\/\/emmapuxan.com\/ca\/#\/schema\/logo\/image\/"}}]}},"_links":{"self":[{"href":"https:\/\/emmapuxan.com\/ca\/wp-json\/wp\/v2\/pages\/635","targetHints":{"allow":["GET"]}}],"collection":[{"href":"https:\/\/emmapuxan.com\/ca\/wp-json\/wp\/v2\/pages"}],"about":[{"href":"https:\/\/emmapuxan.com\/ca\/wp-json\/wp\/v2\/types\/page"}],"author":[{"embeddable":true,"href":"https:\/\/emmapuxan.com\/ca\/wp-json\/wp\/v2\/users\/1"}],"replies":[{"embeddable":true,"href":"https:\/\/emmapuxan.com\/ca\/wp-json\/wp\/v2\/comments?post=635"}],"version-history":[{"count":17,"href":"https:\/\/emmapuxan.com\/ca\/wp-json\/wp\/v2\/pages\/635\/revisions"}],"predecessor-version":[{"id":1525,"href":"https:\/\/emmapuxan.com\/ca\/wp-json\/wp\/v2\/pages\/635\/revisions\/1525"}],"wp:attachment":[{"href":"https:\/\/emmapuxan.com\/ca\/wp-json\/wp\/v2\/media?parent=635"}],"curies":[{"name":"wp","href":"https:\/\/api.w.org\/{rel}","templated":true}]}}