{"id":636,"date":"2025-02-07T15:16:23","date_gmt":"2025-02-07T14:16:23","guid":{"rendered":"https:\/\/emmapuxan.com\/atencio-individual-psicologia-i-psicoterapia\/terapia-per-adolescents\/"},"modified":"2025-06-03T14:27:40","modified_gmt":"2025-06-03T12:27:40","slug":"terapia-per-adolescents","status":"publish","type":"page","link":"https:\/\/emmapuxan.com\/ca\/atencio-individual-psicologia-i-psicoterapia\/terapia-per-adolescents\/","title":{"rendered":"Ter\u00e0pia per adolescents"},"content":{"rendered":"<h1>Ter\u00e0pia per a adolescents<\/h1>\n<h2><em>Ser Adolescent no \u00e9s GENS f\u00e0cil\u2026<\/em><\/h2>\n<h3><em>Qui t\u2019ho ha d\u2019explicar, tu que ho est\u00e0s vivint de primera m\u00e0! i qui digui el contrari \u00e9s que potser no se\u2019n recorda massa de la seva<\/em><\/h3>\n<p><img decoding=\"async\" src=\"\/wp-content\/uploads\/2025\/03\/Adolescent-1.jpg\" alt=\"\"><\/p>\n<div>\n<p>Ets Adolescent? et convido a llegir l\u2019article <a href=\"https:\/\/emmapuxan.com\/ca\/ser-adolescent\/\">SER ADOLESCENT<\/a><\/p>\n<p>La ter\u00e0pia \u00e9s un espai tranquil i segur per poder compartir moltes coses que et fan ballar el cap, que et fan perdre la son o que et roben el somriure. Coses que\u00a0 potser no explicaries a un amic@ per por a que no t\u2019entengui o als pares perqu\u00e8 no es preocupin massa. Quan t\u2019ho has de solucionar tu sol@, de vegades s\u2019acaba embolicant m\u00e9s tot i entre dos, potser \u00e9s m\u00e9s f\u00e0cil anar trobant la manera de resoldre problemes, no creus?<\/p>\n<p>Perqu\u00e8 fer-se gran no \u00e9s tornar-se seri\u00f3s i nom\u00e9s treballar&#8230; Fer-se gran \u00e9s anar agafant la responsabilitat d\u2019anar escollint a poc a poc la vida que vols per tu.<\/p>\n<p>Sentir-te escoltat@ i acompanyat@ en moments aix\u00ed fa que el cam\u00ed sigui m\u00e9s f\u00e0cil i fins i tot divertit.<\/p>\n<p>Si vols saber de qu\u00e8 et parlo, vine i prova-ho tu mateix@<\/p>\n<p>Espai obert a qualsevol tema que et neguitegi sense comprom\u00eds de continuar<\/p>\n<\/div>\n<h3><em>Necessites ajuda? vine&#8217;m a veure<\/em><\/h3>\n<p><p>\n        <a href=\"https:\/\/emmapuxan.com\/ca\/contacte\/\">CONTACTAR<\/a>\n    <\/p>\n<\/p>\n<p><!--more--><br \/>\n<!-- {\"type\":\"layout\",\"children\":[{\"type\":\"section\",\"props\":{\"divider_height\":\"120\",\"divider_layers_gap\":\"5\",\"divider_layers_opacity\":\"0.5\",\"divider_position\":\"top\",\"divider_responsive\":true,\"divider_shadow_blur_radius\":\"5\",\"divider_shadow_color\":\"#00000080\",\"divider_shadow_offset_x\":\"0\",\"divider_shadow_offset_y\":\"5\",\"divider_width\":\"100\",\"header_transparent\":true,\"height\":\"pixels\",\"height_viewport\":600,\"image_position\":\"center-center\",\"padding\":\"large\",\"padding_custom_bottom\":\"70\",\"padding_custom_top\":\"70\",\"style\":\"default\",\"style_custom_color\":\"#ccc\",\"text_color\":\"light\",\"title_breakpoint\":\"xl\",\"title_position\":\"top-left\",\"title_rotation\":\"left\",\"vertical_align\":\"middle\",\"video\":\"wp-content\\\/uploads\\\/2025\\\/02\\\/run-adolescents.mp4\",\"width\":\"default\"},\"children\":[{\"type\":\"row\",\"children\":[{\"type\":\"column\",\"props\":{\"image_position\":\"center-center\",\"position_sticky_breakpoint\":\"m\"},\"children\":[{\"type\":\"headline\",\"props\":{\"content\":\"Ter\\u00e0pia per a adolescents\",\"text_align\":\"center\",\"title_element\":\"h1\",\"title_style\":\"heading-medium\"}}]}]}]},{\"type\":\"section\",\"props\":{\"divider_color_inherit_section\":true,\"divider_flip\":true,\"divider_height\":\"120\",\"divider_invert\":false,\"divider_layers_gap\":\"5\",\"divider_layers_opacity\":\"0.5\",\"divider_position\":\"top-outside\",\"divider_responsive\":true,\"divider_shadow_blur_radius\":\"5\",\"divider_shadow_color\":\"#00000080\",\"divider_shadow_offset_x\":\"0\",\"divider_shadow_offset_y\":\"5\",\"divider_shape\":\"blob-2\",\"divider_width\":\"100\",\"image_position\":\"center-center\",\"padding_custom_bottom\":\"70\",\"padding_custom_top\":\"70\",\"padding_remove_bottom\":false,\"padding_remove_top\":false,\"style\":\"muted\",\"style_custom_color\":\"#ccc\",\"title_breakpoint\":\"xl\",\"title_position\":\"top-left\",\"title_rotation\":\"left\",\"vertical_align\":\"\",\"width\":\"small\"},\"children\":[{\"type\":\"row\",\"children\":[{\"type\":\"column\",\"props\":{\"image_position\":\"center-center\",\"position_sticky_breakpoint\":\"m\"},\"children\":[{\"type\":\"cf-typer\",\"props\":{\"back_delay\":1,\"back_speed\":0.1,\"cursor_char\":\"_\",\"fade_out\":true,\"fade_out_delay\":0.5,\"loop\":false,\"show_cursor\":false,\"shuffle\":true,\"smart_backspace\":true,\"start_delay\":\"0.2\",\"status\":\"disabled\",\"text\":\"\n\n<p><em>Ser Adolescent no \\u00e9s GENS f\\u00e0cil\\u2026<\\\/em><\\\/p>\",\"text_align\":\"center\",\"type_speed\":\"0.07\",\"typer_element\":\"div\",\"typer_style\":\"h1\",\"typer_trigger\":\"inview\"}},{\"type\":\"headline\",\"props\":{\"block_align\":\"center\",\"content\":\"<em>Ser Adolescent no \\u00e9s GENS f\\u00e0cil\\u2026<\\\/em>\",\"maxwidth\":\"2xlarge\",\"text_align\":\"right\",\"title_element\":\"h2\",\"title_style\":\"h1\"},\"name\":\"Te acompa\\u00f1o a acompa\\u00f1ar\"},{\"type\":\"headline\",\"props\":{\"content\":\"<em>Qui t\\u2019ho ha d\\u2019explicar, tu que ho est\\u00e0s vivint de primera m\\u00e0! i qui digui el contrari \\u00e9s que potser no se\\u2019n recorda massa de la seva<\\\/em>\",\"text_align\":\"center\",\"title_element\":\"h3\",\"title_style\":\"h3\"}}]}],\"props\":{\"height_viewport\":300}},{\"type\":\"row\",\"children\":[{\"type\":\"column\",\"props\":{\"image_position\":\"center-center\",\"position_sticky_breakpoint\":\"m\",\"vertical_align\":\"middle\",\"width_medium\":\"2-5\"},\"children\":[{\"type\":\"image\",\"props\":{\"animation\":\"fade\",\"image\":\"wp-content\\\/uploads\\\/2025\\\/03\\\/Adolescent-1.jpg\",\"image_svg_color\":\"emphasis\",\"image_width\":\"580\",\"margin\":\"default\",\"parallax_breakpoint\":\"s\",\"parallax_opacity\":\"0 0%,5\",\"parallax_start\":\"50vh\",\"parallax_y\":\"100,-300\"}}]},{\"type\":\"column\",\"props\":{\"image_position\":\"center-center\",\"position_sticky_breakpoint\":\"m\",\"width_medium\":\"3-5\"},\"children\":[{\"type\":\"text\",\"props\":{\"column_breakpoint\":\"m\",\"content\":\"\n\n<p>Ets Adolescent? et convido a llegir l\\u2019article <a href=\\\"https:\\\/\\\/emmapuxan.com\\\/ca\\\/ser-adolescent\\\/\\\">SER ADOLESCENT<\\\/a><\\\/p>\\n\n\n<p>La ter\\u00e0pia \\u00e9s un espai tranquil i segur per poder compartir moltes coses que et fan ballar el cap, que et fan perdre la son o que et roben el somriure. Coses que\\u00a0 potser no explicaries a un amic@ per por a que no t\\u2019entengui o als pares perqu\\u00e8 no es preocupin massa. Quan t\\u2019ho has de solucionar tu sol@, de vegades s\\u2019acaba embolicant m\\u00e9s tot i entre dos, potser \\u00e9s m\\u00e9s f\\u00e0cil anar trobant la manera de resoldre problemes, no creus?<\\\/p>\\n\n\n<p>Perqu\\u00e8 fer-se gran no \\u00e9s tornar-se seri\\u00f3s i nom\\u00e9s treballar... Fer-se gran \\u00e9s anar agafant la responsabilitat d\\u2019anar escollint a poc a poc la vida que vols per tu.<\\\/p>\\n\n\n<p>Sentir-te escoltat@ i acompanyat@ en moments aix\\u00ed fa que el cam\\u00ed sigui m\\u00e9s f\\u00e0cil i fins i tot divertit.<\\\/p>\\n\n\n<p>Si vols saber de qu\\u00e8 et parlo, vine i prova-ho tu mateix@<\\\/p>\\n\n\n<p>Espai obert a qualsevol tema que et neguitegi sense comprom\\u00eds de continuar<\\\/p>\",\"margin\":\"default\"}}]}],\"props\":{\"column_gap\":\"large\",\"layout\":\"2-5,3-5\",\"width\":\"small\"}},{\"type\":\"row\",\"children\":[{\"type\":\"column\",\"props\":{\"image_position\":\"center-center\",\"position_sticky_breakpoint\":\"m\"},\"children\":[{\"type\":\"headline\",\"props\":{\"content\":\"<em>Necessites ajuda? vine'm a veure<\\\/em>\",\"text_align\":\"center\",\"title_element\":\"h3\",\"title_style\":\"h3\"}},{\"type\":\"button\",\"props\":{\"grid_column_gap\":\"small\",\"grid_row_gap\":\"small\",\"margin\":\"medium\",\"text_align\":\"center\"},\"children\":[{\"type\":\"button_item\",\"props\":{\"button_style\":\"secondary\",\"content\":\"CONTACTAR\",\"dialog_layout\":\"modal\",\"dialog_offcanvas_flip\":true,\"icon_align\":\"left\",\"link\":\"ca\\\/contacte\\\/\"}}],\"name\":\"boton contactar\"}]}],\"props\":{\"height\":\"pixels\",\"height_viewport\":150}}],\"name\":\"ser adolescent\"},{\"type\":\"section\",\"props\":{\"divider_height\":\"120\",\"divider_layers_gap\":\"5\",\"divider_layers_opacity\":\"0.5\",\"divider_position\":\"top\",\"divider_responsive\":true,\"divider_shadow_blur_radius\":\"5\",\"divider_shadow_color\":\"#00000080\",\"divider_shadow_offset_x\":\"0\",\"divider_shadow_offset_y\":\"5\",\"divider_width\":\"100\",\"image_position\":\"center-center\",\"padding\":\"small\",\"padding_custom_bottom\":\"70\",\"padding_custom_top\":\"70\",\"style\":\"muted\",\"style_custom_color\":\"#ccc\",\"title_breakpoint\":\"xl\",\"title_position\":\"top-left\",\"title_rotation\":\"left\",\"vertical_align\":\"middle\",\"width\":\"default\"},\"children\":[{\"type\":\"row\",\"children\":[{\"type\":\"column\",\"props\":{\"image_position\":\"center-center\",\"position_sticky_breakpoint\":\"m\"}}]}]}],\"version\":\"4.5.13\"} --><\/p>\n","protected":false},"excerpt":{"rendered":"<p>Ter\u00e0pia per a adolescents Ser Adolescent no \u00e9s GENS f\u00e0cil\u2026 Qui t\u2019ho ha d\u2019explicar, tu que ho est\u00e0s vivint de primera m\u00e0! i qui digui el contrari \u00e9s que potser no se\u2019n recorda massa de la seva Ets Adolescent? et convido a llegir l\u2019article SER ADOLESCENT La ter\u00e0pia \u00e9s un espai tranquil i segur per [&hellip;]<\/p>\n","protected":false},"author":1,"featured_media":0,"parent":631,"menu_order":0,"comment_status":"closed","ping_status":"closed","template":"","meta":{"_joinchat":[],"footnotes":""},"class_list":["post-636","page","type-page","status-publish","hentry"],"yoast_head":"<!-- This site is optimized with the Yoast SEO plugin v25.3 - https:\/\/yoast.com\/wordpress\/plugins\/seo\/ -->\n<title>Ter\u00e0pia per adolescents - EMMA PUXAN<\/title>\n<meta name=\"robots\" content=\"index, follow, max-snippet:-1, max-image-preview:large, max-video-preview:-1\" \/>\n<link rel=\"canonical\" href=\"https:\/\/emmapuxan.com\/ca\/atencio-individual-psicologia-i-psicoterapia\/terapia-per-adolescents\/\" \/>\n<meta property=\"og:locale\" content=\"ca_ES\" \/>\n<meta property=\"og:type\" content=\"article\" \/>\n<meta property=\"og:title\" content=\"Ter\u00e0pia per adolescents - EMMA PUXAN\" \/>\n<meta property=\"og:description\" content=\"Ter\u00e0pia per a adolescents Ser Adolescent no \u00e9s GENS f\u00e0cil\u2026 Qui t\u2019ho ha d\u2019explicar, tu que ho est\u00e0s vivint de primera m\u00e0! i qui digui el contrari \u00e9s que potser no se\u2019n recorda massa de la seva Ets Adolescent? et convido a llegir l\u2019article SER ADOLESCENT La ter\u00e0pia \u00e9s un espai tranquil i segur per [&hellip;]\" \/>\n<meta property=\"og:url\" content=\"https:\/\/emmapuxan.com\/ca\/atencio-individual-psicologia-i-psicoterapia\/terapia-per-adolescents\/\" \/>\n<meta property=\"og:site_name\" content=\"EMMA PUXAN\" \/>\n<meta property=\"article:modified_time\" content=\"2025-06-03T12:27:40+00:00\" \/>\n<meta property=\"og:image\" content=\"https:\/\/emmapuxan.com\/wp-content\/uploads\/2025\/05\/cab-ondas2.jpg\" \/>\n\t<meta property=\"og:image:width\" content=\"2400\" \/>\n\t<meta property=\"og:image:height\" content=\"1250\" \/>\n\t<meta property=\"og:image:type\" content=\"image\/jpeg\" \/>\n<meta name=\"twitter:card\" content=\"summary_large_image\" \/>\n<meta name=\"twitter:label1\" content=\"Temps estimat de lectura\" \/>\n\t<meta name=\"twitter:data1\" content=\"1 minut\" \/>\n<script type=\"application\/ld+json\" class=\"yoast-schema-graph\">{\"@context\":\"https:\/\/schema.org\",\"@graph\":[{\"@type\":\"WebPage\",\"@id\":\"https:\/\/emmapuxan.com\/ca\/atencio-individual-psicologia-i-psicoterapia\/terapia-per-adolescents\/\",\"url\":\"https:\/\/emmapuxan.com\/ca\/atencio-individual-psicologia-i-psicoterapia\/terapia-per-adolescents\/\",\"name\":\"Ter\u00e0pia per adolescents - EMMA PUXAN\",\"isPartOf\":{\"@id\":\"https:\/\/emmapuxan.com\/ca\/#website\"},\"datePublished\":\"2025-02-07T14:16:23+00:00\",\"dateModified\":\"2025-06-03T12:27:40+00:00\",\"breadcrumb\":{\"@id\":\"https:\/\/emmapuxan.com\/ca\/atencio-individual-psicologia-i-psicoterapia\/terapia-per-adolescents\/#breadcrumb\"},\"inLanguage\":\"ca\",\"potentialAction\":[{\"@type\":\"ReadAction\",\"target\":[\"https:\/\/emmapuxan.com\/ca\/atencio-individual-psicologia-i-psicoterapia\/terapia-per-adolescents\/\"]}]},{\"@type\":\"BreadcrumbList\",\"@id\":\"https:\/\/emmapuxan.com\/ca\/atencio-individual-psicologia-i-psicoterapia\/terapia-per-adolescents\/#breadcrumb\",\"itemListElement\":[{\"@type\":\"ListItem\",\"position\":1,\"name\":\"Portada\",\"item\":\"https:\/\/emmapuxan.com\/ca\/\"},{\"@type\":\"ListItem\",\"position\":2,\"name\":\"Atenci\u00f3 individual psicologia i psicoter\u00e0pia\",\"item\":\"https:\/\/emmapuxan.com\/ca\/atencio-individual-psicologia-i-psicoterapia\/\"},{\"@type\":\"ListItem\",\"position\":3,\"name\":\"Ter\u00e0pia per adolescents\"}]},{\"@type\":\"WebSite\",\"@id\":\"https:\/\/emmapuxan.com\/ca\/#website\",\"url\":\"https:\/\/emmapuxan.com\/ca\/\",\"name\":\"EMMA PUXAN PSICOTERAPIA\",\"description\":\"Psicoterapia en Girona\",\"publisher\":{\"@id\":\"https:\/\/emmapuxan.com\/ca\/#organization\"},\"alternateName\":\"Piscologia y psicoterapia Girona\",\"potentialAction\":[{\"@type\":\"SearchAction\",\"target\":{\"@type\":\"EntryPoint\",\"urlTemplate\":\"https:\/\/emmapuxan.com\/ca\/?s={search_term_string}\"},\"query-input\":{\"@type\":\"PropertyValueSpecification\",\"valueRequired\":true,\"valueName\":\"search_term_string\"}}],\"inLanguage\":\"ca\"},{\"@type\":\"Organization\",\"@id\":\"https:\/\/emmapuxan.com\/ca\/#organization\",\"name\":\"EMMA PUXAN\",\"alternateName\":\"Psicolog\u00eda & Psicoterapia\",\"url\":\"https:\/\/emmapuxan.com\/ca\/\",\"logo\":{\"@type\":\"ImageObject\",\"inLanguage\":\"ca\",\"@id\":\"https:\/\/emmapuxan.com\/ca\/#\/schema\/logo\/image\/\",\"url\":\"https:\/\/emmapuxan.com\/wp-content\/uploads\/2025\/05\/icon-touch_emma.png\",\"contentUrl\":\"https:\/\/emmapuxan.com\/wp-content\/uploads\/2025\/05\/icon-touch_emma.png\",\"width\":297,\"height\":297,\"caption\":\"EMMA PUXAN\"},\"image\":{\"@id\":\"https:\/\/emmapuxan.com\/ca\/#\/schema\/logo\/image\/\"}}]}<\/script>\n<!-- \/ Yoast SEO plugin. -->","yoast_head_json":{"title":"Ter\u00e0pia per adolescents - EMMA PUXAN","robots":{"index":"index","follow":"follow","max-snippet":"max-snippet:-1","max-image-preview":"max-image-preview:large","max-video-preview":"max-video-preview:-1"},"canonical":"https:\/\/emmapuxan.com\/ca\/atencio-individual-psicologia-i-psicoterapia\/terapia-per-adolescents\/","og_locale":"ca_ES","og_type":"article","og_title":"Ter\u00e0pia per adolescents - EMMA PUXAN","og_description":"Ter\u00e0pia per a adolescents Ser Adolescent no \u00e9s GENS f\u00e0cil\u2026 Qui t\u2019ho ha d\u2019explicar, tu que ho est\u00e0s vivint de primera m\u00e0! i qui digui el contrari \u00e9s que potser no se\u2019n recorda massa de la seva Ets Adolescent? et convido a llegir l\u2019article SER ADOLESCENT La ter\u00e0pia \u00e9s un espai tranquil i segur per [&hellip;]","og_url":"https:\/\/emmapuxan.com\/ca\/atencio-individual-psicologia-i-psicoterapia\/terapia-per-adolescents\/","og_site_name":"EMMA PUXAN","article_modified_time":"2025-06-03T12:27:40+00:00","og_image":[{"width":2400,"height":1250,"url":"https:\/\/emmapuxan.com\/wp-content\/uploads\/2025\/05\/cab-ondas2.jpg","type":"image\/jpeg"}],"twitter_card":"summary_large_image","twitter_misc":{"Temps estimat de lectura":"1 minut"},"schema":{"@context":"https:\/\/schema.org","@graph":[{"@type":"WebPage","@id":"https:\/\/emmapuxan.com\/ca\/atencio-individual-psicologia-i-psicoterapia\/terapia-per-adolescents\/","url":"https:\/\/emmapuxan.com\/ca\/atencio-individual-psicologia-i-psicoterapia\/terapia-per-adolescents\/","name":"Ter\u00e0pia per adolescents - EMMA PUXAN","isPartOf":{"@id":"https:\/\/emmapuxan.com\/ca\/#website"},"datePublished":"2025-02-07T14:16:23+00:00","dateModified":"2025-06-03T12:27:40+00:00","breadcrumb":{"@id":"https:\/\/emmapuxan.com\/ca\/atencio-individual-psicologia-i-psicoterapia\/terapia-per-adolescents\/#breadcrumb"},"inLanguage":"ca","potentialAction":[{"@type":"ReadAction","target":["https:\/\/emmapuxan.com\/ca\/atencio-individual-psicologia-i-psicoterapia\/terapia-per-adolescents\/"]}]},{"@type":"BreadcrumbList","@id":"https:\/\/emmapuxan.com\/ca\/atencio-individual-psicologia-i-psicoterapia\/terapia-per-adolescents\/#breadcrumb","itemListElement":[{"@type":"ListItem","position":1,"name":"Portada","item":"https:\/\/emmapuxan.com\/ca\/"},{"@type":"ListItem","position":2,"name":"Atenci\u00f3 individual psicologia i psicoter\u00e0pia","item":"https:\/\/emmapuxan.com\/ca\/atencio-individual-psicologia-i-psicoterapia\/"},{"@type":"ListItem","position":3,"name":"Ter\u00e0pia per adolescents"}]},{"@type":"WebSite","@id":"https:\/\/emmapuxan.com\/ca\/#website","url":"https:\/\/emmapuxan.com\/ca\/","name":"EMMA PUXAN PSICOTERAPIA","description":"Psicoterapia en Girona","publisher":{"@id":"https:\/\/emmapuxan.com\/ca\/#organization"},"alternateName":"Piscologia y psicoterapia Girona","potentialAction":[{"@type":"SearchAction","target":{"@type":"EntryPoint","urlTemplate":"https:\/\/emmapuxan.com\/ca\/?s={search_term_string}"},"query-input":{"@type":"PropertyValueSpecification","valueRequired":true,"valueName":"search_term_string"}}],"inLanguage":"ca"},{"@type":"Organization","@id":"https:\/\/emmapuxan.com\/ca\/#organization","name":"EMMA PUXAN","alternateName":"Psicolog\u00eda & Psicoterapia","url":"https:\/\/emmapuxan.com\/ca\/","logo":{"@type":"ImageObject","inLanguage":"ca","@id":"https:\/\/emmapuxan.com\/ca\/#\/schema\/logo\/image\/","url":"https:\/\/emmapuxan.com\/wp-content\/uploads\/2025\/05\/icon-touch_emma.png","contentUrl":"https:\/\/emmapuxan.com\/wp-content\/uploads\/2025\/05\/icon-touch_emma.png","width":297,"height":297,"caption":"EMMA PUXAN"},"image":{"@id":"https:\/\/emmapuxan.com\/ca\/#\/schema\/logo\/image\/"}}]}},"_links":{"self":[{"href":"https:\/\/emmapuxan.com\/ca\/wp-json\/wp\/v2\/pages\/636","targetHints":{"allow":["GET"]}}],"collection":[{"href":"https:\/\/emmapuxan.com\/ca\/wp-json\/wp\/v2\/pages"}],"about":[{"href":"https:\/\/emmapuxan.com\/ca\/wp-json\/wp\/v2\/types\/page"}],"author":[{"embeddable":true,"href":"https:\/\/emmapuxan.com\/ca\/wp-json\/wp\/v2\/users\/1"}],"replies":[{"embeddable":true,"href":"https:\/\/emmapuxan.com\/ca\/wp-json\/wp\/v2\/comments?post=636"}],"version-history":[{"count":18,"href":"https:\/\/emmapuxan.com\/ca\/wp-json\/wp\/v2\/pages\/636\/revisions"}],"predecessor-version":[{"id":1454,"href":"https:\/\/emmapuxan.com\/ca\/wp-json\/wp\/v2\/pages\/636\/revisions\/1454"}],"up":[{"embeddable":true,"href":"https:\/\/emmapuxan.com\/ca\/wp-json\/wp\/v2\/pages\/631"}],"wp:attachment":[{"href":"https:\/\/emmapuxan.com\/ca\/wp-json\/wp\/v2\/media?parent=636"}],"curies":[{"name":"wp","href":"https:\/\/api.w.org\/{rel}","templated":true}]}}