{"id":637,"date":"2025-02-07T15:16:46","date_gmt":"2025-02-07T14:16:46","guid":{"rendered":"https:\/\/emmapuxan.com\/atencio-individual-psicologia-i-psicoterapia\/terapia-per-joves\/"},"modified":"2025-06-03T14:28:48","modified_gmt":"2025-06-03T12:28:48","slug":"terapia-per-joves","status":"publish","type":"page","link":"https:\/\/emmapuxan.com\/ca\/atencio-individual-psicologia-i-psicoterapia\/terapia-per-joves\/","title":{"rendered":"Ter\u00e0pia per joves"},"content":{"rendered":"<h1>Ter\u00e0pia per a joves<\/h1>\n<h2><em>De cam\u00ed cap a la independ\u00e8ncia personal<\/em><\/h2>\n<p><img decoding=\"async\" src=\"\/wp-content\/uploads\/2025\/05\/joves_emma-1.jpg\" alt=\"Ter\u00e0pia per joves\"><\/p>\n<div>\n<p>Cicle, carrera, continuar estudiant, feines cutres de caps de setmana per pagar-me les coses, no poder marxar de casa els pares o viure en pisos compartits\u2026 parelles, relacions obertes, poliamor, sexe, addiccions\u2026,\u00a0<\/p>\n<p>Hi ha coses que em passen per dins que sembla que no les soluciona el temps, ni el canvi de lloc de viure&#8230; Hi ha moments que tot es desmunta.<\/p>\n<p>Quin futur tinc? \u00c9s aix\u00f2 fer-se gran? De vegades no veig clar res.<\/p>\n<p>El cam\u00ed de fer-se Persona Adulta t\u00e9 tantes possibilitats, que de vegades es fa dif\u00edcil saber per on anar sense tenir aquell fantasma a sobre de la Por a cagar-la. No sempre\u00a0 acabem de trobar amb qui compartir aquests neguits m\u00e9s \u00edntims, la persona que ens escolti sense interrompre\u2019ns, sense jutjar-nos, sense haver-hi de dir la seva.\u00a0<\/p>\n<p>Fer-se Adult implica trobar-se a un@ mateix@. Per\u00f2 per trobar-se potser primer \u00e9s necessari perdre\u2019s. L&#8217;experi\u00e8ncia de dessintonitzar-se de la fam\u00edlia, de la colla d\u2019amics i amigues, de les coses de sempre no sempre es fa agradable, per\u00f2 de vegades \u00e9s imprescindible per poder descobrir QUI SOC i cap a on vull anar. Per trobar nous camins, hem de sortir del que fem sempre. Allunyar-se no vol dir deixar d\u2019estimar, vol dir anar m\u00e9s enll\u00e0 de les pr\u00f2pies fronteres, agafar perspectiva, visitar nous mons per crear el propi.<\/p>\n<\/div>\n<h3><em>Vols que t&#8217;acompanyi en aquest viatge? demana hora<\/em><\/h3>\n<p><p>\n        <a href=\"https:\/\/emmapuxan.com\/ca\/contacte\/\">CONTACTAR<\/a>\n    <\/p>\n<\/p>\n<p><!--more--><br \/>\n<!-- {\"type\":\"layout\",\"children\":[{\"type\":\"section\",\"props\":{\"divider_height\":\"120\",\"divider_layers_gap\":\"5\",\"divider_layers_opacity\":\"0.5\",\"divider_position\":\"top\",\"divider_responsive\":true,\"divider_shadow_blur_radius\":\"5\",\"divider_shadow_color\":\"#00000080\",\"divider_shadow_offset_x\":\"0\",\"divider_shadow_offset_y\":\"5\",\"divider_width\":\"100\",\"header_transparent\":true,\"height\":\"pixels\",\"height_viewport\":600,\"image_position\":\"center-center\",\"media_overlay\":\"rgba(0, 0, 0, 0.17)\",\"padding\":\"large\",\"padding_custom_bottom\":\"70\",\"padding_custom_top\":\"70\",\"style\":\"default\",\"style_custom_color\":\"#ccc\",\"text_color\":\"light\",\"title_breakpoint\":\"xl\",\"title_position\":\"top-left\",\"title_rotation\":\"left\",\"vertical_align\":\"middle\",\"video\":\"wp-content\\\/uploads\\\/2025\\\/02\\\/walking-joves-1.mp4\",\"width\":\"default\"},\"children\":[{\"type\":\"row\",\"children\":[{\"type\":\"column\",\"props\":{\"image_position\":\"center-center\",\"position_sticky_breakpoint\":\"m\"},\"children\":[{\"type\":\"headline\",\"props\":{\"content\":\"Ter\\u00e0pia per a joves\",\"text_align\":\"center\",\"title_element\":\"h1\",\"title_style\":\"heading-medium\"}}]}]}],\"name\":\"Cabecera\"},{\"type\":\"section\",\"props\":{\"divider_color_inherit_section\":true,\"divider_flip\":true,\"divider_height\":\"120\",\"divider_invert\":false,\"divider_layers_gap\":\"5\",\"divider_layers_opacity\":\"0.5\",\"divider_position\":\"top-outside\",\"divider_responsive\":true,\"divider_shadow_blur_radius\":\"5\",\"divider_shadow_color\":\"#00000080\",\"divider_shadow_offset_x\":\"0\",\"divider_shadow_offset_y\":\"5\",\"divider_shape\":\"blob-2\",\"divider_width\":\"100\",\"image_position\":\"center-center\",\"padding_custom_bottom\":\"70\",\"padding_custom_top\":\"70\",\"padding_remove_bottom\":false,\"padding_remove_top\":false,\"style\":\"muted\",\"style_custom_color\":\"#ccc\",\"title_breakpoint\":\"xl\",\"title_position\":\"top-left\",\"title_rotation\":\"left\",\"vertical_align\":\"\",\"width\":\"small\"},\"children\":[{\"type\":\"row\",\"children\":[{\"type\":\"column\",\"props\":{\"image_position\":\"center-center\",\"position_sticky_breakpoint\":\"m\"},\"children\":[{\"type\":\"headline\",\"props\":{\"block_align\":\"center\",\"content\":\"<em>De cam\\u00ed cap a la independ\\u00e8ncia personal<\\\/em>\",\"maxwidth\":\"2xlarge\",\"text_align\":\"center\",\"title_element\":\"h2\",\"title_style\":\"h2\"},\"name\":\"Te acompa\\u00f1o a acompa\\u00f1ar\"}]}],\"props\":{\"height_viewport\":300}},{\"type\":\"row\",\"children\":[{\"type\":\"column\",\"props\":{\"image_position\":\"center-center\",\"position_sticky_breakpoint\":\"m\",\"vertical_align\":\"middle\",\"width_medium\":\"2-5\"},\"children\":[{\"type\":\"image\",\"props\":{\"animation\":\"fade\",\"image\":\"wp-content\\\/uploads\\\/2025\\\/05\\\/joves_emma-1.jpg\",\"image_alt\":\"Ter\\u00e0pia per joves\",\"image_svg_color\":\"emphasis\",\"image_width\":\"580\",\"margin\":\"default\",\"parallax_breakpoint\":\"s\",\"parallax_opacity\":\"0 0%,5\",\"parallax_start\":\"50vh\",\"parallax_y\":\"100,-300\"}}]},{\"type\":\"column\",\"props\":{\"image_position\":\"center-center\",\"position_sticky_breakpoint\":\"m\",\"width_medium\":\"3-5\"},\"children\":[{\"type\":\"text\",\"props\":{\"column_breakpoint\":\"m\",\"content\":\"\n\n<p>Cicle, carrera, continuar estudiant, feines cutres de caps de setmana per pagar-me les coses, no poder marxar de casa els pares o viure en pisos compartits\\u2026 parelles, relacions obertes, poliamor, sexe, addiccions\\u2026,\\u00a0<\\\/p>\\n\n\n<p>Hi ha coses que em passen per dins que sembla que no les soluciona el temps, ni el canvi de lloc de viure... Hi ha moments que tot es desmunta.<\\\/p>\\n\n\n<p>Quin futur tinc? \\u00c9s aix\\u00f2 fer-se gran? De vegades no veig clar res.<\\\/p>\\n\n\n<p>El cam\\u00ed de fer-se Persona Adulta t\\u00e9 tantes possibilitats, que de vegades es fa dif\\u00edcil saber per on anar sense tenir aquell fantasma a sobre de la Por a cagar-la. No sempre\\u00a0 acabem de trobar amb qui compartir aquests neguits m\\u00e9s \\u00edntims, la persona que ens escolti sense interrompre\\u2019ns, sense jutjar-nos, sense haver-hi de dir la seva.\\u00a0<\\\/p>\\n\n\n<p>Fer-se Adult implica trobar-se a un@ mateix@. Per\\u00f2 per trobar-se potser primer \\u00e9s necessari perdre\\u2019s. L'experi\\u00e8ncia de dessintonitzar-se de la fam\\u00edlia, de la colla d\\u2019amics i amigues, de les coses de sempre no sempre es fa agradable, per\\u00f2 de vegades \\u00e9s imprescindible per poder descobrir QUI SOC i cap a on vull anar. Per trobar nous camins, hem de sortir del que fem sempre. Allunyar-se no vol dir deixar d\\u2019estimar, vol dir anar m\\u00e9s enll\\u00e0 de les pr\\u00f2pies fronteres, agafar perspectiva, visitar nous mons per crear el propi.<\\\/p>\",\"margin\":\"default\",\"text_align\":\"justify\"}}]}],\"props\":{\"column_gap\":\"large\",\"layout\":\"2-5,3-5\",\"margin\":\"medium\",\"width\":\"small\"}},{\"type\":\"row\",\"children\":[{\"type\":\"column\",\"props\":{\"image_position\":\"center-center\",\"position_sticky_breakpoint\":\"m\"},\"children\":[{\"type\":\"headline\",\"props\":{\"content\":\"<em>Vols que t'acompanyi en aquest viatge? demana hora<\\\/em>\",\"margin\":\"large\",\"margin_remove_bottom\":true,\"text_align\":\"center\",\"title_element\":\"h3\",\"title_style\":\"h3\"}},{\"type\":\"button\",\"props\":{\"grid_column_gap\":\"small\",\"grid_row_gap\":\"small\",\"margin\":\"medium\",\"text_align\":\"center\"},\"children\":[{\"type\":\"button_item\",\"props\":{\"button_style\":\"secondary\",\"content\":\"CONTACTAR\",\"dialog_layout\":\"modal\",\"dialog_offcanvas_flip\":true,\"icon_align\":\"left\",\"link\":\"ca\\\/contacte\\\/\"}}],\"name\":\"boton contactar\"}]}],\"props\":{\"height\":\"pixels\",\"height_viewport\":150}}],\"name\":\"Jovenes\"},{\"type\":\"section\",\"props\":{\"divider_height\":\"120\",\"divider_layers_gap\":\"5\",\"divider_layers_opacity\":\"0.5\",\"divider_position\":\"top\",\"divider_responsive\":true,\"divider_shadow_blur_radius\":\"5\",\"divider_shadow_color\":\"#00000080\",\"divider_shadow_offset_x\":\"0\",\"divider_shadow_offset_y\":\"5\",\"divider_width\":\"100\",\"image_position\":\"center-center\",\"padding\":\"small\",\"padding_custom_bottom\":\"70\",\"padding_custom_top\":\"70\",\"style\":\"muted\",\"style_custom_color\":\"#ccc\",\"title_breakpoint\":\"xl\",\"title_position\":\"top-left\",\"title_rotation\":\"left\",\"vertical_align\":\"middle\",\"width\":\"default\"},\"children\":[{\"type\":\"row\",\"children\":[{\"type\":\"column\",\"props\":{\"image_position\":\"center-center\",\"position_sticky_breakpoint\":\"m\"}}]}]}],\"version\":\"4.5.13\"} --><\/p>\n","protected":false},"excerpt":{"rendered":"<p>Ter\u00e0pia per a joves De cam\u00ed cap a la independ\u00e8ncia personal Cicle, carrera, continuar estudiant, feines cutres de caps de setmana per pagar-me les coses, no poder marxar de casa els pares o viure en pisos compartits\u2026 parelles, relacions obertes, poliamor, sexe, addiccions\u2026,\u00a0 Hi ha coses que em passen per dins que sembla que no [&hellip;]<\/p>\n","protected":false},"author":1,"featured_media":0,"parent":631,"menu_order":0,"comment_status":"closed","ping_status":"closed","template":"","meta":{"_joinchat":[],"footnotes":""},"class_list":["post-637","page","type-page","status-publish","hentry"],"yoast_head":"<!-- This site is optimized with the Yoast SEO plugin v25.3 - https:\/\/yoast.com\/wordpress\/plugins\/seo\/ -->\n<title>Ter\u00e0pia per joves - EMMA PUXAN<\/title>\n<meta name=\"robots\" content=\"index, follow, max-snippet:-1, max-image-preview:large, max-video-preview:-1\" \/>\n<link rel=\"canonical\" href=\"https:\/\/emmapuxan.com\/ca\/atencio-individual-psicologia-i-psicoterapia\/terapia-per-joves\/\" \/>\n<meta property=\"og:locale\" content=\"ca_ES\" \/>\n<meta property=\"og:type\" content=\"article\" \/>\n<meta property=\"og:title\" content=\"Ter\u00e0pia per joves - EMMA PUXAN\" \/>\n<meta property=\"og:description\" content=\"Ter\u00e0pia per a joves De cam\u00ed cap a la independ\u00e8ncia personal Cicle, carrera, continuar estudiant, feines cutres de caps de setmana per pagar-me les coses, no poder marxar de casa els pares o viure en pisos compartits\u2026 parelles, relacions obertes, poliamor, sexe, addiccions\u2026,\u00a0 Hi ha coses que em passen per dins que sembla que no [&hellip;]\" \/>\n<meta property=\"og:url\" content=\"https:\/\/emmapuxan.com\/ca\/atencio-individual-psicologia-i-psicoterapia\/terapia-per-joves\/\" \/>\n<meta property=\"og:site_name\" content=\"EMMA PUXAN\" \/>\n<meta property=\"article:modified_time\" content=\"2025-06-03T12:28:48+00:00\" \/>\n<meta property=\"og:image\" content=\"https:\/\/emmapuxan.com\/wp-content\/uploads\/2025\/05\/cab-ondas2.jpg\" \/>\n\t<meta property=\"og:image:width\" content=\"2400\" \/>\n\t<meta property=\"og:image:height\" content=\"1250\" \/>\n\t<meta property=\"og:image:type\" content=\"image\/jpeg\" \/>\n<meta name=\"twitter:card\" content=\"summary_large_image\" \/>\n<meta name=\"twitter:label1\" content=\"Temps estimat de lectura\" \/>\n\t<meta name=\"twitter:data1\" content=\"1 minut\" \/>\n<script type=\"application\/ld+json\" class=\"yoast-schema-graph\">{\"@context\":\"https:\/\/schema.org\",\"@graph\":[{\"@type\":\"WebPage\",\"@id\":\"https:\/\/emmapuxan.com\/ca\/atencio-individual-psicologia-i-psicoterapia\/terapia-per-joves\/\",\"url\":\"https:\/\/emmapuxan.com\/ca\/atencio-individual-psicologia-i-psicoterapia\/terapia-per-joves\/\",\"name\":\"Ter\u00e0pia per joves - EMMA PUXAN\",\"isPartOf\":{\"@id\":\"https:\/\/emmapuxan.com\/ca\/#website\"},\"datePublished\":\"2025-02-07T14:16:46+00:00\",\"dateModified\":\"2025-06-03T12:28:48+00:00\",\"breadcrumb\":{\"@id\":\"https:\/\/emmapuxan.com\/ca\/atencio-individual-psicologia-i-psicoterapia\/terapia-per-joves\/#breadcrumb\"},\"inLanguage\":\"ca\",\"potentialAction\":[{\"@type\":\"ReadAction\",\"target\":[\"https:\/\/emmapuxan.com\/ca\/atencio-individual-psicologia-i-psicoterapia\/terapia-per-joves\/\"]}]},{\"@type\":\"BreadcrumbList\",\"@id\":\"https:\/\/emmapuxan.com\/ca\/atencio-individual-psicologia-i-psicoterapia\/terapia-per-joves\/#breadcrumb\",\"itemListElement\":[{\"@type\":\"ListItem\",\"position\":1,\"name\":\"Portada\",\"item\":\"https:\/\/emmapuxan.com\/ca\/\"},{\"@type\":\"ListItem\",\"position\":2,\"name\":\"Atenci\u00f3 individual psicologia i psicoter\u00e0pia\",\"item\":\"https:\/\/emmapuxan.com\/ca\/atencio-individual-psicologia-i-psicoterapia\/\"},{\"@type\":\"ListItem\",\"position\":3,\"name\":\"Ter\u00e0pia per joves\"}]},{\"@type\":\"WebSite\",\"@id\":\"https:\/\/emmapuxan.com\/ca\/#website\",\"url\":\"https:\/\/emmapuxan.com\/ca\/\",\"name\":\"EMMA PUXAN PSICOTERAPIA\",\"description\":\"Psicoterapia en Girona\",\"publisher\":{\"@id\":\"https:\/\/emmapuxan.com\/ca\/#organization\"},\"alternateName\":\"Piscologia y psicoterapia Girona\",\"potentialAction\":[{\"@type\":\"SearchAction\",\"target\":{\"@type\":\"EntryPoint\",\"urlTemplate\":\"https:\/\/emmapuxan.com\/ca\/?s={search_term_string}\"},\"query-input\":{\"@type\":\"PropertyValueSpecification\",\"valueRequired\":true,\"valueName\":\"search_term_string\"}}],\"inLanguage\":\"ca\"},{\"@type\":\"Organization\",\"@id\":\"https:\/\/emmapuxan.com\/ca\/#organization\",\"name\":\"EMMA PUXAN\",\"alternateName\":\"Psicolog\u00eda & Psicoterapia\",\"url\":\"https:\/\/emmapuxan.com\/ca\/\",\"logo\":{\"@type\":\"ImageObject\",\"inLanguage\":\"ca\",\"@id\":\"https:\/\/emmapuxan.com\/ca\/#\/schema\/logo\/image\/\",\"url\":\"https:\/\/emmapuxan.com\/wp-content\/uploads\/2025\/05\/icon-touch_emma.png\",\"contentUrl\":\"https:\/\/emmapuxan.com\/wp-content\/uploads\/2025\/05\/icon-touch_emma.png\",\"width\":297,\"height\":297,\"caption\":\"EMMA PUXAN\"},\"image\":{\"@id\":\"https:\/\/emmapuxan.com\/ca\/#\/schema\/logo\/image\/\"}}]}<\/script>\n<!-- \/ Yoast SEO plugin. -->","yoast_head_json":{"title":"Ter\u00e0pia per joves - EMMA PUXAN","robots":{"index":"index","follow":"follow","max-snippet":"max-snippet:-1","max-image-preview":"max-image-preview:large","max-video-preview":"max-video-preview:-1"},"canonical":"https:\/\/emmapuxan.com\/ca\/atencio-individual-psicologia-i-psicoterapia\/terapia-per-joves\/","og_locale":"ca_ES","og_type":"article","og_title":"Ter\u00e0pia per joves - EMMA PUXAN","og_description":"Ter\u00e0pia per a joves De cam\u00ed cap a la independ\u00e8ncia personal Cicle, carrera, continuar estudiant, feines cutres de caps de setmana per pagar-me les coses, no poder marxar de casa els pares o viure en pisos compartits\u2026 parelles, relacions obertes, poliamor, sexe, addiccions\u2026,\u00a0 Hi ha coses que em passen per dins que sembla que no [&hellip;]","og_url":"https:\/\/emmapuxan.com\/ca\/atencio-individual-psicologia-i-psicoterapia\/terapia-per-joves\/","og_site_name":"EMMA PUXAN","article_modified_time":"2025-06-03T12:28:48+00:00","og_image":[{"width":2400,"height":1250,"url":"https:\/\/emmapuxan.com\/wp-content\/uploads\/2025\/05\/cab-ondas2.jpg","type":"image\/jpeg"}],"twitter_card":"summary_large_image","twitter_misc":{"Temps estimat de lectura":"1 minut"},"schema":{"@context":"https:\/\/schema.org","@graph":[{"@type":"WebPage","@id":"https:\/\/emmapuxan.com\/ca\/atencio-individual-psicologia-i-psicoterapia\/terapia-per-joves\/","url":"https:\/\/emmapuxan.com\/ca\/atencio-individual-psicologia-i-psicoterapia\/terapia-per-joves\/","name":"Ter\u00e0pia per joves - EMMA PUXAN","isPartOf":{"@id":"https:\/\/emmapuxan.com\/ca\/#website"},"datePublished":"2025-02-07T14:16:46+00:00","dateModified":"2025-06-03T12:28:48+00:00","breadcrumb":{"@id":"https:\/\/emmapuxan.com\/ca\/atencio-individual-psicologia-i-psicoterapia\/terapia-per-joves\/#breadcrumb"},"inLanguage":"ca","potentialAction":[{"@type":"ReadAction","target":["https:\/\/emmapuxan.com\/ca\/atencio-individual-psicologia-i-psicoterapia\/terapia-per-joves\/"]}]},{"@type":"BreadcrumbList","@id":"https:\/\/emmapuxan.com\/ca\/atencio-individual-psicologia-i-psicoterapia\/terapia-per-joves\/#breadcrumb","itemListElement":[{"@type":"ListItem","position":1,"name":"Portada","item":"https:\/\/emmapuxan.com\/ca\/"},{"@type":"ListItem","position":2,"name":"Atenci\u00f3 individual psicologia i psicoter\u00e0pia","item":"https:\/\/emmapuxan.com\/ca\/atencio-individual-psicologia-i-psicoterapia\/"},{"@type":"ListItem","position":3,"name":"Ter\u00e0pia per joves"}]},{"@type":"WebSite","@id":"https:\/\/emmapuxan.com\/ca\/#website","url":"https:\/\/emmapuxan.com\/ca\/","name":"EMMA PUXAN PSICOTERAPIA","description":"Psicoterapia en Girona","publisher":{"@id":"https:\/\/emmapuxan.com\/ca\/#organization"},"alternateName":"Piscologia y psicoterapia Girona","potentialAction":[{"@type":"SearchAction","target":{"@type":"EntryPoint","urlTemplate":"https:\/\/emmapuxan.com\/ca\/?s={search_term_string}"},"query-input":{"@type":"PropertyValueSpecification","valueRequired":true,"valueName":"search_term_string"}}],"inLanguage":"ca"},{"@type":"Organization","@id":"https:\/\/emmapuxan.com\/ca\/#organization","name":"EMMA PUXAN","alternateName":"Psicolog\u00eda & Psicoterapia","url":"https:\/\/emmapuxan.com\/ca\/","logo":{"@type":"ImageObject","inLanguage":"ca","@id":"https:\/\/emmapuxan.com\/ca\/#\/schema\/logo\/image\/","url":"https:\/\/emmapuxan.com\/wp-content\/uploads\/2025\/05\/icon-touch_emma.png","contentUrl":"https:\/\/emmapuxan.com\/wp-content\/uploads\/2025\/05\/icon-touch_emma.png","width":297,"height":297,"caption":"EMMA PUXAN"},"image":{"@id":"https:\/\/emmapuxan.com\/ca\/#\/schema\/logo\/image\/"}}]}},"_links":{"self":[{"href":"https:\/\/emmapuxan.com\/ca\/wp-json\/wp\/v2\/pages\/637","targetHints":{"allow":["GET"]}}],"collection":[{"href":"https:\/\/emmapuxan.com\/ca\/wp-json\/wp\/v2\/pages"}],"about":[{"href":"https:\/\/emmapuxan.com\/ca\/wp-json\/wp\/v2\/types\/page"}],"author":[{"embeddable":true,"href":"https:\/\/emmapuxan.com\/ca\/wp-json\/wp\/v2\/users\/1"}],"replies":[{"embeddable":true,"href":"https:\/\/emmapuxan.com\/ca\/wp-json\/wp\/v2\/comments?post=637"}],"version-history":[{"count":16,"href":"https:\/\/emmapuxan.com\/ca\/wp-json\/wp\/v2\/pages\/637\/revisions"}],"predecessor-version":[{"id":1456,"href":"https:\/\/emmapuxan.com\/ca\/wp-json\/wp\/v2\/pages\/637\/revisions\/1456"}],"up":[{"embeddable":true,"href":"https:\/\/emmapuxan.com\/ca\/wp-json\/wp\/v2\/pages\/631"}],"wp:attachment":[{"href":"https:\/\/emmapuxan.com\/ca\/wp-json\/wp\/v2\/media?parent=637"}],"curies":[{"name":"wp","href":"https:\/\/api.w.org\/{rel}","templated":true}]}}