{"id":641,"date":"2025-05-07T16:57:56","date_gmt":"2025-05-07T14:57:56","guid":{"rendered":"https:\/\/emmapuxan.com\/emma-puxan-psicoterapia-a-girona\/"},"modified":"2025-06-06T17:22:52","modified_gmt":"2025-06-06T15:22:52","slug":"emma-puxan-psicoterapia-a-girona","status":"publish","type":"page","link":"https:\/\/emmapuxan.com\/ca\/","title":{"rendered":"Emma Puxan Psicoter\u00e0pia a Girona"},"content":{"rendered":"<h1>PSICOTER\u00c0PIA<\/h1>\n<p>Emma Puxan<\/p>\n<h2><a href=\"https:\/\/emmapuxan.com\/ca\/atencio-individual-psicologia-i-psicoterapia\/terapia-per-adolescents\/\">Adolescents.<\/a><\/h2>\n<h2><a href=\"https:\/\/emmapuxan.com\/ca\/atencio-individual-psicologia-i-psicoterapia\/terapia-per-joves\/\">Joves.<\/a><\/h2>\n<h2><a href=\"https:\/\/emmapuxan.com\/ca\/atencio-individual-psicologia-i-psicoterapia\/terapia-per-adults\/\">Adults.<\/a><\/h2>\n<h3><a href=\"https:\/\/emmapuxan.com\/ca\/atencio-individual-psicologia-i-psicoterapia\/terapia-per-adults\/\"><\/p>\n<p>Atenci\u00f3 individual <br \/>Psicologia i Psicoter\u00e0pia a Girona<\/p>\n<p><\/a><\/h3>\n<hr>\n<p><!--more--><br \/>\n<!-- {\"type\":\"layout\",\"children\":[{\"type\":\"section\",\"props\":{\"divider_height\":\"120\",\"divider_layers_gap\":\"5\",\"divider_layers_opacity\":\"0.5\",\"divider_position\":\"top\",\"divider_responsive\":true,\"divider_shadow_blur_radius\":\"5\",\"divider_shadow_color\":\"#00000080\",\"divider_shadow_offset_x\":\"0\",\"divider_shadow_offset_y\":\"5\",\"divider_width\":\"100\",\"header_transparent\":true,\"header_transparent_noplaceholder\":true,\"header_transparent_text_color\":\"light\",\"image_position\":\"center-center\",\"padding\":\"none\",\"padding_custom_bottom\":\"70\",\"padding_custom_top\":\"70\",\"style\":\"default\",\"style_custom_color\":\"#ccc\",\"title_breakpoint\":\"xl\",\"title_position\":\"top-left\",\"title_rotation\":\"left\",\"vertical_align\":\"\",\"width\":\"\"},\"children\":[{\"type\":\"row\",\"props\":{\"height\":\"viewport\",\"height_offset_top\":true},\"children\":[{\"type\":\"column\",\"props\":{\"image_position\":\"center-center\",\"image_size\":\"cover\",\"media_overlay\":\"rgba(0, 0, 0, 0.22)\",\"padding\":\"none\",\"position_sticky\":\"section\",\"position_sticky_breakpoint\":\"\",\"video\":\"wp-content\\\/uploads\\\/2025\\\/02\\\/gota-home.mp4\",\"video_width\":\"2560\"}}]},{\"type\":\"row\",\"props\":{\"css\":\".el-row {\\n    position: relative;\\n    z-index: 1;\\n    margin-top: -100vh;\\n}\",\"height\":\"viewport\"},\"children\":[{\"type\":\"column\",\"props\":{\"image_position\":\"center-center\",\"position_sticky_breakpoint\":\"m\",\"text_color\":\"light\",\"vertical_align\":\"middle\"},\"children\":[{\"type\":\"headline\",\"props\":{\"animation\":\"parallax\",\"content\":\"PSICOTER\\u00c0PIA\",\"margin_remove_top\":true,\"parallax_blur\":\"50\",\"parallax_opacity\":\"1,0,0\",\"parallax_scale\":\"0.5\",\"parallax_start\":\"55vh + 50%\",\"position\":\"relative\",\"position_z_index\":\"1\",\"text_align\":\"center\",\"title_element\":\"h1\",\"title_style\":\"heading-large\"}},{\"type\":\"cf-typer\",\"props\":{\"back_delay\":1,\"back_speed\":0.1,\"css\":\".el-content{margin-top: -10x;}\",\"cursor_char\":\"_\",\"fade_out\":false,\"fade_out_delay\":0.5,\"loop\":false,\"margin\":\"small\",\"margin_remove_top\":true,\"show_cursor\":false,\"shuffle\":false,\"smart_backspace\":true,\"start_delay\":1,\"text\":\"\n\n<p>Emma Puxan<\\\/p>\",\"text_align\":\"center\",\"type_speed\":0.1,\"typer_element\":\"div\",\"typer_style\":\"heading-medium\",\"typer_trigger\":\"onload\",\"visibility\":\"m\"},\"name\":\"Type Emma Puxan\"}]}]},{\"type\":\"row\",\"children\":[{\"type\":\"column\",\"props\":{\"image_position\":\"center-center\",\"position_sticky_breakpoint\":\"m\",\"text_color\":\"light\"},\"children\":[{\"type\":\"headline\",\"props\":{\"animation\":\"parallax\",\"content\":\"Adolescents.\",\"link\":\"ca\\\/atencio-individual-psicologia-i-psicoterapia\\\/terapia-per-adolescents\\\/\",\"link_style\":true,\"margin_remove_top\":false,\"parallax_blur\":\"50\",\"parallax_opacity\":\"1,0\",\"parallax_scale\":\"0.5\",\"parallax_start\":\"55vh + 50%\",\"text_align\":\"center\",\"title_element\":\"h2\",\"title_style\":\"heading-large\"}},{\"type\":\"headline\",\"props\":{\"animation\":\"parallax\",\"content\":\"Joves.\",\"link\":\"ca\\\/atencio-individual-psicologia-i-psicoterapia\\\/terapia-per-joves\\\/\",\"margin_remove_top\":false,\"parallax_blur\":\"50\",\"parallax_opacity\":\"1,0\",\"parallax_scale\":\"0.5\",\"parallax_start\":\"55vh + 50%\",\"text_align\":\"center\",\"title_element\":\"h2\",\"title_style\":\"heading-large\"}},{\"type\":\"headline\",\"props\":{\"animation\":\"parallax\",\"content\":\"Adults.\",\"css\":\".el-element { margin-bottom: 15vh; }\",\"link\":\"ca\\\/atencio-individual-psicologia-i-psicoterapia\\\/terapia-per-adults\\\/\",\"margin_remove_top\":false,\"parallax_blur\":\"50\",\"parallax_opacity\":\"1,0\",\"parallax_scale\":\"0.5\",\"parallax_start\":\"55vh + 50%\",\"text_align\":\"center\",\"title_element\":\"h2\",\"title_style\":\"heading-large\"}},{\"type\":\"headline\",\"props\":{\"animation\":\"parallax\",\"content\":\"\n\n<p>Atenci\\u00f3 individual <br \\\/>Psicologia i Psicoter\\u00e0pia a Girona<\\\/p>\",\"link\":\"ca\\\/atencio-individual-psicologia-i-psicoterapia\\\/terapia-per-adults\\\/\",\"margin\":\"xlarge\",\"margin_remove_bottom\":false,\"margin_remove_top\":false,\"parallax_blur\":\"50\",\"parallax_opacity\":\"1,0\",\"parallax_scale\":\"0.5\",\"parallax_start\":\"55vh + 50%\",\"text_align\":\"center\",\"title_element\":\"h3\",\"title_style\":\"h1\"}},{\"type\":\"divider\",\"props\":{\"divider_element\":\"hr\",\"divider_style\":\"vertical\"}}]}],\"props\":{\"css\":\".el-row {\\n    position: relative;\\n    z-index: 1;\\n}\",\"margin\":\"remove-vertical\",\"width\":\"expand\"}}],\"name\":\"Hero\"}],\"version\":\"4.5.13\"} --><\/p>\n","protected":false},"excerpt":{"rendered":"<p>PSICOTER\u00c0PIA Emma Puxan Adolescents. Joves. Adults. Atenci\u00f3 individual Psicologia i Psicoter\u00e0pia a Girona<\/p>\n","protected":false},"author":1,"featured_media":0,"parent":0,"menu_order":0,"comment_status":"closed","ping_status":"closed","template":"","meta":{"_joinchat":[],"footnotes":""},"class_list":["post-641","page","type-page","status-publish","hentry"],"yoast_head":"<!-- This site is optimized with the Yoast SEO plugin v25.3 - https:\/\/yoast.com\/wordpress\/plugins\/seo\/ -->\n<title>Emma Puxan Psicoter\u00e0pia a Girona - EMMA PUXAN<\/title>\n<meta name=\"description\" content=\"Emma Puxan Psicoter\u00e0pia a Girona, atenci\u00f3 per a adolescents, joves i adults. Acompanyament a cuidadors\/es, pares i mares d&#039;adolescents.\" \/>\n<meta name=\"robots\" content=\"index, follow, max-snippet:-1, max-image-preview:large, max-video-preview:-1\" \/>\n<link rel=\"canonical\" href=\"https:\/\/emmapuxan.com\/ca\/\" \/>\n<meta property=\"og:locale\" content=\"ca_ES\" \/>\n<meta property=\"og:type\" content=\"article\" \/>\n<meta property=\"og:title\" content=\"Emma Puxan Psicoter\u00e0pia a Girona - EMMA PUXAN\" \/>\n<meta property=\"og:description\" content=\"Emma Puxan Psicoter\u00e0pia a Girona, atenci\u00f3 per a adolescents, joves i adults. Acompanyament a cuidadors\/es, pares i mares d&#039;adolescents.\" \/>\n<meta property=\"og:url\" content=\"https:\/\/emmapuxan.com\/ca\/\" \/>\n<meta property=\"og:site_name\" content=\"EMMA PUXAN\" \/>\n<meta property=\"article:modified_time\" content=\"2025-06-06T15:22:52+00:00\" \/>\n<meta property=\"og:image\" content=\"https:\/\/emmapuxan.com\/wp-content\/uploads\/2025\/05\/cab-ondas2.jpg\" \/>\n\t<meta property=\"og:image:width\" content=\"2400\" \/>\n\t<meta property=\"og:image:height\" content=\"1250\" \/>\n\t<meta property=\"og:image:type\" content=\"image\/jpeg\" \/>\n<meta name=\"twitter:card\" content=\"summary_large_image\" \/>\n<meta name=\"twitter:label1\" content=\"Temps estimat de lectura\" \/>\n\t<meta name=\"twitter:data1\" content=\"1 minut\" \/>\n<script type=\"application\/ld+json\" class=\"yoast-schema-graph\">{\"@context\":\"https:\/\/schema.org\",\"@graph\":[{\"@type\":\"WebPage\",\"@id\":\"https:\/\/emmapuxan.com\/ca\/\",\"url\":\"https:\/\/emmapuxan.com\/ca\/\",\"name\":\"Emma Puxan Psicoter\u00e0pia a Girona - EMMA PUXAN\",\"isPartOf\":{\"@id\":\"https:\/\/emmapuxan.com\/ca\/#website\"},\"datePublished\":\"2025-05-07T14:57:56+00:00\",\"dateModified\":\"2025-06-06T15:22:52+00:00\",\"description\":\"Emma Puxan Psicoter\u00e0pia a Girona, atenci\u00f3 per a adolescents, joves i adults. Acompanyament a cuidadors\/es, pares i mares d'adolescents.\",\"breadcrumb\":{\"@id\":\"https:\/\/emmapuxan.com\/ca\/#breadcrumb\"},\"inLanguage\":\"ca\",\"potentialAction\":[{\"@type\":\"ReadAction\",\"target\":[\"https:\/\/emmapuxan.com\/ca\/\"]}]},{\"@type\":\"BreadcrumbList\",\"@id\":\"https:\/\/emmapuxan.com\/ca\/#breadcrumb\",\"itemListElement\":[{\"@type\":\"ListItem\",\"position\":1,\"name\":\"Portada\",\"item\":\"https:\/\/emmapuxan.com\/ca\/\"},{\"@type\":\"ListItem\",\"position\":2,\"name\":\"Emma Puxan Psicoter\u00e0pia a Girona\"}]},{\"@type\":\"WebSite\",\"@id\":\"https:\/\/emmapuxan.com\/ca\/#website\",\"url\":\"https:\/\/emmapuxan.com\/ca\/\",\"name\":\"EMMA PUXAN PSICOTERAPIA\",\"description\":\"Psicoterapia en Girona\",\"publisher\":{\"@id\":\"https:\/\/emmapuxan.com\/ca\/#organization\"},\"alternateName\":\"Piscologia y psicoterapia Girona\",\"potentialAction\":[{\"@type\":\"SearchAction\",\"target\":{\"@type\":\"EntryPoint\",\"urlTemplate\":\"https:\/\/emmapuxan.com\/ca\/?s={search_term_string}\"},\"query-input\":{\"@type\":\"PropertyValueSpecification\",\"valueRequired\":true,\"valueName\":\"search_term_string\"}}],\"inLanguage\":\"ca\"},{\"@type\":\"Organization\",\"@id\":\"https:\/\/emmapuxan.com\/ca\/#organization\",\"name\":\"EMMA PUXAN\",\"alternateName\":\"Psicolog\u00eda & Psicoterapia\",\"url\":\"https:\/\/emmapuxan.com\/ca\/\",\"logo\":{\"@type\":\"ImageObject\",\"inLanguage\":\"ca\",\"@id\":\"https:\/\/emmapuxan.com\/ca\/#\/schema\/logo\/image\/\",\"url\":\"https:\/\/emmapuxan.com\/wp-content\/uploads\/2025\/05\/icon-touch_emma.png\",\"contentUrl\":\"https:\/\/emmapuxan.com\/wp-content\/uploads\/2025\/05\/icon-touch_emma.png\",\"width\":297,\"height\":297,\"caption\":\"EMMA PUXAN\"},\"image\":{\"@id\":\"https:\/\/emmapuxan.com\/ca\/#\/schema\/logo\/image\/\"}}]}<\/script>\n<!-- \/ Yoast SEO plugin. -->","yoast_head_json":{"title":"Emma Puxan Psicoter\u00e0pia a Girona - EMMA PUXAN","description":"Emma Puxan Psicoter\u00e0pia a Girona, atenci\u00f3 per a adolescents, joves i adults. Acompanyament a cuidadors\/es, pares i mares d'adolescents.","robots":{"index":"index","follow":"follow","max-snippet":"max-snippet:-1","max-image-preview":"max-image-preview:large","max-video-preview":"max-video-preview:-1"},"canonical":"https:\/\/emmapuxan.com\/ca\/","og_locale":"ca_ES","og_type":"article","og_title":"Emma Puxan Psicoter\u00e0pia a Girona - EMMA PUXAN","og_description":"Emma Puxan Psicoter\u00e0pia a Girona, atenci\u00f3 per a adolescents, joves i adults. Acompanyament a cuidadors\/es, pares i mares d'adolescents.","og_url":"https:\/\/emmapuxan.com\/ca\/","og_site_name":"EMMA PUXAN","article_modified_time":"2025-06-06T15:22:52+00:00","og_image":[{"width":2400,"height":1250,"url":"https:\/\/emmapuxan.com\/wp-content\/uploads\/2025\/05\/cab-ondas2.jpg","type":"image\/jpeg"}],"twitter_card":"summary_large_image","twitter_misc":{"Temps estimat de lectura":"1 minut"},"schema":{"@context":"https:\/\/schema.org","@graph":[{"@type":"WebPage","@id":"https:\/\/emmapuxan.com\/ca\/","url":"https:\/\/emmapuxan.com\/ca\/","name":"Emma Puxan Psicoter\u00e0pia a Girona - EMMA PUXAN","isPartOf":{"@id":"https:\/\/emmapuxan.com\/ca\/#website"},"datePublished":"2025-05-07T14:57:56+00:00","dateModified":"2025-06-06T15:22:52+00:00","description":"Emma Puxan Psicoter\u00e0pia a Girona, atenci\u00f3 per a adolescents, joves i adults. Acompanyament a cuidadors\/es, pares i mares d'adolescents.","breadcrumb":{"@id":"https:\/\/emmapuxan.com\/ca\/#breadcrumb"},"inLanguage":"ca","potentialAction":[{"@type":"ReadAction","target":["https:\/\/emmapuxan.com\/ca\/"]}]},{"@type":"BreadcrumbList","@id":"https:\/\/emmapuxan.com\/ca\/#breadcrumb","itemListElement":[{"@type":"ListItem","position":1,"name":"Portada","item":"https:\/\/emmapuxan.com\/ca\/"},{"@type":"ListItem","position":2,"name":"Emma Puxan Psicoter\u00e0pia a Girona"}]},{"@type":"WebSite","@id":"https:\/\/emmapuxan.com\/ca\/#website","url":"https:\/\/emmapuxan.com\/ca\/","name":"EMMA PUXAN PSICOTERAPIA","description":"Psicoterapia en Girona","publisher":{"@id":"https:\/\/emmapuxan.com\/ca\/#organization"},"alternateName":"Piscologia y psicoterapia Girona","potentialAction":[{"@type":"SearchAction","target":{"@type":"EntryPoint","urlTemplate":"https:\/\/emmapuxan.com\/ca\/?s={search_term_string}"},"query-input":{"@type":"PropertyValueSpecification","valueRequired":true,"valueName":"search_term_string"}}],"inLanguage":"ca"},{"@type":"Organization","@id":"https:\/\/emmapuxan.com\/ca\/#organization","name":"EMMA PUXAN","alternateName":"Psicolog\u00eda & Psicoterapia","url":"https:\/\/emmapuxan.com\/ca\/","logo":{"@type":"ImageObject","inLanguage":"ca","@id":"https:\/\/emmapuxan.com\/ca\/#\/schema\/logo\/image\/","url":"https:\/\/emmapuxan.com\/wp-content\/uploads\/2025\/05\/icon-touch_emma.png","contentUrl":"https:\/\/emmapuxan.com\/wp-content\/uploads\/2025\/05\/icon-touch_emma.png","width":297,"height":297,"caption":"EMMA PUXAN"},"image":{"@id":"https:\/\/emmapuxan.com\/ca\/#\/schema\/logo\/image\/"}}]}},"_links":{"self":[{"href":"https:\/\/emmapuxan.com\/ca\/wp-json\/wp\/v2\/pages\/641","targetHints":{"allow":["GET"]}}],"collection":[{"href":"https:\/\/emmapuxan.com\/ca\/wp-json\/wp\/v2\/pages"}],"about":[{"href":"https:\/\/emmapuxan.com\/ca\/wp-json\/wp\/v2\/types\/page"}],"author":[{"embeddable":true,"href":"https:\/\/emmapuxan.com\/ca\/wp-json\/wp\/v2\/users\/1"}],"replies":[{"embeddable":true,"href":"https:\/\/emmapuxan.com\/ca\/wp-json\/wp\/v2\/comments?post=641"}],"version-history":[{"count":14,"href":"https:\/\/emmapuxan.com\/ca\/wp-json\/wp\/v2\/pages\/641\/revisions"}],"predecessor-version":[{"id":1470,"href":"https:\/\/emmapuxan.com\/ca\/wp-json\/wp\/v2\/pages\/641\/revisions\/1470"}],"wp:attachment":[{"href":"https:\/\/emmapuxan.com\/ca\/wp-json\/wp\/v2\/media?parent=641"}],"curies":[{"name":"wp","href":"https:\/\/api.w.org\/{rel}","templated":true}]}}