{"id":673,"date":"2025-02-07T15:15:58","date_gmt":"2025-02-07T14:15:58","guid":{"rendered":"https:\/\/emmapuxan.com\/qui-soc\/"},"modified":"2025-06-18T19:55:02","modified_gmt":"2025-06-18T17:55:02","slug":"qui-soc","status":"publish","type":"page","link":"https:\/\/emmapuxan.com\/ca\/qui-soc\/","title":{"rendered":"Qui soc"},"content":{"rendered":"<h1>Psic\u00f2loga<br \/>Terapeuta breu estrat\u00e8gica<br \/>Supervisora<\/h1>\n<div>\n<h2>Qui Soc<\/h2>\n<div>\n<p>Benvolgut\/da<\/p>\n<p>Soc l\u2019Emma Puxan.<\/p>\n<p>Si est\u00e0s consultant aquesta p\u00e0gina desitjar\u00e9 que sigui perqu\u00e8 alguna persona t\u2019ha passat el meu contacte i abans de decidir-te a trucar (o amb cita ja concertada) vols posar-me cara i fer un cop d\u2019ull al que faig.<\/p>\n<p>M\u00e9s endavant trobar\u00e0s en els \u00e0mbits en qu\u00e8 m\u2019he anat formant al llarg dels anys i el meu recorregut laboral. Suposo que res i tot del que hi ha escrit em defineix com a professional i com a persona. Crec que el que ens defineix est\u00e0 m\u00e9s en el Com donem entitat a tot all\u00f2 que sabem i vivim, a tot all\u00f2 en qu\u00e8 creiem. Com integro el que s\u00e9 i ho poso en joc, tant en un proc\u00e9s terap\u00e8utic com a la vida, aix\u00f2 no t\u2019ho puc explicar, ho has de venir a viure.<\/p>\n<p>Crec en la transformaci\u00f3 de les persones a trav\u00e9s d\u2019atrevir-se a narrar la pr\u00f2pia hist\u00f2ria i a escoltar-se a si mateixes en aquest relat. Una pe\u00e7a important per posar cos i emoci\u00f3 a les paraules i poder-les actualitzar. Els secrets i les paraules no dites ressonen a dins com un eco, es converteixen en creences i en lleis internes infranquejables i defineixen maneres d\u2019actuar i decisions vitals des d\u2019un lloc quasi inaccessible a la consci\u00e8ncia.\u00a0<\/p>\n<p>Trobar un espai on atendre la nostra hist\u00f2ria, permet desencallar petites coses que sempre han estat travades i permetre\u2019ns viure una nova versi\u00f3 de nosaltres mateixes.<\/p>\n<\/div>\n<\/div>\n<p><img decoding=\"async\" src=\"\/wp-content\/uploads\/2025\/02\/emma-about.jpg\" alt=\"\"><\/p>\n<h3>FORMACI\u00d3 PROFESSIONAL<\/h3>\n<div>\n<ul>\n<li>Llicenciada en <strong>Psicologia<\/strong> l\u2019any 2005 per la Universitat de Girona.<\/li>\n<li><strong>Col\u00b7legiada n\u00ba 18.384<\/strong> pel Col\u00b7legi Oficial de Psic\u00f2legs de Catalunya.<\/li>\n<li>T\u00edtol de <strong>Psic\u00f2loga General Sanit\u00e0ria<\/strong><\/li>\n<li>M\u00e0ster en <strong>Psicoter\u00e0pia Integradora<\/strong> per l\u2019Institut d\u2019Estudis de la Sexualitat i la Parella (IESP- Barcelona).<\/li>\n<li>M\u00e0ster en <strong>Ter\u00e0pia Breu Estrat\u00e8gica<\/strong> (IESP- Barcelona).<\/li>\n<li>Postgrau en <strong>Ter\u00e0pia de grups<\/strong> (IESP- Barcelona).<\/li>\n<li>Formaci\u00f3 de <strong>Ter\u00e0pia Gestalt<\/strong> a l\u2019Escola de Gestalt de Girona.<\/li>\n<li>Formaci\u00f3 en <strong>Trauma<\/strong> a l\u2019Escola ECOS.<\/li>\n<li>Formaci\u00f3 en<strong> Sistemes de fam\u00edlia interna<\/strong> (IFS) a l\u2019Escola ECOS.<\/li>\n<\/ul>\n<\/div>\n<h3>EXPERI\u00c8NCIA PROFESSIONAL<\/h3>\n<div>\n<ul>\n<li><strong>Psicoterapeuta<\/strong> d\u2019adolescents, joves i adults des de 2009.<\/li>\n<li><strong>Supervisora<\/strong> <strong>d\u2019equips<\/strong> de treball en l\u2019\u00e0mbit de relaci\u00f3 d\u2019ajuda des de 2019.<\/li>\n<li>Supervisions i <strong>formacions per a professionals<\/strong> de Serveis Socials\u00a0 de l&#8217;ajuntament de Girona i la UdG amb l&#8217;entitat PamAPamPsicologia (2015-21).<\/li>\n<li>Tasca com a<strong> mestra i psicopedagoga<\/strong> pel departament d\u2019ensenyament 2008-2016.<\/li>\n<li><strong>Educadora de Centre obert<\/strong> de joves amb risc d\u2019exclusi\u00f3 social 2005-2008.<\/li>\n<li>Acompanyament a infants i adolescents com a <strong>monitora<\/strong> en espais de lleure 2000-2009.<\/li>\n<\/ul>\n<\/div>\n<h1>+ de 20 anys acompanyant a persones<\/h1>\n<p><!--more--><br \/>\n<!-- {\"type\":\"layout\",\"children\":[{\"type\":\"section\",\"props\":{\"divider_height\":\"120\",\"divider_layers_gap\":\"5\",\"divider_layers_opacity\":\"0.5\",\"divider_position\":\"top\",\"divider_responsive\":true,\"divider_shadow_blur_radius\":\"5\",\"divider_shadow_color\":\"#00000080\",\"divider_shadow_offset_x\":\"0\",\"divider_shadow_offset_y\":\"5\",\"divider_width\":\"100\",\"header_transparent\":true,\"height\":\"pixels\",\"height_viewport\":600,\"image\":\"wp-content\\\/uploads\\\/2025\\\/06\\\/cab-quiensoy.jpg\",\"image_position\":\"center-center\",\"image_size\":\"cover\",\"media_overlay\":\"rgba(0, 0, 0, 0.23)\",\"padding\":\"large\",\"padding_custom_bottom\":\"70\",\"padding_custom_top\":\"70\",\"style\":\"default\",\"style_custom_color\":\"#ccc\",\"text_color\":\"light\",\"title_breakpoint\":\"xl\",\"title_position\":\"top-left\",\"title_rotation\":\"left\",\"vertical_align\":\"middle\",\"width\":\"default\"},\"children\":[{\"type\":\"row\",\"children\":[{\"type\":\"column\",\"props\":{\"image_position\":\"center-center\",\"position_sticky_breakpoint\":\"m\"},\"children\":[{\"type\":\"headline\",\"props\":{\"animation\":\"parallax\",\"content\":\"Psic\\u00f2loga<br \\\/>Terapeuta breu estrat\\u00e8gica<br \\\/>Supervisora\",\"margin_remove_top\":false,\"parallax_blur\":\"50\",\"parallax_opacity\":\"1,0\",\"parallax_scale\":\"0.5\",\"parallax_start\":\"55vh + 50%\",\"text_align\":\"center\",\"title_element\":\"h1\",\"title_style\":\"heading-medium\"}}]}]}]},{\"type\":\"section\",\"props\":{\"divider_color_inherit_section\":true,\"divider_height\":\"120\",\"divider_invert\":false,\"divider_layers_gap\":\"5\",\"divider_layers_opacity\":\"0.5\",\"divider_position\":\"top-outside\",\"divider_responsive\":true,\"divider_shadow_blur_radius\":\"5\",\"divider_shadow_color\":\"#00000080\",\"divider_shadow_offset_x\":\"0\",\"divider_shadow_offset_y\":\"5\",\"divider_shape\":\"blob-2\",\"divider_width\":\"100\",\"image_position\":\"center-center\",\"padding\":\"large\",\"padding_custom_bottom\":\"70\",\"padding_custom_top\":\"70\",\"padding_remove_bottom\":false,\"padding_remove_top\":false,\"style\":\"default\",\"style_custom_color\":\"#ccc\",\"title_breakpoint\":\"xl\",\"title_position\":\"top-left\",\"title_rotation\":\"left\",\"vertical_align\":\"\",\"width\":\"default\"},\"children\":[{\"type\":\"row\",\"children\":[{\"type\":\"column\",\"props\":{\"image_position\":\"center-center\",\"position_sticky_breakpoint\":\"m\",\"vertical_align\":\"middle\",\"width_small\":\"1-2\"},\"children\":[{\"type\":\"panel\",\"props\":{\"content\":\"\n\n<p>Benvolgut\\\/da<\\\/p>\\n\n\n<p>Soc l\\u2019Emma Puxan.<\\\/p>\\n\n\n<p>Si est\\u00e0s consultant aquesta p\\u00e0gina desitjar\\u00e9 que sigui perqu\\u00e8 alguna persona t\\u2019ha passat el meu contacte i abans de decidir-te a trucar (o amb cita ja concertada) vols posar-me cara i fer un cop d\\u2019ull al que faig.<\\\/p>\\n\n\n<p>M\\u00e9s endavant trobar\\u00e0s en els \\u00e0mbits en qu\\u00e8 m\\u2019he anat formant al llarg dels anys i el meu recorregut laboral. Suposo que res i tot del que hi ha escrit em defineix com a professional i com a persona. Crec que el que ens defineix est\\u00e0 m\\u00e9s en el Com donem entitat a tot all\\u00f2 que sabem i vivim, a tot all\\u00f2 en qu\\u00e8 creiem. Com integro el que s\\u00e9 i ho poso en joc, tant en un proc\\u00e9s terap\\u00e8utic com a la vida, aix\\u00f2 no t\\u2019ho puc explicar, ho has de venir a viure.<\\\/p>\\n\n\n<p>Crec en la transformaci\\u00f3 de les persones a trav\\u00e9s d\\u2019atrevir-se a narrar la pr\\u00f2pia hist\\u00f2ria i a escoltar-se a si mateixes en aquest relat. Una pe\\u00e7a important per posar cos i emoci\\u00f3 a les paraules i poder-les actualitzar. Els secrets i les paraules no dites ressonen a dins com un eco, es converteixen en creences i en lleis internes infranquejables i defineixen maneres d\\u2019actuar i decisions vitals des d\\u2019un lloc quasi inaccessible a la consci\\u00e8ncia.\\u00a0<\\\/p>\\n\n\n<p>Trobar un espai on atendre la nostra hist\\u00f2ria, permet desencallar petites coses que sempre han estat travades i permetre\\u2019ns viure una nova versi\\u00f3 de nosaltres mateixes.<\\\/p>\",\"content_column_breakpoint\":\"m\",\"content_margin\":\"medium\",\"icon_width\":80,\"image\":\"\",\"image_align\":\"right\",\"image_grid_breakpoint\":\"m\",\"image_grid_column_gap\":\"large\",\"image_grid_width\":\"1-2\",\"image_margin\":\"medium\",\"image_svg_animate\":false,\"image_svg_color\":\"primary\",\"image_svg_inline\":true,\"image_vertical_align\":true,\"link_margin\":\"large\",\"link_style\":\"text\",\"link_text\":\"\",\"margin\":\"default\",\"maxwidth\":\"xlarge\",\"meta_align\":\"below-title\",\"meta_element\":\"div\",\"meta_style\":\"text-meta\",\"position\":\"relative\",\"position_z_index\":\"1\",\"text_align\":\"justify\",\"text_align_fallback\":\"justify\",\"title\":\"Qui Soc\",\"title_align\":\"top\",\"title_element\":\"h2\",\"title_grid_breakpoint\":\"m\",\"title_grid_width\":\"1-2\",\"title_hover_style\":\"reset\",\"title_style\":\"heading-medium\"}}]},{\"type\":\"column\",\"props\":{\"image_position\":\"center-center\",\"position_sticky_breakpoint\":\"m\",\"width_small\":\"1-2\"},\"children\":[{\"type\":\"image\",\"props\":{\"animation\":\"none\",\"image\":\"wp-content\\\/uploads\\\/2025\\\/02\\\/emma-about.jpg\",\"image_svg_color\":\"emphasis\",\"image_width\":\"580\",\"margin\":\"default\",\"parallax_blur\":\"0 70%,100\",\"parallax_breakpoint\":\"s\",\"parallax_opacity\":\"1 70%,0\",\"parallax_start\":\"50vh\",\"parallax_y\":\"100,-100\"}}]}],\"props\":{\"column_gap\":\"large\",\"layout\":\"1-2,1-2\"}},{\"type\":\"row\",\"children\":[{\"type\":\"column\",\"props\":{\"image_position\":\"center-center\",\"position_sticky_breakpoint\":\"m\",\"width_small\":\"1-2\"},\"children\":[{\"type\":\"headline\",\"props\":{\"content\":\"FORMACI\\u00d3 PROFESSIONAL\",\"maxwidth\":\"2xlarge\",\"text_align\":\"left\",\"title_element\":\"h3\",\"title_style\":\"h3\"}},{\"type\":\"text\",\"props\":{\"column_breakpoint\":\"m\",\"content\":\"\n\n<ul>\\n\n\n<li>Llicenciada en <strong>Psicologia<\\\/strong> l\\u2019any 2005 per la Universitat de Girona.<\\\/li>\\n\n\n<li><strong>Col\\u00b7legiada n\\u00ba 18.384<\\\/strong> pel Col\\u00b7legi Oficial de Psic\\u00f2legs de Catalunya.<\\\/li>\\n\n\n<li>T\\u00edtol de <strong>Psic\\u00f2loga General Sanit\\u00e0ria<\\\/strong><\\\/li>\\n\n\n<li>M\\u00e0ster en <strong>Psicoter\\u00e0pia Integradora<\\\/strong> per l\\u2019Institut d\\u2019Estudis de la Sexualitat i la Parella (IESP- Barcelona).<\\\/li>\\n\n\n<li>M\\u00e0ster en <strong>Ter\\u00e0pia Breu Estrat\\u00e8gica<\\\/strong> (IESP- Barcelona).<\\\/li>\\n\n\n<li>Postgrau en <strong>Ter\\u00e0pia de grups<\\\/strong> (IESP- Barcelona).<\\\/li>\\n\n\n<li>Formaci\\u00f3 de <strong>Ter\\u00e0pia Gestalt<\\\/strong> a l\\u2019Escola de Gestalt de Girona.<\\\/li>\\n\n\n<li>Formaci\\u00f3 en <strong>Trauma<\\\/strong> a l\\u2019Escola ECOS.<\\\/li>\\n\n\n<li>Formaci\\u00f3 en<strong> Sistemes de fam\\u00edlia interna<\\\/strong> (IFS) a l\\u2019Escola ECOS.<\\\/li>\\n<\\\/ul>\",\"margin\":\"default\",\"maxwidth\":\"2xlarge\",\"text_align\":\"justify\"}}]},{\"type\":\"column\",\"props\":{\"image_position\":\"center-center\",\"position_sticky_breakpoint\":\"m\",\"width_small\":\"1-2\"},\"children\":[{\"type\":\"headline\",\"props\":{\"content\":\"EXPERI\\u00c8NCIA PROFESSIONAL\",\"margin\":\"default\",\"maxwidth\":\"2xlarge\",\"text_align\":\"left\",\"title_element\":\"h3\",\"title_style\":\"h3\"}},{\"type\":\"text\",\"props\":{\"column_breakpoint\":\"m\",\"content\":\"\n\n<ul>\\n\n\n<li><strong>Psicoterapeuta<\\\/strong> d\\u2019adolescents, joves i adults des de 2009.<\\\/li>\\n\n\n<li><strong>Supervisora<\\\/strong> <strong>d\\u2019equips<\\\/strong> de treball en l\\u2019\\u00e0mbit de relaci\\u00f3 d\\u2019ajuda des de 2019.<\\\/li>\\n\n\n<li>Supervisions i <strong>formacions per a professionals<\\\/strong> de Serveis Socials\\u00a0 de l'ajuntament de Girona i la UdG amb l'entitat PamAPamPsicologia (2015-21).<\\\/li>\\n\n\n<li>Tasca com a<strong> mestra i psicopedagoga<\\\/strong> pel departament d\\u2019ensenyament 2008-2016.<\\\/li>\\n\n\n<li><strong>Educadora de Centre obert<\\\/strong> de joves amb risc d\\u2019exclusi\\u00f3 social 2005-2008.<\\\/li>\\n\n\n<li>Acompanyament a infants i adolescents com a <strong>monitora<\\\/strong> en espais de lleure 2000-2009.<\\\/li>\\n<\\\/ul>\",\"margin\":\"default\",\"maxwidth\":\"2xlarge\",\"text_align\":\"justify\"}}]}],\"props\":{\"column_gap\":\"large\",\"layout\":\"1-2,1-2\",\"margin\":\"large\"}},{\"type\":\"row\",\"children\":[{\"type\":\"column\",\"props\":{\"image_position\":\"center-center\",\"position_sticky_breakpoint\":\"m\"},\"children\":[{\"type\":\"headline\",\"props\":{\"content\":\"+ de 20 anys acompanyant a persones\",\"text_align\":\"center\",\"title_element\":\"h1\",\"title_style\":\"h2\"}}]}]}],\"name\":\"About\"},{\"type\":\"section\",\"props\":{\"divider_height\":\"120\",\"divider_layers_gap\":\"5\",\"divider_layers_opacity\":\"0.5\",\"divider_position\":\"top\",\"divider_responsive\":true,\"divider_shadow_blur_radius\":\"5\",\"divider_shadow_color\":\"#00000080\",\"divider_shadow_offset_x\":\"0\",\"divider_shadow_offset_y\":\"5\",\"divider_width\":\"100\",\"image_position\":\"center-center\",\"padding\":\"small\",\"padding_custom_bottom\":\"70\",\"padding_custom_top\":\"70\",\"style\":\"default\",\"style_custom_color\":\"#ccc\",\"title_breakpoint\":\"xl\",\"title_position\":\"top-left\",\"title_rotation\":\"left\",\"vertical_align\":\"middle\",\"width\":\"default\"},\"children\":[{\"type\":\"row\",\"children\":[{\"type\":\"column\",\"props\":{\"image_position\":\"center-center\",\"position_sticky_breakpoint\":\"m\"}}]}]}],\"version\":\"4.5.13\"} --><\/p>\n","protected":false},"excerpt":{"rendered":"<p>Psic\u00f2logaTerapeuta breu estrat\u00e8gicaSupervisora Qui Soc Benvolgut\/da Soc l\u2019Emma Puxan. Si est\u00e0s consultant aquesta p\u00e0gina desitjar\u00e9 que sigui perqu\u00e8 alguna persona t\u2019ha passat el meu contacte i abans de decidir-te a trucar (o amb cita ja concertada) vols posar-me cara i fer un cop d\u2019ull al que faig. M\u00e9s endavant trobar\u00e0s en els \u00e0mbits en qu\u00e8 [&hellip;]<\/p>\n","protected":false},"author":1,"featured_media":0,"parent":0,"menu_order":0,"comment_status":"closed","ping_status":"closed","template":"","meta":{"_joinchat":[],"footnotes":""},"class_list":["post-673","page","type-page","status-publish","hentry"],"yoast_head":"<!-- This site is optimized with the Yoast SEO plugin v25.3 - https:\/\/yoast.com\/wordpress\/plugins\/seo\/ -->\n<title>Qui soc - EMMA PUXAN<\/title>\n<meta name=\"description\" content=\"Soy Emma Puxan Psic\u00f3loga y Psicoterapeuta\" \/>\n<meta name=\"robots\" content=\"index, follow, max-snippet:-1, max-image-preview:large, max-video-preview:-1\" \/>\n<link rel=\"canonical\" href=\"https:\/\/emmapuxan.com\/ca\/qui-soc\/\" \/>\n<meta property=\"og:locale\" content=\"ca_ES\" \/>\n<meta property=\"og:type\" content=\"article\" \/>\n<meta property=\"og:title\" content=\"Qui soc - EMMA PUXAN\" \/>\n<meta property=\"og:description\" content=\"Soy Emma Puxan Psic\u00f3loga y Psicoterapeuta\" \/>\n<meta property=\"og:url\" content=\"https:\/\/emmapuxan.com\/ca\/qui-soc\/\" \/>\n<meta property=\"og:site_name\" content=\"EMMA PUXAN\" \/>\n<meta property=\"article:modified_time\" content=\"2025-06-18T17:55:02+00:00\" \/>\n<meta property=\"og:image\" content=\"https:\/\/emmapuxan.com\/wp-content\/uploads\/2025\/05\/cab-ondas2.jpg\" \/>\n\t<meta property=\"og:image:width\" content=\"2400\" \/>\n\t<meta property=\"og:image:height\" content=\"1250\" \/>\n\t<meta property=\"og:image:type\" content=\"image\/jpeg\" \/>\n<meta name=\"twitter:card\" content=\"summary_large_image\" \/>\n<meta name=\"twitter:label1\" content=\"Temps estimat de lectura\" \/>\n\t<meta name=\"twitter:data1\" content=\"2 minuts\" \/>\n<script type=\"application\/ld+json\" class=\"yoast-schema-graph\">{\"@context\":\"https:\/\/schema.org\",\"@graph\":[{\"@type\":\"WebPage\",\"@id\":\"https:\/\/emmapuxan.com\/ca\/qui-soc\/\",\"url\":\"https:\/\/emmapuxan.com\/ca\/qui-soc\/\",\"name\":\"Qui soc - EMMA PUXAN\",\"isPartOf\":{\"@id\":\"https:\/\/emmapuxan.com\/ca\/#website\"},\"datePublished\":\"2025-02-07T14:15:58+00:00\",\"dateModified\":\"2025-06-18T17:55:02+00:00\",\"description\":\"Soy Emma Puxan Psic\u00f3loga y Psicoterapeuta\",\"breadcrumb\":{\"@id\":\"https:\/\/emmapuxan.com\/ca\/qui-soc\/#breadcrumb\"},\"inLanguage\":\"ca\",\"potentialAction\":[{\"@type\":\"ReadAction\",\"target\":[\"https:\/\/emmapuxan.com\/ca\/qui-soc\/\"]}]},{\"@type\":\"BreadcrumbList\",\"@id\":\"https:\/\/emmapuxan.com\/ca\/qui-soc\/#breadcrumb\",\"itemListElement\":[{\"@type\":\"ListItem\",\"position\":1,\"name\":\"Portada\",\"item\":\"https:\/\/emmapuxan.com\/ca\/\"},{\"@type\":\"ListItem\",\"position\":2,\"name\":\"Qui soc\"}]},{\"@type\":\"WebSite\",\"@id\":\"https:\/\/emmapuxan.com\/ca\/#website\",\"url\":\"https:\/\/emmapuxan.com\/ca\/\",\"name\":\"EMMA PUXAN PSICOTERAPIA\",\"description\":\"Psicoterapia en Girona\",\"publisher\":{\"@id\":\"https:\/\/emmapuxan.com\/ca\/#organization\"},\"alternateName\":\"Piscologia y psicoterapia Girona\",\"potentialAction\":[{\"@type\":\"SearchAction\",\"target\":{\"@type\":\"EntryPoint\",\"urlTemplate\":\"https:\/\/emmapuxan.com\/ca\/?s={search_term_string}\"},\"query-input\":{\"@type\":\"PropertyValueSpecification\",\"valueRequired\":true,\"valueName\":\"search_term_string\"}}],\"inLanguage\":\"ca\"},{\"@type\":\"Organization\",\"@id\":\"https:\/\/emmapuxan.com\/ca\/#organization\",\"name\":\"EMMA PUXAN\",\"alternateName\":\"Psicolog\u00eda & Psicoterapia\",\"url\":\"https:\/\/emmapuxan.com\/ca\/\",\"logo\":{\"@type\":\"ImageObject\",\"inLanguage\":\"ca\",\"@id\":\"https:\/\/emmapuxan.com\/ca\/#\/schema\/logo\/image\/\",\"url\":\"https:\/\/emmapuxan.com\/wp-content\/uploads\/2025\/05\/icon-touch_emma.png\",\"contentUrl\":\"https:\/\/emmapuxan.com\/wp-content\/uploads\/2025\/05\/icon-touch_emma.png\",\"width\":297,\"height\":297,\"caption\":\"EMMA PUXAN\"},\"image\":{\"@id\":\"https:\/\/emmapuxan.com\/ca\/#\/schema\/logo\/image\/\"}}]}<\/script>\n<!-- \/ Yoast SEO plugin. -->","yoast_head_json":{"title":"Qui soc - EMMA PUXAN","description":"Soy Emma Puxan Psic\u00f3loga y Psicoterapeuta","robots":{"index":"index","follow":"follow","max-snippet":"max-snippet:-1","max-image-preview":"max-image-preview:large","max-video-preview":"max-video-preview:-1"},"canonical":"https:\/\/emmapuxan.com\/ca\/qui-soc\/","og_locale":"ca_ES","og_type":"article","og_title":"Qui soc - EMMA PUXAN","og_description":"Soy Emma Puxan Psic\u00f3loga y Psicoterapeuta","og_url":"https:\/\/emmapuxan.com\/ca\/qui-soc\/","og_site_name":"EMMA PUXAN","article_modified_time":"2025-06-18T17:55:02+00:00","og_image":[{"width":2400,"height":1250,"url":"https:\/\/emmapuxan.com\/wp-content\/uploads\/2025\/05\/cab-ondas2.jpg","type":"image\/jpeg"}],"twitter_card":"summary_large_image","twitter_misc":{"Temps estimat de lectura":"2 minuts"},"schema":{"@context":"https:\/\/schema.org","@graph":[{"@type":"WebPage","@id":"https:\/\/emmapuxan.com\/ca\/qui-soc\/","url":"https:\/\/emmapuxan.com\/ca\/qui-soc\/","name":"Qui soc - EMMA PUXAN","isPartOf":{"@id":"https:\/\/emmapuxan.com\/ca\/#website"},"datePublished":"2025-02-07T14:15:58+00:00","dateModified":"2025-06-18T17:55:02+00:00","description":"Soy Emma Puxan Psic\u00f3loga y Psicoterapeuta","breadcrumb":{"@id":"https:\/\/emmapuxan.com\/ca\/qui-soc\/#breadcrumb"},"inLanguage":"ca","potentialAction":[{"@type":"ReadAction","target":["https:\/\/emmapuxan.com\/ca\/qui-soc\/"]}]},{"@type":"BreadcrumbList","@id":"https:\/\/emmapuxan.com\/ca\/qui-soc\/#breadcrumb","itemListElement":[{"@type":"ListItem","position":1,"name":"Portada","item":"https:\/\/emmapuxan.com\/ca\/"},{"@type":"ListItem","position":2,"name":"Qui soc"}]},{"@type":"WebSite","@id":"https:\/\/emmapuxan.com\/ca\/#website","url":"https:\/\/emmapuxan.com\/ca\/","name":"EMMA PUXAN PSICOTERAPIA","description":"Psicoterapia en Girona","publisher":{"@id":"https:\/\/emmapuxan.com\/ca\/#organization"},"alternateName":"Piscologia y psicoterapia Girona","potentialAction":[{"@type":"SearchAction","target":{"@type":"EntryPoint","urlTemplate":"https:\/\/emmapuxan.com\/ca\/?s={search_term_string}"},"query-input":{"@type":"PropertyValueSpecification","valueRequired":true,"valueName":"search_term_string"}}],"inLanguage":"ca"},{"@type":"Organization","@id":"https:\/\/emmapuxan.com\/ca\/#organization","name":"EMMA PUXAN","alternateName":"Psicolog\u00eda & Psicoterapia","url":"https:\/\/emmapuxan.com\/ca\/","logo":{"@type":"ImageObject","inLanguage":"ca","@id":"https:\/\/emmapuxan.com\/ca\/#\/schema\/logo\/image\/","url":"https:\/\/emmapuxan.com\/wp-content\/uploads\/2025\/05\/icon-touch_emma.png","contentUrl":"https:\/\/emmapuxan.com\/wp-content\/uploads\/2025\/05\/icon-touch_emma.png","width":297,"height":297,"caption":"EMMA PUXAN"},"image":{"@id":"https:\/\/emmapuxan.com\/ca\/#\/schema\/logo\/image\/"}}]}},"_links":{"self":[{"href":"https:\/\/emmapuxan.com\/ca\/wp-json\/wp\/v2\/pages\/673","targetHints":{"allow":["GET"]}}],"collection":[{"href":"https:\/\/emmapuxan.com\/ca\/wp-json\/wp\/v2\/pages"}],"about":[{"href":"https:\/\/emmapuxan.com\/ca\/wp-json\/wp\/v2\/types\/page"}],"author":[{"embeddable":true,"href":"https:\/\/emmapuxan.com\/ca\/wp-json\/wp\/v2\/users\/1"}],"replies":[{"embeddable":true,"href":"https:\/\/emmapuxan.com\/ca\/wp-json\/wp\/v2\/comments?post=673"}],"version-history":[{"count":26,"href":"https:\/\/emmapuxan.com\/ca\/wp-json\/wp\/v2\/pages\/673\/revisions"}],"predecessor-version":[{"id":1504,"href":"https:\/\/emmapuxan.com\/ca\/wp-json\/wp\/v2\/pages\/673\/revisions\/1504"}],"wp:attachment":[{"href":"https:\/\/emmapuxan.com\/ca\/wp-json\/wp\/v2\/media?parent=673"}],"curies":[{"name":"wp","href":"https:\/\/api.w.org\/{rel}","templated":true}]}}