{"id":876,"date":"2025-05-08T19:47:30","date_gmt":"2025-05-08T17:47:30","guid":{"rendered":"https:\/\/emmapuxan.com\/?page_id=876"},"modified":"2025-05-16T12:04:04","modified_gmt":"2025-05-16T10:04:04","slug":"avis-legal","status":"publish","type":"page","link":"https:\/\/emmapuxan.com\/ca\/avis-legal\/","title":{"rendered":"Av\u00eds legal"},"content":{"rendered":"<h1>Av\u00eds legal<\/h1>\n<div>\n<p>Emma Puxan, titular de la p\u00e0gina web emmapuxan.com, prove\u00eft amb NIF 40361336Q, adre\u00e7a Carrer del Mestre Francesc Civil, 8, 17005 Girona, no poden assumir cap responsabilitat derivada de l&#8217;\u00fas incorrecte, inapropiat o il\u00b7l\u00edcit de la informaci\u00f3 apareguda en les p\u00e0gines d&#8217;Internet d&#8217;emmapuxan.com.<\/p>\n<p>Amb els l\u00edmits establerts en la llei, Emma Puxan no assumeix cap responsabilitat derivada de la falta de veracitat, integritat, actualitzaci\u00f3 i precisi\u00f3 de les dades o informacions que es contenen en les seves p\u00e0gines d&#8217;Internet www.emmapuxan.com.<\/p>\n<p>Els continguts i informaci\u00f3 no vinculen a Emma Puxan ni constitueixen opinions, consells o assessorament legal de cap mena perqu\u00e8 es tracta merament d&#8217;un servei ofert amb car\u00e0cter informatiu i divulgatiu.<\/p>\n<p>Les p\u00e0gines d&#8217;Internet de www.emmapuxan.com poden contenir enlla\u00e7os a altres p\u00e0gines de terceres parts que Emma Puxan no pot controlar. Per tant, www.emmapuxan.com no pot assumir responsabilitats pel contingut que pugui apar\u00e8ixer en p\u00e0gines de tercers.<\/p>\n<p>Els textos, imatges, sons, animacions, programari i la resta de continguts inclosos en aquest website s\u00f3n propietat exclusiva de www.emmapuxan.com o els seus titulars. Qualsevol acte de transmissi\u00f3, distribuci\u00f3, cessi\u00f3, reproducci\u00f3, emmagatzematge o comunicaci\u00f3 p\u00fablica total o parcial, ha de comptar amb el consentiment expr\u00e9s d&#8217;Emma Puxan.<\/p>\n<p>Aix\u00ed mateix, per a accedir a alguns dels serveis que www.emmapuxan.com ofereix a trav\u00e9s del website haur\u00e0 de proporcionar algunes dades de car\u00e0cter personal. En compliment del que s&#8217;estableix en el Reglament (UE) 2016\/679 del Parlament Europeu i del Consell, de 27 d&#8217;abril de 2016, relatiu a la protecci\u00f3 de les persones f\u00edsiques pel que fa al tractament de dades personals i a la lliure circulaci\u00f3 d&#8217;aquestes dades l&#8217;informem que, mitjan\u00e7ant l&#8217;emplenament dels presents formularis, les seves dades personals quedaran incorporats i seran tractats per Emma Puxan amb la finalitat de poder-li prestar i oferir els seus serveis, i per a informar-lo dels serveis que ofereix, aix\u00ed com de les millores del lloc web. Aix\u00ed mateix, l&#8217;informem de la possibilitat que exerceixi els drets d&#8217;acc\u00e9s, rectificaci\u00f3, cancel\u00b7laci\u00f3 i oposici\u00f3 de les seves dades de car\u00e0cter personal, de manera gratu\u00efta mitjan\u00e7ant email a info@emmapuxan.com o en l&#8217;adre\u00e7a Carrer del Mestre Francesc Civil, 8, 17005 Girona.<\/p>\n<\/div>\n<p><!--more--><br \/>\n<!-- {\"type\":\"layout\",\"children\":[{\"type\":\"section\",\"props\":{\"divider_height\":\"120\",\"divider_layers_gap\":\"5\",\"divider_layers_opacity\":\"0.5\",\"divider_position\":\"top\",\"divider_responsive\":true,\"divider_shadow_blur_radius\":\"5\",\"divider_shadow_color\":\"#00000080\",\"divider_shadow_offset_x\":\"0\",\"divider_shadow_offset_y\":\"5\",\"divider_width\":\"100\",\"header_transparent\":true,\"height_viewport\":600,\"image\":\"wp-content\\\/uploads\\\/2025\\\/05\\\/cab-ondas2.jpg\",\"image_position\":\"center-center\",\"image_size\":\"cover\",\"media_overlay\":\"rgba(0, 0, 0, 0.15)\",\"padding\":\"large\",\"padding_custom_bottom\":\"70\",\"padding_custom_top\":\"70\",\"padding_remove_top\":false,\"style\":\"default\",\"style_custom_color\":\"#ccc\",\"text_color\":\"light\",\"title_breakpoint\":\"xl\",\"title_position\":\"top-left\",\"title_rotation\":\"left\",\"vertical_align\":\"middle\",\"width\":\"small\"},\"children\":[{\"type\":\"row\",\"children\":[{\"type\":\"column\",\"props\":{\"image_position\":\"center-center\",\"position_sticky_breakpoint\":\"m\"},\"children\":[{\"type\":\"headline\",\"props\":{\"content\":\"Av\\u00eds legal\",\"title_element\":\"h1\"}}]}]}]},{\"type\":\"section\",\"props\":{\"divider_color_inherit_section\":true,\"divider_height\":\"120\",\"divider_layers_gap\":\"5\",\"divider_layers_opacity\":\"0.5\",\"divider_position\":\"top-outside\",\"divider_responsive\":true,\"divider_shadow_blur_radius\":\"5\",\"divider_shadow_color\":\"#00000080\",\"divider_shadow_offset_x\":\"0\",\"divider_shadow_offset_y\":\"5\",\"divider_shape\":\"blob-2\",\"divider_width\":\"100\",\"image_position\":\"center-center\",\"padding_custom_bottom\":\"70\",\"padding_custom_top\":\"70\",\"style\":\"default\",\"style_custom_color\":\"#ccc\",\"title_breakpoint\":\"xl\",\"title_position\":\"top-left\",\"title_rotation\":\"left\",\"vertical_align\":\"middle\",\"width\":\"small\"},\"children\":[{\"type\":\"row\",\"children\":[{\"type\":\"column\",\"props\":{\"image_position\":\"center-center\",\"position_sticky_breakpoint\":\"m\"},\"children\":[{\"type\":\"text\",\"props\":{\"column_breakpoint\":\"m\",\"content\":\"\n\n<p>Emma Puxan, titular de la p\\u00e0gina web emmapuxan.com, prove\\u00eft amb NIF 40361336Q, adre\\u00e7a Carrer del Mestre Francesc Civil, 8, 17005 Girona, no poden assumir cap responsabilitat derivada de l'\\u00fas incorrecte, inapropiat o il\\u00b7l\\u00edcit de la informaci\\u00f3 apareguda en les p\\u00e0gines d'Internet d'emmapuxan.com.<\\\/p>\\n\n\n<p>Amb els l\\u00edmits establerts en la llei, Emma Puxan no assumeix cap responsabilitat derivada de la falta de veracitat, integritat, actualitzaci\\u00f3 i precisi\\u00f3 de les dades o informacions que es contenen en les seves p\\u00e0gines d'Internet www.emmapuxan.com.<\\\/p>\\n\n\n<p>Els continguts i informaci\\u00f3 no vinculen a Emma Puxan ni constitueixen opinions, consells o assessorament legal de cap mena perqu\\u00e8 es tracta merament d'un servei ofert amb car\\u00e0cter informatiu i divulgatiu.<\\\/p>\\n\n\n<p>Les p\\u00e0gines d'Internet de www.emmapuxan.com poden contenir enlla\\u00e7os a altres p\\u00e0gines de terceres parts que Emma Puxan no pot controlar. Per tant, www.emmapuxan.com no pot assumir responsabilitats pel contingut que pugui apar\\u00e8ixer en p\\u00e0gines de tercers.<\\\/p>\\n\n\n<p>Els textos, imatges, sons, animacions, programari i la resta de continguts inclosos en aquest website s\\u00f3n propietat exclusiva de www.emmapuxan.com o els seus titulars. Qualsevol acte de transmissi\\u00f3, distribuci\\u00f3, cessi\\u00f3, reproducci\\u00f3, emmagatzematge o comunicaci\\u00f3 p\\u00fablica total o parcial, ha de comptar amb el consentiment expr\\u00e9s d'Emma Puxan.<\\\/p>\\n\n\n<p>Aix\\u00ed mateix, per a accedir a alguns dels serveis que www.emmapuxan.com ofereix a trav\\u00e9s del website haur\\u00e0 de proporcionar algunes dades de car\\u00e0cter personal. En compliment del que s'estableix en el Reglament (UE) 2016\\\/679 del Parlament Europeu i del Consell, de 27 d'abril de 2016, relatiu a la protecci\\u00f3 de les persones f\\u00edsiques pel que fa al tractament de dades personals i a la lliure circulaci\\u00f3 d'aquestes dades l'informem que, mitjan\\u00e7ant l'emplenament dels presents formularis, les seves dades personals quedaran incorporats i seran tractats per Emma Puxan amb la finalitat de poder-li prestar i oferir els seus serveis, i per a informar-lo dels serveis que ofereix, aix\\u00ed com de les millores del lloc web. Aix\\u00ed mateix, l'informem de la possibilitat que exerceixi els drets d'acc\\u00e9s, rectificaci\\u00f3, cancel\\u00b7laci\\u00f3 i oposici\\u00f3 de les seves dades de car\\u00e0cter personal, de manera gratu\\u00efta mitjan\\u00e7ant email a info@emmapuxan.com o en l'adre\\u00e7a Carrer del Mestre Francesc Civil, 8, 17005 Girona.<\\\/p>\",\"margin\":\"default\"}}]}]},{\"type\":\"row\",\"children\":[{\"type\":\"column\",\"props\":{\"image_position\":\"center-center\",\"position_sticky_breakpoint\":\"m\"}}]}]}],\"version\":\"4.5.13\"} --><\/p>\n","protected":false},"excerpt":{"rendered":"<p>Av\u00eds legal Emma Puxan, titular de la p\u00e0gina web emmapuxan.com, prove\u00eft amb NIF 40361336Q, adre\u00e7a Carrer del Mestre Francesc Civil, 8, 17005 Girona, no poden assumir cap responsabilitat derivada de l&#8217;\u00fas incorrecte, inapropiat o il\u00b7l\u00edcit de la informaci\u00f3 apareguda en les p\u00e0gines d&#8217;Internet d&#8217;emmapuxan.com. Amb els l\u00edmits establerts en la llei, Emma Puxan no assumeix [&hellip;]<\/p>\n","protected":false},"author":1,"featured_media":0,"parent":0,"menu_order":0,"comment_status":"closed","ping_status":"closed","template":"","meta":{"_joinchat":[],"footnotes":""},"class_list":["post-876","page","type-page","status-publish","hentry"],"yoast_head":"<!-- This site is optimized with the Yoast SEO plugin v25.3 - https:\/\/yoast.com\/wordpress\/plugins\/seo\/ -->\n<title>Av\u00eds legal - EMMA PUXAN<\/title>\n<meta name=\"robots\" content=\"index, follow, max-snippet:-1, max-image-preview:large, max-video-preview:-1\" \/>\n<link rel=\"canonical\" href=\"https:\/\/emmapuxan.com\/ca\/avis-legal\/\" \/>\n<meta property=\"og:locale\" content=\"ca_ES\" \/>\n<meta property=\"og:type\" content=\"article\" \/>\n<meta property=\"og:title\" content=\"Av\u00eds legal - EMMA PUXAN\" \/>\n<meta property=\"og:description\" content=\"Av\u00eds legal Emma Puxan, titular de la p\u00e0gina web emmapuxan.com, prove\u00eft amb NIF 40361336Q, adre\u00e7a Carrer del Mestre Francesc Civil, 8, 17005 Girona, no poden assumir cap responsabilitat derivada de l&#8217;\u00fas incorrecte, inapropiat o il\u00b7l\u00edcit de la informaci\u00f3 apareguda en les p\u00e0gines d&#8217;Internet d&#8217;emmapuxan.com. Amb els l\u00edmits establerts en la llei, Emma Puxan no assumeix [&hellip;]\" \/>\n<meta property=\"og:url\" content=\"https:\/\/emmapuxan.com\/ca\/avis-legal\/\" \/>\n<meta property=\"og:site_name\" content=\"EMMA PUXAN\" \/>\n<meta property=\"article:modified_time\" content=\"2025-05-16T10:04:04+00:00\" \/>\n<meta property=\"og:image\" content=\"https:\/\/emmapuxan.com\/wp-content\/uploads\/2025\/05\/cab-ondas2.jpg\" \/>\n\t<meta property=\"og:image:width\" content=\"2400\" \/>\n\t<meta property=\"og:image:height\" content=\"1250\" \/>\n\t<meta property=\"og:image:type\" content=\"image\/jpeg\" \/>\n<meta name=\"twitter:card\" content=\"summary_large_image\" \/>\n<meta name=\"twitter:label1\" content=\"Temps estimat de lectura\" \/>\n\t<meta name=\"twitter:data1\" content=\"2 minuts\" \/>\n<script type=\"application\/ld+json\" class=\"yoast-schema-graph\">{\"@context\":\"https:\/\/schema.org\",\"@graph\":[{\"@type\":\"WebPage\",\"@id\":\"https:\/\/emmapuxan.com\/ca\/avis-legal\/\",\"url\":\"https:\/\/emmapuxan.com\/ca\/avis-legal\/\",\"name\":\"Av\u00eds legal - EMMA PUXAN\",\"isPartOf\":{\"@id\":\"https:\/\/emmapuxan.com\/ca\/#website\"},\"datePublished\":\"2025-05-08T17:47:30+00:00\",\"dateModified\":\"2025-05-16T10:04:04+00:00\",\"breadcrumb\":{\"@id\":\"https:\/\/emmapuxan.com\/ca\/avis-legal\/#breadcrumb\"},\"inLanguage\":\"ca\",\"potentialAction\":[{\"@type\":\"ReadAction\",\"target\":[\"https:\/\/emmapuxan.com\/ca\/avis-legal\/\"]}]},{\"@type\":\"BreadcrumbList\",\"@id\":\"https:\/\/emmapuxan.com\/ca\/avis-legal\/#breadcrumb\",\"itemListElement\":[{\"@type\":\"ListItem\",\"position\":1,\"name\":\"Portada\",\"item\":\"https:\/\/emmapuxan.com\/ca\/\"},{\"@type\":\"ListItem\",\"position\":2,\"name\":\"Av\u00eds legal\"}]},{\"@type\":\"WebSite\",\"@id\":\"https:\/\/emmapuxan.com\/ca\/#website\",\"url\":\"https:\/\/emmapuxan.com\/ca\/\",\"name\":\"EMMA PUXAN PSICOTERAPIA\",\"description\":\"Psicoterapia en Girona\",\"publisher\":{\"@id\":\"https:\/\/emmapuxan.com\/ca\/#organization\"},\"alternateName\":\"Piscologia y psicoterapia Girona\",\"potentialAction\":[{\"@type\":\"SearchAction\",\"target\":{\"@type\":\"EntryPoint\",\"urlTemplate\":\"https:\/\/emmapuxan.com\/ca\/?s={search_term_string}\"},\"query-input\":{\"@type\":\"PropertyValueSpecification\",\"valueRequired\":true,\"valueName\":\"search_term_string\"}}],\"inLanguage\":\"ca\"},{\"@type\":\"Organization\",\"@id\":\"https:\/\/emmapuxan.com\/ca\/#organization\",\"name\":\"EMMA PUXAN\",\"alternateName\":\"Psicolog\u00eda & Psicoterapia\",\"url\":\"https:\/\/emmapuxan.com\/ca\/\",\"logo\":{\"@type\":\"ImageObject\",\"inLanguage\":\"ca\",\"@id\":\"https:\/\/emmapuxan.com\/ca\/#\/schema\/logo\/image\/\",\"url\":\"https:\/\/emmapuxan.com\/wp-content\/uploads\/2025\/05\/icon-touch_emma.png\",\"contentUrl\":\"https:\/\/emmapuxan.com\/wp-content\/uploads\/2025\/05\/icon-touch_emma.png\",\"width\":297,\"height\":297,\"caption\":\"EMMA PUXAN\"},\"image\":{\"@id\":\"https:\/\/emmapuxan.com\/ca\/#\/schema\/logo\/image\/\"}}]}<\/script>\n<!-- \/ Yoast SEO plugin. -->","yoast_head_json":{"title":"Av\u00eds legal - EMMA PUXAN","robots":{"index":"index","follow":"follow","max-snippet":"max-snippet:-1","max-image-preview":"max-image-preview:large","max-video-preview":"max-video-preview:-1"},"canonical":"https:\/\/emmapuxan.com\/ca\/avis-legal\/","og_locale":"ca_ES","og_type":"article","og_title":"Av\u00eds legal - EMMA PUXAN","og_description":"Av\u00eds legal Emma Puxan, titular de la p\u00e0gina web emmapuxan.com, prove\u00eft amb NIF 40361336Q, adre\u00e7a Carrer del Mestre Francesc Civil, 8, 17005 Girona, no poden assumir cap responsabilitat derivada de l&#8217;\u00fas incorrecte, inapropiat o il\u00b7l\u00edcit de la informaci\u00f3 apareguda en les p\u00e0gines d&#8217;Internet d&#8217;emmapuxan.com. Amb els l\u00edmits establerts en la llei, Emma Puxan no assumeix [&hellip;]","og_url":"https:\/\/emmapuxan.com\/ca\/avis-legal\/","og_site_name":"EMMA PUXAN","article_modified_time":"2025-05-16T10:04:04+00:00","og_image":[{"width":2400,"height":1250,"url":"https:\/\/emmapuxan.com\/wp-content\/uploads\/2025\/05\/cab-ondas2.jpg","type":"image\/jpeg"}],"twitter_card":"summary_large_image","twitter_misc":{"Temps estimat de lectura":"2 minuts"},"schema":{"@context":"https:\/\/schema.org","@graph":[{"@type":"WebPage","@id":"https:\/\/emmapuxan.com\/ca\/avis-legal\/","url":"https:\/\/emmapuxan.com\/ca\/avis-legal\/","name":"Av\u00eds legal - EMMA PUXAN","isPartOf":{"@id":"https:\/\/emmapuxan.com\/ca\/#website"},"datePublished":"2025-05-08T17:47:30+00:00","dateModified":"2025-05-16T10:04:04+00:00","breadcrumb":{"@id":"https:\/\/emmapuxan.com\/ca\/avis-legal\/#breadcrumb"},"inLanguage":"ca","potentialAction":[{"@type":"ReadAction","target":["https:\/\/emmapuxan.com\/ca\/avis-legal\/"]}]},{"@type":"BreadcrumbList","@id":"https:\/\/emmapuxan.com\/ca\/avis-legal\/#breadcrumb","itemListElement":[{"@type":"ListItem","position":1,"name":"Portada","item":"https:\/\/emmapuxan.com\/ca\/"},{"@type":"ListItem","position":2,"name":"Av\u00eds legal"}]},{"@type":"WebSite","@id":"https:\/\/emmapuxan.com\/ca\/#website","url":"https:\/\/emmapuxan.com\/ca\/","name":"EMMA PUXAN PSICOTERAPIA","description":"Psicoterapia en Girona","publisher":{"@id":"https:\/\/emmapuxan.com\/ca\/#organization"},"alternateName":"Piscologia y psicoterapia Girona","potentialAction":[{"@type":"SearchAction","target":{"@type":"EntryPoint","urlTemplate":"https:\/\/emmapuxan.com\/ca\/?s={search_term_string}"},"query-input":{"@type":"PropertyValueSpecification","valueRequired":true,"valueName":"search_term_string"}}],"inLanguage":"ca"},{"@type":"Organization","@id":"https:\/\/emmapuxan.com\/ca\/#organization","name":"EMMA PUXAN","alternateName":"Psicolog\u00eda & Psicoterapia","url":"https:\/\/emmapuxan.com\/ca\/","logo":{"@type":"ImageObject","inLanguage":"ca","@id":"https:\/\/emmapuxan.com\/ca\/#\/schema\/logo\/image\/","url":"https:\/\/emmapuxan.com\/wp-content\/uploads\/2025\/05\/icon-touch_emma.png","contentUrl":"https:\/\/emmapuxan.com\/wp-content\/uploads\/2025\/05\/icon-touch_emma.png","width":297,"height":297,"caption":"EMMA PUXAN"},"image":{"@id":"https:\/\/emmapuxan.com\/ca\/#\/schema\/logo\/image\/"}}]}},"_links":{"self":[{"href":"https:\/\/emmapuxan.com\/ca\/wp-json\/wp\/v2\/pages\/876","targetHints":{"allow":["GET"]}}],"collection":[{"href":"https:\/\/emmapuxan.com\/ca\/wp-json\/wp\/v2\/pages"}],"about":[{"href":"https:\/\/emmapuxan.com\/ca\/wp-json\/wp\/v2\/types\/page"}],"author":[{"embeddable":true,"href":"https:\/\/emmapuxan.com\/ca\/wp-json\/wp\/v2\/users\/1"}],"replies":[{"embeddable":true,"href":"https:\/\/emmapuxan.com\/ca\/wp-json\/wp\/v2\/comments?post=876"}],"version-history":[{"count":6,"href":"https:\/\/emmapuxan.com\/ca\/wp-json\/wp\/v2\/pages\/876\/revisions"}],"predecessor-version":[{"id":1185,"href":"https:\/\/emmapuxan.com\/ca\/wp-json\/wp\/v2\/pages\/876\/revisions\/1185"}],"wp:attachment":[{"href":"https:\/\/emmapuxan.com\/ca\/wp-json\/wp\/v2\/media?parent=876"}],"curies":[{"name":"wp","href":"https:\/\/api.w.org\/{rel}","templated":true}]}}